{"id":28263,"date":"2026-03-12T00:10:51","date_gmt":"2026-03-11T23:10:51","guid":{"rendered":"https:\/\/antiquariat-steinbach.com\/rarebooks\/produkt\/incunable-leaf-grueninger-terenz-publius-terentius-afer-comoediae\/"},"modified":"2026-03-12T00:10:52","modified_gmt":"2026-03-11T23:10:52","slug":"incunable-leaf-grueninger-terenz-publius-terentius-afer-comoediae","status":"publish","type":"product","link":"https:\/\/antiquariat-steinbach.com\/rarebooks\/produkt\/incunable-leaf-grueninger-terenz-publius-terentius-afer-comoediae\/","title":{"rendered":"Incunable leaf &#8211; Gr\u00fcninger &#8211;   Terenz (Publius Terentius Afer) &#8211;  Comoediae."},"content":{"rendered":"<p>Stra\u00dfburg, Gr\u00fcninger, I..XI. 1496,<\/p>\n<p>30,5 : 21 cm. One leaf with one woodcut.<\/p>\n<p>300,00 EUR<\/p>\n","protected":false},"excerpt":{"rendered":"<p>Leaf LXX &#8218;Secundus actus&#8216; from the &#8222;Heautontimorumenos&#8220;. The woodcut shows the two protagonists of the play. &#8211; With some old annotations. &#8211; Hain\/Copinger 15431; Goff T-94; GW M45481.<\/p>\n","protected":false},"featured_media":28265,"template":"","meta":[],"product_brand":[],"product_cat":[153,131,278,914],"product_tag":[],"class_list":{"0":"post-28263","1":"product","2":"type-product","3":"status-publish","4":"has-post-thumbnail","6":"product_cat-graphik","7":"product_cat-holzschnittbuech","8":"product_cat-inkunabeln","9":"product_cat-zvab","11":"first","12":"instock","13":"purchasable","14":"product-type-simple"},"_links":{"self":[{"href":"https:\/\/antiquariat-steinbach.com\/rarebooks\/wp-json\/wp\/v2\/product\/28263","targetHints":{"allow":["GET"]}}],"collection":[{"href":"https:\/\/antiquariat-steinbach.com\/rarebooks\/wp-json\/wp\/v2\/product"}],"about":[{"href":"https:\/\/antiquariat-steinbach.com\/rarebooks\/wp-json\/wp\/v2\/types\/product"}],"version-history":[{"count":1,"href":"https:\/\/antiquariat-steinbach.com\/rarebooks\/wp-json\/wp\/v2\/product\/28263\/revisions"}],"predecessor-version":[{"id":28264,"href":"https:\/\/antiquariat-steinbach.com\/rarebooks\/wp-json\/wp\/v2\/product\/28263\/revisions\/28264"}],"wp:featuredmedia":[{"embeddable":true,"href":"https:\/\/antiquariat-steinbach.com\/rarebooks\/wp-json\/wp\/v2\/media\/28265"}],"wp:attachment":[{"href":"https:\/\/antiquariat-steinbach.com\/rarebooks\/wp-json\/wp\/v2\/media?parent=28263"}],"wp:term":[{"taxonomy":"product_brand","embeddable":true,"href":"https:\/\/antiquariat-steinbach.com\/rarebooks\/wp-json\/wp\/v2\/product_brand?post=28263"},{"taxonomy":"product_cat","embeddable":true,"href":"https:\/\/antiquariat-steinbach.com\/rarebooks\/wp-json\/wp\/v2\/product_cat?post=28263"},{"taxonomy":"product_tag","embeddable":true,"href":"https:\/\/antiquariat-steinbach.com\/rarebooks\/wp-json\/wp\/v2\/product_tag?post=28263"}],"curies":[{"name":"wp","href":"https:\/\/api.w.org\/{rel}","templated":true}]}}