{"id":28204,"date":"2026-03-12T00:02:50","date_gmt":"2026-03-11T23:02:50","guid":{"rendered":"https:\/\/antiquariat-steinbach.com\/rarebooks\/produkt\/campendonk-campendonk-heinrich-matthias-engals-heinrich-campendonk-gemaelde-aquarelle-hinterglasbilder-grafik\/"},"modified":"2026-03-12T00:02:50","modified_gmt":"2026-03-11T23:02:50","slug":"campendonk-campendonk-heinrich-matthias-engals-heinrich-campendonk-gemaelde-aquarelle-hinterglasbilder-grafik","status":"publish","type":"product","link":"https:\/\/antiquariat-steinbach.com\/rarebooks\/produkt\/campendonk-campendonk-heinrich-matthias-engals-heinrich-campendonk-gemaelde-aquarelle-hinterglasbilder-grafik\/","title":{"rendered":"Campendonk &#8211;   Campendonk, Heinrich, Matthias Engals. &#8211;  Heinrich Campendonk Gem\u00e4lde, Aquarelle, Hinterglasbilder, Grafik."},"content":{"rendered":"<p>D\u00fcsseldorf, Kunsthalle, 1972.<\/p>\n<p>20 : 20 cm. 37 Seiten, 37 (9 farbige) Tafeln. Original Karton.<\/p>\n<p>45,00 EUR<\/p>\n","protected":false},"excerpt":{"rendered":"<p>Interessanter Katalog \u00fcber den expressionistischen K\u00fcnstler, mit eitr\u00e4gen von Mathias T. Engels, Compendonk, Holzschnitte, Theodeor D\u00e4ubler, Ausstellung im Sturm, Geor Biermann Heinrich Campendonk, David Burliuk, Camendonk in Amerika usw.<\/p>\n","protected":false},"featured_media":0,"template":"","meta":[],"product_brand":[],"product_cat":[74,223,40,101,914],"product_tag":[],"class_list":{"0":"post-28204","1":"product","2":"type-product","3":"status-publish","5":"product_cat-deutschland","6":"product_cat-expressionismus","7":"product_cat-kuenstlermonographien","8":"product_cat-werkverzeichnis","9":"product_cat-zvab","11":"first","12":"instock","13":"purchasable","14":"product-type-simple"},"_links":{"self":[{"href":"https:\/\/antiquariat-steinbach.com\/rarebooks\/wp-json\/wp\/v2\/product\/28204","targetHints":{"allow":["GET"]}}],"collection":[{"href":"https:\/\/antiquariat-steinbach.com\/rarebooks\/wp-json\/wp\/v2\/product"}],"about":[{"href":"https:\/\/antiquariat-steinbach.com\/rarebooks\/wp-json\/wp\/v2\/types\/product"}],"version-history":[{"count":1,"href":"https:\/\/antiquariat-steinbach.com\/rarebooks\/wp-json\/wp\/v2\/product\/28204\/revisions"}],"predecessor-version":[{"id":28716,"href":"https:\/\/antiquariat-steinbach.com\/rarebooks\/wp-json\/wp\/v2\/product\/28204\/revisions\/28716"}],"wp:attachment":[{"href":"https:\/\/antiquariat-steinbach.com\/rarebooks\/wp-json\/wp\/v2\/media?parent=28204"}],"wp:term":[{"taxonomy":"product_brand","embeddable":true,"href":"https:\/\/antiquariat-steinbach.com\/rarebooks\/wp-json\/wp\/v2\/product_brand?post=28204"},{"taxonomy":"product_cat","embeddable":true,"href":"https:\/\/antiquariat-steinbach.com\/rarebooks\/wp-json\/wp\/v2\/product_cat?post=28204"},{"taxonomy":"product_tag","embeddable":true,"href":"https:\/\/antiquariat-steinbach.com\/rarebooks\/wp-json\/wp\/v2\/product_tag?post=28204"}],"curies":[{"name":"wp","href":"https:\/\/api.w.org\/{rel}","templated":true}]}}