{"id":28174,"date":"2026-03-12T00:28:41","date_gmt":"2026-03-11T23:28:41","guid":{"rendered":"https:\/\/antiquariat-steinbach.com\/rarebooks\/produkt\/zichy-michael-von-liebe\/"},"modified":"2026-03-12T00:28:43","modified_gmt":"2026-03-11T23:28:43","slug":"zichy-michael-von-liebe","status":"publish","type":"product","link":"https:\/\/antiquariat-steinbach.com\/rarebooks\/produkt\/zichy-michael-von-liebe\/","title":{"rendered":"Zichy, Michael von: &#8211;  Liebe."},"content":{"rendered":"<p>O.O, o.J. (um 1915).<\/p>\n<p>30,5 : 26 cm. 40 erotische Tafeln nach Zeichnungen von M. v. Zichy. Original-Halbpergament mit R\u00fccken- und Deckeltitel in Gold.<\/p>\n<p>2400,00 EUR<\/p>\n","protected":false},"excerpt":{"rendered":"<p>Eines von 300 nummerierten Exemplaren nur f\u00fcr Subskibenten und nicht im Handel erschienen Privatdruck . &#8211; &#8222;Sein hervorragendstes Werk ist der Zyklus &#8218;Liebe&#8216;, in dem er die Stadien der Liebe von den ersten Regungen der Geschlechtlichkeit an, in unvergleichlicher Weise geschildert hat&#8220; (Bilderlexikon II, 925). &#8211; Privatdruck mit stark erotischen Zeichnungen von Michael von Zichy (1827-1906), dem Hofmaler des Zaren Alexander II. &#8222;In ganz besonderer Weise interessierte sich Zichy aber f\u00fcr die Darstellung des Geschlechtsaktes. Viele Jahre hat er diesem Studium gewidmet, mit unendlichem Flei\u00df gearbeitet, tausende Skizzen gemacht, die er, wie Zeitgenossen berichten, wieder vernichtete, weil sie ihn nicht befriedigten, nicht der vollendete Ausdruck dessen waren, was ihm vorschwebte. Er, der die Frauen nicht nur als K\u00fcnstler, sondern auch als Menschenkenner und Anatom tausdenmal beobachtet hatte, wu\u00dfte nur zu gut, wie schwer es ist, in dem Betrachtenden den Eindruck vollst\u00e4ndig restloser Hingabe hervorzurufen&#8220; (C.W. Stern, zittiert nach Hayn-Got.). Es gibt kaum eine Art erotischer Bet\u00e4tigung, die Zichy in diesem Zyklus nicht dargestellt hat. &#8211; Wohl nur in kleiner Auflage erschienene, vorz\u00fcgliche Wiedergaben.  Privatdruck nur f\u00fcr Subskribenten, erschienen f\u00fcnf Jahre nach dem Tod des K\u00fcnstlers. \u2013 Michael von Zichy (1827\u20131906) war Zeichenlehrer und Hofmaler der russischen Zaren, \u00bbist der Sch\u00f6pfer der ber\u00fchmtesten erotischen Bilderreihe neuester Zeit\u00ab (Stern-Szana). Die Zeichnungen waren urspr\u00fcnglich im Besitz des Zaren, wurden aber von ihm an einen ungarischen Diplomaten verschenkt. \u2013 \u00bbSein hervorragendstes Werk ist der Zyklus \u203aLiebe\u2039, in dem er die Stadien der Liebe von den ersten Regungen der Geschlechtlichkeit an in unvergleichlicher Weise geschildert hat. Die Bl\u00e4tter sind das Ergebnis vielfacher und immer wieder verworfener Entw\u00fcrfe, bis Zichy endlich seine Idee verwirklicht fand\u00ab (Paul Englisch, in Bilder-Lexikon) [\u2026]. \u2013 \u00bbUnd das Werk, das er zu F\u00fc\u00dfen der nackten Heiligkeit des Weibes niederlegt, ist nicht nur ein Hohes Lied der Liebe, sondern auch ein machtvolles Werk der Kunst\u00ab (R. L., im Vorwort). \u2013 Sehr selten, die Platten wurden laut Druckvermerk vernichtet. Hayn\/Gotendorf IX, 639. \u2013 Stern-Szana 250 \u00bb\u00c4u\u00dferst selten und gesucht\u00ab. \u2013 Bilder-Lexikon II, 925<\/p>\n","protected":false},"featured_media":28175,"template":"","meta":[],"product_brand":[],"product_cat":[29,142,43,914],"product_tag":[],"class_list":{"0":"post-28174","1":"product","2":"type-product","3":"status-publish","4":"has-post-thumbnail","6":"product_cat-20-jahrhundert","7":"product_cat-erotika","8":"product_cat-illustrierte-buecher","9":"product_cat-zvab","11":"first","12":"instock","13":"purchasable","14":"product-type-simple"},"_links":{"self":[{"href":"https:\/\/antiquariat-steinbach.com\/rarebooks\/wp-json\/wp\/v2\/product\/28174","targetHints":{"allow":["GET"]}}],"collection":[{"href":"https:\/\/antiquariat-steinbach.com\/rarebooks\/wp-json\/wp\/v2\/product"}],"about":[{"href":"https:\/\/antiquariat-steinbach.com\/rarebooks\/wp-json\/wp\/v2\/types\/product"}],"version-history":[{"count":1,"href":"https:\/\/antiquariat-steinbach.com\/rarebooks\/wp-json\/wp\/v2\/product\/28174\/revisions"}],"predecessor-version":[{"id":28809,"href":"https:\/\/antiquariat-steinbach.com\/rarebooks\/wp-json\/wp\/v2\/product\/28174\/revisions\/28809"}],"wp:featuredmedia":[{"embeddable":true,"href":"https:\/\/antiquariat-steinbach.com\/rarebooks\/wp-json\/wp\/v2\/media\/28175"}],"wp:attachment":[{"href":"https:\/\/antiquariat-steinbach.com\/rarebooks\/wp-json\/wp\/v2\/media?parent=28174"}],"wp:term":[{"taxonomy":"product_brand","embeddable":true,"href":"https:\/\/antiquariat-steinbach.com\/rarebooks\/wp-json\/wp\/v2\/product_brand?post=28174"},{"taxonomy":"product_cat","embeddable":true,"href":"https:\/\/antiquariat-steinbach.com\/rarebooks\/wp-json\/wp\/v2\/product_cat?post=28174"},{"taxonomy":"product_tag","embeddable":true,"href":"https:\/\/antiquariat-steinbach.com\/rarebooks\/wp-json\/wp\/v2\/product_tag?post=28174"}],"curies":[{"name":"wp","href":"https:\/\/api.w.org\/{rel}","templated":true}]}}