{"id":28172,"date":"2026-03-12T00:22:28","date_gmt":"2026-03-11T23:22:28","guid":{"rendered":"https:\/\/antiquariat-steinbach.com\/rarebooks\/produkt\/schubert-gotthilf-heinrich-v-naturgeschichte-des-tier-pflanzen-und-mineralreichs-in-kolorierten-bildern-mit-erlaeuterndem-text-fuer-schule-und-haus-und-supplementband-der-bau-des-menschlichen\/"},"modified":"2026-03-12T00:22:28","modified_gmt":"2026-03-11T23:22:28","slug":"schubert-gotthilf-heinrich-v-naturgeschichte-des-tier-pflanzen-und-mineralreichs-in-kolorierten-bildern-mit-erlaeuterndem-text-fuer-schule-und-haus-und-supplementband-der-bau-des-menschlichen","status":"publish","type":"product","link":"https:\/\/antiquariat-steinbach.com\/rarebooks\/produkt\/schubert-gotthilf-heinrich-v-naturgeschichte-des-tier-pflanzen-und-mineralreichs-in-kolorierten-bildern-mit-erlaeuterndem-text-fuer-schule-und-haus-und-supplementband-der-bau-des-menschlichen\/","title":{"rendered":"Schubert, Gotthilf Heinrich v: &#8211;  Naturgeschichte des Tier-, Pflanzen- und Mineralreichs in kolorierten Bildern mit erl\u00e4uterndem Text f\u00fcr Schule und Haus und Supplementband: Der Bau des menschlichen K\u00f6rpers."},"content":{"rendered":"<p>Esslingen and Munich, Schreiber 1886 &#8211; 1895.<\/p>\n<p>4. and. 8. enlarged edition. 4 volumes. 33,5 : 24 cm. Together with 206 coloured plates with thousends of illustrations and many woodcuts in the text. Uniformly bound contemporary half-calf volumes, spines richly gilt, boards with illustration and title in gold.<\/p>\n<p>1250,00 EUR<\/p>\n","protected":false},"excerpt":{"rendered":"<p>Beautiful, uniformly bound and in perfect condition, complete set of  Schubert&#8217;s natural history with the supplement volume. &#8211; First part:Naturgeschichte des Tierreichs in drei Teilen (natural history of animals in three parts) &#8211; Second part: Naturgeschichte des Pflanzenreichs nach dem Linneschen System. (natural history of plants) &#8211; Third part: Naturgeschichte des Mineralreichs: 1. Teil Mineralogie von A. Kenngott &#8211; 2. Teil Geologie und Pal\u00e4ontolgie von Fr. Rolle. (natural history of minerologyx and pal\u00e4ontology. &#8211; Forth part (Supplement): Der Bau des menschlichen K\u00f6rpers. Neu bearbeitet von Th. Himmelfein. (The construction of the human body). Very decorative plates. Like this, complete and in perfect condition, rare.<\/p>\n","protected":false},"featured_media":28173,"template":"","meta":[],"product_brand":[],"product_cat":[37,668,98,914],"product_tag":[],"class_list":{"0":"post-28172","1":"product","2":"type-product","3":"status-publish","4":"has-post-thumbnail","6":"product_cat-botanik","7":"product_cat-mineralogie","8":"product_cat-zoologie","9":"product_cat-zvab","11":"first","12":"instock","13":"purchasable","14":"product-type-simple"},"_links":{"self":[{"href":"https:\/\/antiquariat-steinbach.com\/rarebooks\/wp-json\/wp\/v2\/product\/28172","targetHints":{"allow":["GET"]}}],"collection":[{"href":"https:\/\/antiquariat-steinbach.com\/rarebooks\/wp-json\/wp\/v2\/product"}],"about":[{"href":"https:\/\/antiquariat-steinbach.com\/rarebooks\/wp-json\/wp\/v2\/types\/product"}],"version-history":[{"count":1,"href":"https:\/\/antiquariat-steinbach.com\/rarebooks\/wp-json\/wp\/v2\/product\/28172\/revisions"}],"predecessor-version":[{"id":28799,"href":"https:\/\/antiquariat-steinbach.com\/rarebooks\/wp-json\/wp\/v2\/product\/28172\/revisions\/28799"}],"wp:featuredmedia":[{"embeddable":true,"href":"https:\/\/antiquariat-steinbach.com\/rarebooks\/wp-json\/wp\/v2\/media\/28173"}],"wp:attachment":[{"href":"https:\/\/antiquariat-steinbach.com\/rarebooks\/wp-json\/wp\/v2\/media?parent=28172"}],"wp:term":[{"taxonomy":"product_brand","embeddable":true,"href":"https:\/\/antiquariat-steinbach.com\/rarebooks\/wp-json\/wp\/v2\/product_brand?post=28172"},{"taxonomy":"product_cat","embeddable":true,"href":"https:\/\/antiquariat-steinbach.com\/rarebooks\/wp-json\/wp\/v2\/product_cat?post=28172"},{"taxonomy":"product_tag","embeddable":true,"href":"https:\/\/antiquariat-steinbach.com\/rarebooks\/wp-json\/wp\/v2\/product_tag?post=28172"}],"curies":[{"name":"wp","href":"https:\/\/api.w.org\/{rel}","templated":true}]}}