{"id":28168,"date":"2026-03-12T00:06:30","date_gmt":"2026-03-11T23:06:30","guid":{"rendered":"https:\/\/antiquariat-steinbach.com\/rarebooks\/produkt\/festlichkeiten-schulin-johann-philipp-vollstaendiges-diarium-der-roemisch-koeniglichen-wahl-und-kaiserlichen-kroenung-ihro-kaiserlichen-majestaet-leopold-des-zweiten\/"},"modified":"2026-03-12T00:06:32","modified_gmt":"2026-03-11T23:06:32","slug":"festlichkeiten-schulin-johann-philipp-vollstaendiges-diarium-der-roemisch-koeniglichen-wahl-und-kaiserlichen-kroenung-ihro-kaiserlichen-majestaet-leopold-des-zweiten","status":"publish","type":"product","link":"https:\/\/antiquariat-steinbach.com\/rarebooks\/produkt\/festlichkeiten-schulin-johann-philipp-vollstaendiges-diarium-der-roemisch-koeniglichen-wahl-und-kaiserlichen-kroenung-ihro-kaiserlichen-majestaet-leopold-des-zweiten\/","title":{"rendered":"Festlichkeiten &#8211;   Schulin, Johann Philipp. &#8211;  Vollst\u00e4ndiges Diarium der R\u00f6misch-K\u00f6niglichen Wahl und Kaiserlichen Kr\u00f6nung Ihro Kaiserlichen Majest\u00e4t Leopold des Zweiten."},"content":{"rendered":"<p>Frankfurt\/Main, J\u00e4ger, 1791.<\/p>\n<p>37,5 : 23 cm. Vortitel, gestochenes Frontispiece, Titel mit Vignette, 22 Blatt, 108, 28, 60 Seiten, Zwiischentitel, Seiten 109 &#8211; 350, 1 Zwischentitel mit Vignette,  7 Blatt, 76 Seiten, 1 Blatt,  21 (von 22) teils gefalteten, teils doppelblattgro\u00dfen Kupfertafeln, 1 doppelblattgro\u00dfer Holzschnittplan Halblederband der Zeit mit R\u00fcckenvergoldung und R\u00fcckenschild.<\/p>\n<p>1250,00 EUR<\/p>\n","protected":false},"excerpt":{"rendered":"<p>Interessantes und prachtvolles Festbuch. Nach Joseph II. \u00fcberraschenden Tod wurde Leopold II. am 30. September zum R\u00f6misch-Deutschen Kaiser gew\u00e4hlt und die Kr\u00f6nung fand am 9. Oktober 1790 n Frankfurt am Main statt. Das Werk enth\u00e4lt eine genaue Beschreibung der Wahlformalit\u00e4ten und Kr\u00f6nungszerenomie mit den angeschlossenen Festlichkeiten, sowie der Aufz\u00e4hlung der wichtigsten, den Festlichkeiten beiwohnenden W\u00fcrdentr\u00e4gern. Die Kupfertafeln nach Zeichnungen von Heideloff, J.F. Beer u.a. von Abel, J.J.v. Mechel, P.W. Schwarz gestochen, zeigen den Kaiser und die Kurf\u00fcrsten, sowie andere wichtige politische Pers\u00f6nlichkeiten der Zeit. Auf den Falttafeln sind u.a. der Zug des neugew\u00e4hlten Kaisers vom &#8222;R\u00f6mer zur Bartholom\u00e4uskirche&#8220; und die Kr\u00f6nungsmesse im Frankfurter Dom dargestellt. &#8211; Ohne das Portr\u00e4t des K\u00f6lner Kurf\u00fcrsten zu Pferde, sonst sehr sch\u00f6nes, breitrandiges und fleckenfreies Exemplar. Einband nur gering berieben. &#8211; Holznann-B.1, 11692; Lipperheideer Sba 36 (2520); nicht in Ebert, Graesse und Kertecz.<\/p>\n","protected":false},"featured_media":28169,"template":"","meta":[],"product_brand":[],"product_cat":[74,718,719,97,59,914],"product_tag":[],"class_list":{"0":"post-28168","1":"product","2":"type-product","3":"status-publish","4":"has-post-thumbnail","6":"product_cat-deutschland","7":"product_cat-festbuecher","8":"product_cat-festlichkeiten","9":"product_cat-geschichte","10":"product_cat-kulturgeschichte","11":"product_cat-zvab","13":"first","14":"instock","15":"purchasable","16":"product-type-simple"},"_links":{"self":[{"href":"https:\/\/antiquariat-steinbach.com\/rarebooks\/wp-json\/wp\/v2\/product\/28168","targetHints":{"allow":["GET"]}}],"collection":[{"href":"https:\/\/antiquariat-steinbach.com\/rarebooks\/wp-json\/wp\/v2\/product"}],"about":[{"href":"https:\/\/antiquariat-steinbach.com\/rarebooks\/wp-json\/wp\/v2\/types\/product"}],"version-history":[{"count":1,"href":"https:\/\/antiquariat-steinbach.com\/rarebooks\/wp-json\/wp\/v2\/product\/28168\/revisions"}],"predecessor-version":[{"id":28730,"href":"https:\/\/antiquariat-steinbach.com\/rarebooks\/wp-json\/wp\/v2\/product\/28168\/revisions\/28730"}],"wp:featuredmedia":[{"embeddable":true,"href":"https:\/\/antiquariat-steinbach.com\/rarebooks\/wp-json\/wp\/v2\/media\/28169"}],"wp:attachment":[{"href":"https:\/\/antiquariat-steinbach.com\/rarebooks\/wp-json\/wp\/v2\/media?parent=28168"}],"wp:term":[{"taxonomy":"product_brand","embeddable":true,"href":"https:\/\/antiquariat-steinbach.com\/rarebooks\/wp-json\/wp\/v2\/product_brand?post=28168"},{"taxonomy":"product_cat","embeddable":true,"href":"https:\/\/antiquariat-steinbach.com\/rarebooks\/wp-json\/wp\/v2\/product_cat?post=28168"},{"taxonomy":"product_tag","embeddable":true,"href":"https:\/\/antiquariat-steinbach.com\/rarebooks\/wp-json\/wp\/v2\/product_tag?post=28168"}],"curies":[{"name":"wp","href":"https:\/\/api.w.org\/{rel}","templated":true}]}}