{"id":28132,"date":"2026-03-12T00:28:41","date_gmt":"2026-03-11T23:28:41","guid":{"rendered":"https:\/\/antiquariat-steinbach.com\/rarebooks\/produkt\/zeitschrift-des-oesterreichischen-ingenioeur-und-architekten-vereines\/"},"modified":"2026-03-12T00:28:41","modified_gmt":"2026-03-11T23:28:41","slug":"zeitschrift-des-oesterreichischen-ingenioeur-und-architekten-vereines","status":"publish","type":"product","link":"https:\/\/antiquariat-steinbach.com\/rarebooks\/produkt\/zeitschrift-des-oesterreichischen-ingenioeur-und-architekten-vereines\/","title":{"rendered":"Zeitschrift des \u00f6sterreichischen Ingenioeur- und Architekten-Vereines."},"content":{"rendered":"<p>Wien, Verlag des Vereins, 1892.<\/p>\n<p>44. Jahrgang. 34 : 26 cm. 692 Seiten mit vielen Illustrationen, 49 meist gefaltete Tafeln, 32 Seiten Literaturblatt. Original Halbleinenband.<\/p>\n<p>120,00 EUR<\/p>\n","protected":false},"excerpt":{"rendered":"<p>Beschreibt unter anderem &#8218;Die maschinelle Einrichtung der K.K. Hof- und Staatsdruckerei&#8216;, die &#8218;K.K. Staatsbahnen&#8216;, die &#8218;Etschregulierung&#8216;, die &#8218;Verbauungsarbeiten des Lono-Bach in Tirol&#8216; etc. &#8211; Die \u00d6sterreichische Ingenieur- und Architektenzeitschrift (\u00d6IAZ), urspr\u00fcnglich als OIZ bekannt, wird seit 1848 ver\u00f6ffentlicht. Sie ist eine zentrale Quelle f\u00fcr wissenschaftliche Publikationen, Branchenberichte und Einblicke in das \u00f6sterreichische Ingenieurwesen und dessen Leistungen.- Durch die Schwere des Bandes Buchblock gelockert.<\/p>\n","protected":false},"featured_media":28167,"template":"","meta":[],"product_brand":[],"product_cat":[161,71,468,125,706,1056,914],"product_tag":[],"class_list":{"0":"post-28132","1":"product","2":"type-product","3":"status-publish","4":"has-post-thumbnail","6":"product_cat-architekutr","7":"product_cat-austriaca","8":"product_cat-druck","9":"product_cat-eisenbahn","10":"product_cat-elektrizitaet","11":"product_cat-ingenieurwesen","12":"product_cat-zvab","14":"first","15":"instock","16":"purchasable","17":"product-type-simple"},"_links":{"self":[{"href":"https:\/\/antiquariat-steinbach.com\/rarebooks\/wp-json\/wp\/v2\/product\/28132","targetHints":{"allow":["GET"]}}],"collection":[{"href":"https:\/\/antiquariat-steinbach.com\/rarebooks\/wp-json\/wp\/v2\/product"}],"about":[{"href":"https:\/\/antiquariat-steinbach.com\/rarebooks\/wp-json\/wp\/v2\/types\/product"}],"version-history":[{"count":1,"href":"https:\/\/antiquariat-steinbach.com\/rarebooks\/wp-json\/wp\/v2\/product\/28132\/revisions"}],"predecessor-version":[{"id":28133,"href":"https:\/\/antiquariat-steinbach.com\/rarebooks\/wp-json\/wp\/v2\/product\/28132\/revisions\/28133"}],"wp:featuredmedia":[{"embeddable":true,"href":"https:\/\/antiquariat-steinbach.com\/rarebooks\/wp-json\/wp\/v2\/media\/28167"}],"wp:attachment":[{"href":"https:\/\/antiquariat-steinbach.com\/rarebooks\/wp-json\/wp\/v2\/media?parent=28132"}],"wp:term":[{"taxonomy":"product_brand","embeddable":true,"href":"https:\/\/antiquariat-steinbach.com\/rarebooks\/wp-json\/wp\/v2\/product_brand?post=28132"},{"taxonomy":"product_cat","embeddable":true,"href":"https:\/\/antiquariat-steinbach.com\/rarebooks\/wp-json\/wp\/v2\/product_cat?post=28132"},{"taxonomy":"product_tag","embeddable":true,"href":"https:\/\/antiquariat-steinbach.com\/rarebooks\/wp-json\/wp\/v2\/product_tag?post=28132"}],"curies":[{"name":"wp","href":"https:\/\/api.w.org\/{rel}","templated":true}]}}