{"id":28093,"date":"2026-03-12T00:18:58","date_gmt":"2026-03-11T23:18:58","guid":{"rendered":"https:\/\/antiquariat-steinbach.com\/rarebooks\/produkt\/popp-konstantin-freih-v-zeitschrift-des-oesterreichischen-ingenioeur-und-architekten-vereines\/"},"modified":"2026-03-12T00:18:59","modified_gmt":"2026-03-11T23:18:59","slug":"popp-konstantin-freih-v-zeitschrift-des-oesterreichischen-ingenioeur-und-architekten-vereines","status":"publish","type":"product","link":"https:\/\/antiquariat-steinbach.com\/rarebooks\/produkt\/popp-konstantin-freih-v-zeitschrift-des-oesterreichischen-ingenioeur-und-architekten-vereines\/","title":{"rendered":"Popp, Konstantin Freih. v. &#8211;  Zeitschrift des \u00f6sterreichischen Ingenioeur- und Architekten-Vereines."},"content":{"rendered":"<p>Wien, Verlag des Vereins, 1903.<\/p>\n<p>55. Jahrgang. 34 : 26 cm. XXIV, 706 Seiten, 18 Tafeln, 148 Seiten Literaturblatt und 56 Seiten Vortr\u00e4ge \u00fcber Elektronik. Original Leinenband.<\/p>\n<p>50,00 EUR<\/p>\n","protected":false},"excerpt":{"rendered":"<p>Die \u00d6sterreichische Ingenieur- und Architektenzeitschrift (\u00d6IAZ), urspr\u00fcnglich als OIZ bekannt, wird seit 1848 ver\u00f6ffentlicht. Sie ist eine zentrale Quelle f\u00fcr wissenschaftliche Publikationen, Branchenberichte und Einblicke in das \u00f6sterreichische Ingenieurwesen und dessen Leistungen.- urch die Schwere des Bandes Buchblock gelockert.<\/p>\n","protected":false},"featured_media":28149,"template":"","meta":[],"product_brand":[],"product_cat":[161,71,706,1056,914],"product_tag":[],"class_list":{"0":"post-28093","1":"product","2":"type-product","3":"status-publish","4":"has-post-thumbnail","6":"product_cat-architekutr","7":"product_cat-austriaca","8":"product_cat-elektrizitaet","9":"product_cat-ingenieurwesen","10":"product_cat-zvab","12":"first","13":"instock","14":"purchasable","15":"product-type-simple"},"_links":{"self":[{"href":"https:\/\/antiquariat-steinbach.com\/rarebooks\/wp-json\/wp\/v2\/product\/28093","targetHints":{"allow":["GET"]}}],"collection":[{"href":"https:\/\/antiquariat-steinbach.com\/rarebooks\/wp-json\/wp\/v2\/product"}],"about":[{"href":"https:\/\/antiquariat-steinbach.com\/rarebooks\/wp-json\/wp\/v2\/types\/product"}],"version-history":[{"count":1,"href":"https:\/\/antiquariat-steinbach.com\/rarebooks\/wp-json\/wp\/v2\/product\/28093\/revisions"}],"predecessor-version":[{"id":28094,"href":"https:\/\/antiquariat-steinbach.com\/rarebooks\/wp-json\/wp\/v2\/product\/28093\/revisions\/28094"}],"wp:featuredmedia":[{"embeddable":true,"href":"https:\/\/antiquariat-steinbach.com\/rarebooks\/wp-json\/wp\/v2\/media\/28149"}],"wp:attachment":[{"href":"https:\/\/antiquariat-steinbach.com\/rarebooks\/wp-json\/wp\/v2\/media?parent=28093"}],"wp:term":[{"taxonomy":"product_brand","embeddable":true,"href":"https:\/\/antiquariat-steinbach.com\/rarebooks\/wp-json\/wp\/v2\/product_brand?post=28093"},{"taxonomy":"product_cat","embeddable":true,"href":"https:\/\/antiquariat-steinbach.com\/rarebooks\/wp-json\/wp\/v2\/product_cat?post=28093"},{"taxonomy":"product_tag","embeddable":true,"href":"https:\/\/antiquariat-steinbach.com\/rarebooks\/wp-json\/wp\/v2\/product_tag?post=28093"}],"curies":[{"name":"wp","href":"https:\/\/api.w.org\/{rel}","templated":true}]}}