{"id":28061,"date":"2026-03-12T00:12:41","date_gmt":"2026-03-11T23:12:41","guid":{"rendered":"https:\/\/antiquariat-steinbach.com\/rarebooks\/produkt\/kleist-heinrich-von-michael-kohlhaas\/"},"modified":"2026-03-12T00:12:42","modified_gmt":"2026-03-11T23:12:42","slug":"kleist-heinrich-von-michael-kohlhaas","status":"publish","type":"product","link":"https:\/\/antiquariat-steinbach.com\/rarebooks\/produkt\/kleist-heinrich-von-michael-kohlhaas\/","title":{"rendered":"Kleist, Heinrich von. &#8211;  Michael Kohlhaas."},"content":{"rendered":"<p>Wien, Gerlach &#038; Wiedling, 1946<\/p>\n<p>52 : 40 cm Ornamentale Schrift in schwarzer Farbe, die Buchstaben des Titels mit weissen Ornamenten, teils weis geh\u00f6ht. Auf Sperrholzlatte gemalt.<\/p>\n<p>600,00 EUR<\/p>\n","protected":false},"excerpt":{"rendered":"<p>Titelentwurf zu Heinrich von Kleists Michael Kohlhaas in ornamentaler Schrift, im Buchstaben M der &#8218;Junker von Tronka&#8216; die Titelfigur von Kleists Roman. &#8211; Roland Strasser (* 26. April 1892 in Wien, \u00d6sterreich-Ungarn; \u2020 1974 in Santa Monica, Kalifornien) war ein \u00f6sterreichischer Maler und Grafiker. Strasser war der Sohn des Bildhauers und Malers Arthur Strasser, er studierte zun\u00e4chst an der Wiener Akademie bei Jungwirth; in den Jahren von 1911 bis 1915 an der M\u00fcnchner Akademie, sein Lehrer dort war Angelo Jank. \u00dcber sein Fr\u00fchwerk ist wenig bekannt. Wie sein \u00e4lterer Bruder Benjamin Strasser, der ebenfalls Malerei und Grafik erlernte, konnte er w\u00e4hrend des Ersten Weltkriegs einen Posten als Kriegsmaler in der Kunstgruppe des k.u.k. Kriegspressequartiers ergattern. Sp\u00e4ter illusstrierte er Jugendb\u00fccher. &#8211; Detailliert ausgef\u00fchrte Aquarelle, im Zentrum steht  die Zentralfigur von Kleists Roman den &#8218;Junker von Tronka&#8216;, den Schlossherrn auf der Tronkenburg in Sachsen.<\/p>\n","protected":false},"featured_media":28063,"template":"","meta":[],"product_brand":[],"product_cat":[307,317,32,376,914],"product_tag":[],"class_list":{"0":"post-28061","1":"product","2":"type-product","3":"status-publish","4":"has-post-thumbnail","6":"product_cat-jugendbuecher","7":"product_cat-kuenstlergraphik","8":"product_cat-literatur","9":"product_cat-originale","10":"product_cat-zvab","12":"first","13":"instock","14":"purchasable","15":"product-type-simple"},"_links":{"self":[{"href":"https:\/\/antiquariat-steinbach.com\/rarebooks\/wp-json\/wp\/v2\/product\/28061","targetHints":{"allow":["GET"]}}],"collection":[{"href":"https:\/\/antiquariat-steinbach.com\/rarebooks\/wp-json\/wp\/v2\/product"}],"about":[{"href":"https:\/\/antiquariat-steinbach.com\/rarebooks\/wp-json\/wp\/v2\/types\/product"}],"version-history":[{"count":1,"href":"https:\/\/antiquariat-steinbach.com\/rarebooks\/wp-json\/wp\/v2\/product\/28061\/revisions"}],"predecessor-version":[{"id":28062,"href":"https:\/\/antiquariat-steinbach.com\/rarebooks\/wp-json\/wp\/v2\/product\/28061\/revisions\/28062"}],"wp:featuredmedia":[{"embeddable":true,"href":"https:\/\/antiquariat-steinbach.com\/rarebooks\/wp-json\/wp\/v2\/media\/28063"}],"wp:attachment":[{"href":"https:\/\/antiquariat-steinbach.com\/rarebooks\/wp-json\/wp\/v2\/media?parent=28061"}],"wp:term":[{"taxonomy":"product_brand","embeddable":true,"href":"https:\/\/antiquariat-steinbach.com\/rarebooks\/wp-json\/wp\/v2\/product_brand?post=28061"},{"taxonomy":"product_cat","embeddable":true,"href":"https:\/\/antiquariat-steinbach.com\/rarebooks\/wp-json\/wp\/v2\/product_cat?post=28061"},{"taxonomy":"product_tag","embeddable":true,"href":"https:\/\/antiquariat-steinbach.com\/rarebooks\/wp-json\/wp\/v2\/product_tag?post=28061"}],"curies":[{"name":"wp","href":"https:\/\/api.w.org\/{rel}","templated":true}]}}