{"id":2803,"date":"2026-03-12T00:06:47","date_gmt":"2026-03-11T23:06:47","guid":{"rendered":"http:\/\/antiquariat-steinbach.com\/rarebooks\/produkt\/denkwuerdigkeiten-der-franzoesischen-revolution\/"},"modified":"2026-03-12T00:06:47","modified_gmt":"2026-03-11T23:06:47","slug":"franzoesische-revolution-selda-und-landsberg-franz-eugen-freiherr-von-denkwuerdigkeiten-der-franzoesischen-revolution","status":"publish","type":"product","link":"https:\/\/antiquariat-steinbach.com\/rarebooks\/produkt\/franzoesische-revolution-selda-und-landsberg-franz-eugen-freiherr-von-denkwuerdigkeiten-der-franzoesischen-revolution\/","title":{"rendered":"Franz\u00f6sische Revolution &#8211;   Selda und Landsberg, Franz Eugen Freiherr von. &#8211;  Denkw\u00fcrdigkeiten der Franz\u00f6sischen Revolution."},"content":{"rendered":"<p>Memmingen, M\u00fcller, 1815.<\/p>\n<p>23,5 : 31 cm. Daraus 13 Kupferstiche. Loose.<\/p>\n<p>240,00 EUR<\/p>\n","protected":false},"excerpt":{"rendered":"<p>Vorhanden sind die Bl\u00e4tter: 4 Der P\u00f6pel befreyet&#8230;- 5. Camillus Desmoutins predigt Aufruhr &#8211; 8. Eroberung der Bastille &#8211; 10. Die Kanonen erden nach Montm<artre gebracht. - 12. Foulon's Ermordung - 13. Im mHafen St. Paul - 23. Fischerstechen - 26. Pl\u00fcnderung des Hotels de Castries - 27. Die ersten Tage des Maymondes in Paris 1791 - 31. Freye Einfuhr nach Paris - 34. Voltaire's Triumph - 36. Proclamation der Constitution - 38. Erste Fest der Freyheit. - Beiliegen 3 weitere Kupferstiche von Eichler nach Duplessi-Bertaux: Marat wird durch Charlotte Corday erstochen - Cecilie Renaud wird bei Robespierre verhaftet - Robespierre wird verwundet. - Saubere Drucke, nur vereinzelt gering fleckig.\n<\/p>\n","protected":false},"featured_media":14552,"template":"","meta":[],"product_brand":[],"product_cat":[143,526,97,153,914],"product_tag":[],"class_list":{"0":"post-2803","1":"product","2":"type-product","3":"status-publish","4":"has-post-thumbnail","6":"product_cat-francais","7":"product_cat-franz-revolutio","8":"product_cat-geschichte","9":"product_cat-graphik","10":"product_cat-zvab","12":"first","13":"instock","14":"purchasable","15":"product-type-simple"},"_links":{"self":[{"href":"https:\/\/antiquariat-steinbach.com\/rarebooks\/wp-json\/wp\/v2\/product\/2803","targetHints":{"allow":["GET"]}}],"collection":[{"href":"https:\/\/antiquariat-steinbach.com\/rarebooks\/wp-json\/wp\/v2\/product"}],"about":[{"href":"https:\/\/antiquariat-steinbach.com\/rarebooks\/wp-json\/wp\/v2\/types\/product"}],"version-history":[{"count":3,"href":"https:\/\/antiquariat-steinbach.com\/rarebooks\/wp-json\/wp\/v2\/product\/2803\/revisions"}],"predecessor-version":[{"id":19426,"href":"https:\/\/antiquariat-steinbach.com\/rarebooks\/wp-json\/wp\/v2\/product\/2803\/revisions\/19426"}],"wp:featuredmedia":[{"embeddable":true,"href":"https:\/\/antiquariat-steinbach.com\/rarebooks\/wp-json\/wp\/v2\/media\/14552"}],"wp:attachment":[{"href":"https:\/\/antiquariat-steinbach.com\/rarebooks\/wp-json\/wp\/v2\/media?parent=2803"}],"wp:term":[{"taxonomy":"product_brand","embeddable":true,"href":"https:\/\/antiquariat-steinbach.com\/rarebooks\/wp-json\/wp\/v2\/product_brand?post=2803"},{"taxonomy":"product_cat","embeddable":true,"href":"https:\/\/antiquariat-steinbach.com\/rarebooks\/wp-json\/wp\/v2\/product_cat?post=2803"},{"taxonomy":"product_tag","embeddable":true,"href":"https:\/\/antiquariat-steinbach.com\/rarebooks\/wp-json\/wp\/v2\/product_tag?post=2803"}],"curies":[{"name":"wp","href":"https:\/\/api.w.org\/{rel}","templated":true}]}}