{"id":28023,"date":"2026-03-12T00:18:41","date_gmt":"2026-03-11T23:18:41","guid":{"rendered":"https:\/\/antiquariat-steinbach.com\/rarebooks\/produkt\/pfizmaier-august-zwei-reisen-nach-dem-westen-japans-in-den-jahren-1369-und-1389-n-chr-lebensbeschreibung-von-heerfuehrern-und-wuerdentraegern-des-hauses-sui\/"},"modified":"2026-03-12T00:18:43","modified_gmt":"2026-03-11T23:18:43","slug":"pfizmaier-august-zwei-reisen-nach-dem-westen-japans-in-den-jahren-1369-und-1389-n-chr-lebensbeschreibung-von-heerfuehrern-und-wuerdentraegern-des-hauses-sui","status":"publish","type":"product","link":"https:\/\/antiquariat-steinbach.com\/rarebooks\/produkt\/pfizmaier-august-zwei-reisen-nach-dem-westen-japans-in-den-jahren-1369-und-1389-n-chr-lebensbeschreibung-von-heerfuehrern-und-wuerdentraegern-des-hauses-sui\/","title":{"rendered":"Pfizmaier, August. &#8211;  Zwei Reisen nach dem Westen Japans in den Jahren 1369 und 1389 n.Chr. &#8211; Lebensbeschreibung von Heerf\u00fchrern und W\u00fcrdentr\u00e4gern des Hauses Sui."},"content":{"rendered":"<p>Vienna, Gerold, 1882.<\/p>\n<p>31,5 : 25 cm. Pages 93 &#8211; 188 and 281 &#8211; 377, totaly 2 leaves, 377 pages, with many japanese letters. Typographic printed original wrappers.<\/p>\n<p>380,00 EUR<\/p>\n","protected":false},"excerpt":{"rendered":"<p>August Pfizmaier the legendary explorer of Japanese history and language, mostly the only one in Europe, describs two journey to Western Japan, which were made in the years 1369 and 1389. Gives an historical and geographical overview of that time. Many japanese describtions translated into German. &#8211; Cotains also: Franz Miklosich, Rumunische Untersuchungen. I Istro-und macedo-rumunische Sprachdenkm\u00e4ler. &#8211; Uncut copy, spine with some missing parts. &#8211; Rare.<\/p>\n","protected":false},"featured_media":28090,"template":"","meta":[],"product_brand":[],"product_cat":[65,97,70,451,413,914],"product_tag":[],"class_list":{"0":"post-28023","1":"product","2":"type-product","3":"status-publish","4":"has-post-thumbnail","6":"product_cat-geographie","7":"product_cat-geschichte","8":"product_cat-japan","9":"product_cat-japonica","10":"product_cat-woerterbuecher","11":"product_cat-zvab","13":"first","14":"instock","15":"purchasable","16":"product-type-simple"},"_links":{"self":[{"href":"https:\/\/antiquariat-steinbach.com\/rarebooks\/wp-json\/wp\/v2\/product\/28023","targetHints":{"allow":["GET"]}}],"collection":[{"href":"https:\/\/antiquariat-steinbach.com\/rarebooks\/wp-json\/wp\/v2\/product"}],"about":[{"href":"https:\/\/antiquariat-steinbach.com\/rarebooks\/wp-json\/wp\/v2\/types\/product"}],"version-history":[{"count":1,"href":"https:\/\/antiquariat-steinbach.com\/rarebooks\/wp-json\/wp\/v2\/product\/28023\/revisions"}],"predecessor-version":[{"id":28089,"href":"https:\/\/antiquariat-steinbach.com\/rarebooks\/wp-json\/wp\/v2\/product\/28023\/revisions\/28089"}],"wp:featuredmedia":[{"embeddable":true,"href":"https:\/\/antiquariat-steinbach.com\/rarebooks\/wp-json\/wp\/v2\/media\/28090"}],"wp:attachment":[{"href":"https:\/\/antiquariat-steinbach.com\/rarebooks\/wp-json\/wp\/v2\/media?parent=28023"}],"wp:term":[{"taxonomy":"product_brand","embeddable":true,"href":"https:\/\/antiquariat-steinbach.com\/rarebooks\/wp-json\/wp\/v2\/product_brand?post=28023"},{"taxonomy":"product_cat","embeddable":true,"href":"https:\/\/antiquariat-steinbach.com\/rarebooks\/wp-json\/wp\/v2\/product_cat?post=28023"},{"taxonomy":"product_tag","embeddable":true,"href":"https:\/\/antiquariat-steinbach.com\/rarebooks\/wp-json\/wp\/v2\/product_tag?post=28023"}],"curies":[{"name":"wp","href":"https:\/\/api.w.org\/{rel}","templated":true}]}}