{"id":28011,"date":"2026-03-12T00:16:49","date_gmt":"2026-03-11T23:16:49","guid":{"rendered":"https:\/\/antiquariat-steinbach.com\/rarebooks\/produkt\/moser-carl-in-erwartung\/"},"modified":"2026-03-12T00:16:51","modified_gmt":"2026-03-11T23:16:51","slug":"moser-carl-in-erwartung","status":"publish","type":"product","link":"https:\/\/antiquariat-steinbach.com\/rarebooks\/produkt\/moser-carl-in-erwartung\/","title":{"rendered":"Moser, Carl. &#8211;  In Erwartung."},"content":{"rendered":"<p>1909.<\/p>\n<p>36 : 26 cm. Original-Holzschnitt in Farbe auf hauchd\u00fcnnem Japan.<\/p>\n<p>2200,00 EUR<\/p>\n","protected":false},"excerpt":{"rendered":"<p>Wohl Probedruck, im Stock  monogrammiert C.M. &#8211; Im Rand gering knittrig, verso mit Resten von Montierung. &#8211; Carl Moser (1873 &#8211; Bozen &#8211; 1939), Sohn des Landschaftsmaler Carl Vinzens Moser, begegnete 1902 Max Kurzweil, der ihn animierte sich mit dem Farbholzschnitt auseinanderzusetzen. Carl Moser hat den Farbholzuschnitt seiner Zeit wie nur wenige europ\u00e4ische Grafiker zu einer Synthese japanischen und europ\u00e4ischen Bilddenkens vereint.  &#8211; Nach dem v\u00e4terlichen Willen besuchte Moser1891 &#8211; 1893 die Handelsakademie in Dresden und arbeitete bis 1896im elterlichen Gesch\u00e4ft in Bozen. Nebenbei war er bereits k\u00fcnstlerisch t\u00e4tig und wurde von F. Defregger (1835-1921) zum Kunststudium ermuntert. 1896 &#8211; 1901 studierte er an der Kunstakademie in M\u00fcnche beiG. von Hackl (1843-1926), K. Raupp (1837-1918) und L. Herterich (1856-1932). Nach Abschluss seines Studiums f\u00fchrten ihn Reisen nach Deutschland, Italien, Korsika und Frenkreich. 1901 schrieb er sich die die Akademie Julian in Paris ein. Die Sommermonate verbrachte er in der Bretagne und der Normandie. \u00dcber die Wiener Maler M. Kurzweil (1867-1916) lernte Moser die japanische Holzschnitttechnik kennen, mit der er sich von  nun an intensiv besch\u00e4ftigte und die er bis zur Perfektion entwickelte. 1907 kehrte Moser nach Bozen zur\u00fcck. In den folgenden Jahren erhilet er Stipendien und nahm an zahlreichen Ausstellungen teil. 1915 wurde er als Leutnant in den Kriegsdienst eingezogen. Nach Kriegsende beteiligte er sich an der von A. Egger-Lienz (1868-1925) initierten Ausstelung &#8218;Tiroler K\u00fcnstler&#8216; in Z\u00fcrich. In den zwanziger Jahren stellte sich f\u00fcr den K\u00fcnstler der kommerziele Erfolg ein. Seine Farbholzschitte waren jetzt nicht nur in seiner Heimat gefragt, sondern auch im gesamten deutschen Raum.<\/p>\n","protected":false},"featured_media":28012,"template":"","meta":[],"product_brand":[],"product_cat":[71,153,317,30,914],"product_tag":[],"class_list":{"0":"post-28011","1":"product","2":"type-product","3":"status-publish","4":"has-post-thumbnail","6":"product_cat-austriaca","7":"product_cat-graphik","8":"product_cat-kuenstlergraphik","9":"product_cat-malerei","10":"product_cat-zvab","12":"first","13":"instock","14":"purchasable","15":"product-type-simple"},"_links":{"self":[{"href":"https:\/\/antiquariat-steinbach.com\/rarebooks\/wp-json\/wp\/v2\/product\/28011","targetHints":{"allow":["GET"]}}],"collection":[{"href":"https:\/\/antiquariat-steinbach.com\/rarebooks\/wp-json\/wp\/v2\/product"}],"about":[{"href":"https:\/\/antiquariat-steinbach.com\/rarebooks\/wp-json\/wp\/v2\/types\/product"}],"version-history":[{"count":1,"href":"https:\/\/antiquariat-steinbach.com\/rarebooks\/wp-json\/wp\/v2\/product\/28011\/revisions"}],"predecessor-version":[{"id":28776,"href":"https:\/\/antiquariat-steinbach.com\/rarebooks\/wp-json\/wp\/v2\/product\/28011\/revisions\/28776"}],"wp:featuredmedia":[{"embeddable":true,"href":"https:\/\/antiquariat-steinbach.com\/rarebooks\/wp-json\/wp\/v2\/media\/28012"}],"wp:attachment":[{"href":"https:\/\/antiquariat-steinbach.com\/rarebooks\/wp-json\/wp\/v2\/media?parent=28011"}],"wp:term":[{"taxonomy":"product_brand","embeddable":true,"href":"https:\/\/antiquariat-steinbach.com\/rarebooks\/wp-json\/wp\/v2\/product_brand?post=28011"},{"taxonomy":"product_cat","embeddable":true,"href":"https:\/\/antiquariat-steinbach.com\/rarebooks\/wp-json\/wp\/v2\/product_cat?post=28011"},{"taxonomy":"product_tag","embeddable":true,"href":"https:\/\/antiquariat-steinbach.com\/rarebooks\/wp-json\/wp\/v2\/product_tag?post=28011"}],"curies":[{"name":"wp","href":"https:\/\/api.w.org\/{rel}","templated":true}]}}