{"id":2799,"date":"2026-03-12T00:06:47","date_gmt":"2026-03-11T23:06:47","guid":{"rendered":"http:\/\/antiquariat-steinbach.com\/rarebooks\/produkt\/trinkgeraethe-der-zuenfte-in-maehren\/"},"modified":"2026-03-12T00:06:47","modified_gmt":"2026-03-11T23:06:47","slug":"franz-a-trinkgeraethe-der-zuenfte-in-maehren","status":"publish","type":"product","link":"https:\/\/antiquariat-steinbach.com\/rarebooks\/produkt\/franz-a-trinkgeraethe-der-zuenfte-in-maehren\/","title":{"rendered":"Franz, A: &#8211;  Trinkger\u00e4the der Z\u00fcnfte in M\u00e4hren."},"content":{"rendered":"<p>O.O, u.Dr o.J. (1902).<\/p>\n<p>21 : 15 cm. Seiten 97 &#8211; 174 mit 8 farbigen Abbildungen auf Tafeln und 66 Textabbildungen. Halbleinenband.<\/p>\n<p>60,00 EUR<\/p>\n","protected":false},"excerpt":{"rendered":"<p>Bietet in kunsthistorischer und folklorister Beziehung reichlich Material. &#8211; Sonderdruck aus der Zeitschrift des m\u00e4hrischen Landesmuseums. &#8211; Erstes und letztes Blatt gestempelt.<\/p>\n","protected":false},"featured_media":0,"template":"","meta":[],"product_brand":[],"product_cat":[58,80,34,914],"product_tag":[],"class_list":{"0":"post-2799","1":"product","2":"type-product","3":"status-publish","5":"product_cat-gastronomie","6":"product_cat-getraenke","7":"product_cat-nov-11","8":"product_cat-zvab","10":"first","11":"instock","12":"purchasable","13":"product-type-simple"},"_links":{"self":[{"href":"https:\/\/antiquariat-steinbach.com\/rarebooks\/wp-json\/wp\/v2\/product\/2799","targetHints":{"allow":["GET"]}}],"collection":[{"href":"https:\/\/antiquariat-steinbach.com\/rarebooks\/wp-json\/wp\/v2\/product"}],"about":[{"href":"https:\/\/antiquariat-steinbach.com\/rarebooks\/wp-json\/wp\/v2\/types\/product"}],"version-history":[{"count":3,"href":"https:\/\/antiquariat-steinbach.com\/rarebooks\/wp-json\/wp\/v2\/product\/2799\/revisions"}],"predecessor-version":[{"id":19425,"href":"https:\/\/antiquariat-steinbach.com\/rarebooks\/wp-json\/wp\/v2\/product\/2799\/revisions\/19425"}],"wp:attachment":[{"href":"https:\/\/antiquariat-steinbach.com\/rarebooks\/wp-json\/wp\/v2\/media?parent=2799"}],"wp:term":[{"taxonomy":"product_brand","embeddable":true,"href":"https:\/\/antiquariat-steinbach.com\/rarebooks\/wp-json\/wp\/v2\/product_brand?post=2799"},{"taxonomy":"product_cat","embeddable":true,"href":"https:\/\/antiquariat-steinbach.com\/rarebooks\/wp-json\/wp\/v2\/product_cat?post=2799"},{"taxonomy":"product_tag","embeddable":true,"href":"https:\/\/antiquariat-steinbach.com\/rarebooks\/wp-json\/wp\/v2\/product_tag?post=2799"}],"curies":[{"name":"wp","href":"https:\/\/api.w.org\/{rel}","templated":true}]}}