{"id":2749,"date":"2026-03-12T00:06:42","date_gmt":"2026-03-11T23:06:42","guid":{"rendered":"http:\/\/antiquariat-steinbach.com\/rarebooks\/produkt\/memoires-avec-portrait\/"},"modified":"2026-03-12T00:06:43","modified_gmt":"2026-03-11T23:06:43","slug":"fouche-joseph-memoires-avec-portrait","status":"publish","type":"product","link":"https:\/\/antiquariat-steinbach.com\/rarebooks\/produkt\/fouche-joseph-memoires-avec-portrait\/","title":{"rendered":"Fouch\u00e9, (Joseph). &#8211;  Memoires. Avec portrait."},"content":{"rendered":"<p>Paris, Le Rouge,  1824.<\/p>\n<p>Deuxi\u00e8me \u00e9dition. 2 volumes. 21,5 : 13,5 cm. XII, 418 pages; 384 pages. Contemporary half calf, spine richly gilt, boards and endpaper marbled.<\/p>\n<p>650,00 EUR<\/p>\n","protected":false},"excerpt":{"rendered":"<p>\u00c9dition \u00fcarue l&#8217;ann\u00e9e de l&#8217;originale, qui fit grand bruit et occasinna devant le tribunal de la Seine un proc\u00e9s entre les fils du duc d&#8217;Otrante et Le Rouge. Tr\u00e8s exactement, le premier volume fut r\u00e9imprim\u00e9 entre l&#8217;assignation et le d\u00e9but des d\u00e9bats (octobre 1824), tandisque le second, qui porte au titre la date du 14 d\u00e9cembre 1824., pr\u00e9c\u00e9da de peu la sentence du 5 javier 1825. Judiciarement, et en d\u00e9pit de l&#8217;habile d\u00e9fensede Berryer fils, les M\u00e9moires furent consid\u00e9r\u00e9s comme un supercherie litt\u00e9raire et le proc\u00e9s fut gagn\u00e9 parles h\u00e9ritiers du ministre de la police, sentence d&#8216; ailleurs confirm\u00e9e par le proc\u00e9s en appel de 1826. Comme l&#8217;on sait, cel\u00e1 ne termina nullement le d\u00e9bat critique sur le r\u00f3le d&#8217;Alphonse de Beauchamp dans la r\u00e9daction, l&#8217;illuistration possible de papiers transmis par le duc lui-m\u00e9me (qui avant toujours d\u00e9clar\u00e9 vouloir publier ses souvenirs), et sur la valeur intrins\u00e8que du texte. L&#8217;on peut admettre qujourd&#8217;hui, en suivantMadelin, que l&#8217;essentiel du volume l&#8217;remonte \u00e0 la r\u00e9daction de l&#8217;auteur, et que Beauchamp ne joua un r\u00f3le r\u00e9dationnel important que pour le volume II ( See Cat. Teiss\u00e8dre). Fierro 564; Tulard 560. &#8211; A beautiful conserved copy with the nice portrait of Josphe Fouch\u00e9 as frotispiece.<\/p>\n","protected":false},"featured_media":0,"template":"","meta":[],"product_brand":[],"product_cat":[143,495,97,59,190,914],"product_tag":[],"class_list":{"0":"post-2749","1":"product","2":"type-product","3":"status-publish","5":"product_cat-francais","6":"product_cat-frankreich1750","7":"product_cat-geschichte","8":"product_cat-kulturgeschichte","9":"product_cat-politik","10":"product_cat-zvab","12":"first","13":"instock","14":"purchasable","15":"product-type-simple"},"_links":{"self":[{"href":"https:\/\/antiquariat-steinbach.com\/rarebooks\/wp-json\/wp\/v2\/product\/2749","targetHints":{"allow":["GET"]}}],"collection":[{"href":"https:\/\/antiquariat-steinbach.com\/rarebooks\/wp-json\/wp\/v2\/product"}],"about":[{"href":"https:\/\/antiquariat-steinbach.com\/rarebooks\/wp-json\/wp\/v2\/types\/product"}],"version-history":[{"count":3,"href":"https:\/\/antiquariat-steinbach.com\/rarebooks\/wp-json\/wp\/v2\/product\/2749\/revisions"}],"predecessor-version":[{"id":19404,"href":"https:\/\/antiquariat-steinbach.com\/rarebooks\/wp-json\/wp\/v2\/product\/2749\/revisions\/19404"}],"wp:attachment":[{"href":"https:\/\/antiquariat-steinbach.com\/rarebooks\/wp-json\/wp\/v2\/media?parent=2749"}],"wp:term":[{"taxonomy":"product_brand","embeddable":true,"href":"https:\/\/antiquariat-steinbach.com\/rarebooks\/wp-json\/wp\/v2\/product_brand?post=2749"},{"taxonomy":"product_cat","embeddable":true,"href":"https:\/\/antiquariat-steinbach.com\/rarebooks\/wp-json\/wp\/v2\/product_cat?post=2749"},{"taxonomy":"product_tag","embeddable":true,"href":"https:\/\/antiquariat-steinbach.com\/rarebooks\/wp-json\/wp\/v2\/product_tag?post=2749"}],"curies":[{"name":"wp","href":"https:\/\/api.w.org\/{rel}","templated":true}]}}