{"id":27394,"date":"2026-03-12T00:24:18","date_gmt":"2026-03-11T23:24:18","guid":{"rendered":"https:\/\/antiquariat-steinbach.com\/rarebooks\/produkt\/stuebel-andr-aufgefangene-briefe-welche-zwischen-etzlichen-curieusen-personen-ueber-den-itzigen-zustand-der-staats-und-gelehrten-welt-gewechselt-worden\/"},"modified":"2026-03-12T00:24:20","modified_gmt":"2026-03-11T23:24:20","slug":"stuebel-andr-aufgefangene-briefe-welche-zwischen-etzlichen-curieusen-personen-ueber-den-itzigen-zustand-der-staats-und-gelehrten-welt-gewechselt-worden","status":"publish","type":"product","link":"https:\/\/antiquariat-steinbach.com\/rarebooks\/produkt\/stuebel-andr-aufgefangene-briefe-welche-zwischen-etzlichen-curieusen-personen-ueber-den-itzigen-zustand-der-staats-und-gelehrten-welt-gewechselt-worden\/","title":{"rendered":"(St\u00fcbel, Andr.): &#8211;  Aufgefangene Briefe, welche zwischen etzlichen curieusen Personen \u00fcber den itzigen Zustand der Staats und gelehrten Welt gewechselt worden."},"content":{"rendered":"<p>Wahrenberg (= Leipzig), Freymunden 1700.<\/p>\n<p>Teile 7 &#8211; 12 (von 12) in 1 Band. 17 : 10 cm. Titel, Seiten 701 &#8211; 1232, 21 Blatt 4 (1 gefaltete) Kupfertafeln und 1 Holzschnittafel. Pergamentband der Zeit.<\/p>\n<p>120,00 EUR<\/p>\n","protected":false},"excerpt":{"rendered":"<p>Ein f\u00fcr die Geschichte des 17. und 18. Jahrhunderts wichtiges Werk, in welchem sich interessante Aufschl\u00fcsse und Anekdoten \u00fcber die damaligen Staatsh\u00e4ndel finden. Auch f\u00fcr die Geschichte des gesellschaftlichen Lebens von grossem Interesse, da sich die merkw\u00fcrdigsten Begebenheiten und Festlichkeiten, die Betr\u00fcgereien der Goldmacher, merkw\u00fcrdige Wunderzeichen, B\u00fcndnisse mit dem Teufel etc. aufgezeichnet finden (Hayn\/G. I, 455). &#8211; Unter den Tafeln eine Ansicht von Riga sowie Darstellungen der Datura (&#8222;eine Pflanze deren Safft sinnlos machet&#8220;) und der Amerikanischen Aloe im Botanischen Garten zu Leipzig erbl\u00fchte. &#8211; Ohne das Titelblatt zum 12. Teil, stellenweise mit einigen Wurmg\u00e4ngen, etwas wasserrandig und gebr\u00e4unt, das gefaltete Kupfer mit Einriss; Einband fleckig. Selten.<\/p>\n","protected":false},"featured_media":27396,"template":"","meta":[],"product_brand":[],"product_cat":[97,249,914],"product_tag":[],"class_list":{"0":"post-27394","1":"product","2":"type-product","3":"status-publish","4":"has-post-thumbnail","6":"product_cat-geschichte","7":"product_cat-recht","8":"product_cat-zvab","10":"first","11":"instock","12":"purchasable","13":"product-type-simple"},"_links":{"self":[{"href":"https:\/\/antiquariat-steinbach.com\/rarebooks\/wp-json\/wp\/v2\/product\/27394","targetHints":{"allow":["GET"]}}],"collection":[{"href":"https:\/\/antiquariat-steinbach.com\/rarebooks\/wp-json\/wp\/v2\/product"}],"about":[{"href":"https:\/\/antiquariat-steinbach.com\/rarebooks\/wp-json\/wp\/v2\/types\/product"}],"version-history":[{"count":1,"href":"https:\/\/antiquariat-steinbach.com\/rarebooks\/wp-json\/wp\/v2\/product\/27394\/revisions"}],"predecessor-version":[{"id":27395,"href":"https:\/\/antiquariat-steinbach.com\/rarebooks\/wp-json\/wp\/v2\/product\/27394\/revisions\/27395"}],"wp:featuredmedia":[{"embeddable":true,"href":"https:\/\/antiquariat-steinbach.com\/rarebooks\/wp-json\/wp\/v2\/media\/27396"}],"wp:attachment":[{"href":"https:\/\/antiquariat-steinbach.com\/rarebooks\/wp-json\/wp\/v2\/media?parent=27394"}],"wp:term":[{"taxonomy":"product_brand","embeddable":true,"href":"https:\/\/antiquariat-steinbach.com\/rarebooks\/wp-json\/wp\/v2\/product_brand?post=27394"},{"taxonomy":"product_cat","embeddable":true,"href":"https:\/\/antiquariat-steinbach.com\/rarebooks\/wp-json\/wp\/v2\/product_cat?post=27394"},{"taxonomy":"product_tag","embeddable":true,"href":"https:\/\/antiquariat-steinbach.com\/rarebooks\/wp-json\/wp\/v2\/product_tag?post=27394"}],"curies":[{"name":"wp","href":"https:\/\/api.w.org\/{rel}","templated":true}]}}