{"id":27383,"date":"2026-03-12T00:20:09","date_gmt":"2026-03-11T23:20:09","guid":{"rendered":"https:\/\/antiquariat-steinbach.com\/rarebooks\/produkt\/querschnitt-verlag-2-maschinengeschriebene-briefe-an-bzw-vom-querschnitt-verlag\/"},"modified":"2026-03-12T00:20:10","modified_gmt":"2026-03-11T23:20:10","slug":"querschnitt-verlag-2-maschinengeschriebene-briefe-an-bzw-vom-querschnitt-verlag","status":"publish","type":"product","link":"https:\/\/antiquariat-steinbach.com\/rarebooks\/produkt\/querschnitt-verlag-2-maschinengeschriebene-briefe-an-bzw-vom-querschnitt-verlag\/","title":{"rendered":"Querschnitt-Verlag &#8211;   2 maschinengeschriebene Briefe an bzw. vom Querschnitt-Verlag."},"content":{"rendered":"<p>Berlin, Juni 1924<\/p>\n<p>28,5 : 22 cm 2 Seiten.<\/p>\n<p>40,00 EUR<\/p>\n","protected":false},"excerpt":{"rendered":"<p>An Herrn Dr. Marx-Leux, Feuilleton-Redaktion der Deutschen Allgemeinen Zeitung, S\u00fcddeutsche Ausgabe. Dr. Mark-Leux beschwert sich, das er das letzte Heft des Verlages  nicht bekommen hat. &#8222;&#8230;in dem letzten Heft Ihres Verlages sich Carl Sternheim in ganz besonders liebensw\u00fcrdiger Weise mit meiner Person besch\u00e4ftigt &#8230; doch bin ich pers\u00f6nlich durchaus nicht \u00e4ngstlicher Natur und kann auch ruhig etwas lesen, was \u00fcber mich geschrieben ist&#8220;. &#8211; Im Anwortbrief des Querschnitt-Verlages: &#8222;Wir beeilen uns daher, ein Expl. Ihnen zu \u00fcbersenden und nehmen gerne davon Kenntnis, dass der pers\u00f6nliche Ausfall des Herrn Sternheim gegen Sie, mit dem sich \u00fcbrigens weder Verlag noch Redaktion identifizieren, nicht daran hindern werden, eine Besprechung des Querschniits in Ihrem gesch\u00e4tzten Blatt zu bringen&#8220;<\/p>\n","protected":false},"featured_media":27384,"template":"","meta":[],"product_brand":[],"product_cat":[186,74,267,914],"product_tag":[],"class_list":{"0":"post-27383","1":"product","2":"type-product","3":"status-publish","4":"has-post-thumbnail","6":"product_cat-autographen","7":"product_cat-deutschland","8":"product_cat-zeitungen-von","9":"product_cat-zvab","11":"first","12":"instock","13":"purchasable","14":"product-type-simple"},"_links":{"self":[{"href":"https:\/\/antiquariat-steinbach.com\/rarebooks\/wp-json\/wp\/v2\/product\/27383","targetHints":{"allow":["GET"]}}],"collection":[{"href":"https:\/\/antiquariat-steinbach.com\/rarebooks\/wp-json\/wp\/v2\/product"}],"about":[{"href":"https:\/\/antiquariat-steinbach.com\/rarebooks\/wp-json\/wp\/v2\/types\/product"}],"version-history":[{"count":1,"href":"https:\/\/antiquariat-steinbach.com\/rarebooks\/wp-json\/wp\/v2\/product\/27383\/revisions"}],"predecessor-version":[{"id":27895,"href":"https:\/\/antiquariat-steinbach.com\/rarebooks\/wp-json\/wp\/v2\/product\/27383\/revisions\/27895"}],"wp:featuredmedia":[{"embeddable":true,"href":"https:\/\/antiquariat-steinbach.com\/rarebooks\/wp-json\/wp\/v2\/media\/27384"}],"wp:attachment":[{"href":"https:\/\/antiquariat-steinbach.com\/rarebooks\/wp-json\/wp\/v2\/media?parent=27383"}],"wp:term":[{"taxonomy":"product_brand","embeddable":true,"href":"https:\/\/antiquariat-steinbach.com\/rarebooks\/wp-json\/wp\/v2\/product_brand?post=27383"},{"taxonomy":"product_cat","embeddable":true,"href":"https:\/\/antiquariat-steinbach.com\/rarebooks\/wp-json\/wp\/v2\/product_cat?post=27383"},{"taxonomy":"product_tag","embeddable":true,"href":"https:\/\/antiquariat-steinbach.com\/rarebooks\/wp-json\/wp\/v2\/product_tag?post=27383"}],"curies":[{"name":"wp","href":"https:\/\/api.w.org\/{rel}","templated":true}]}}