{"id":27381,"date":"2026-03-12T00:20:09","date_gmt":"2026-03-11T23:20:09","guid":{"rendered":"https:\/\/antiquariat-steinbach.com\/rarebooks\/produkt\/quenstedt-fr-aug-atlas-zum-handbuche-der-petrefaktenkunde\/"},"modified":"2026-03-12T00:20:10","modified_gmt":"2026-03-11T23:20:10","slug":"quenstedt-fr-aug-atlas-zum-handbuche-der-petrefaktenkunde","status":"publish","type":"product","link":"https:\/\/antiquariat-steinbach.com\/rarebooks\/produkt\/quenstedt-fr-aug-atlas-zum-handbuche-der-petrefaktenkunde\/","title":{"rendered":"Quenstedt, Fr. Aug: &#8211;  Atlas zum Handbuche der Petrefaktenkunde."},"content":{"rendered":"<p>T\u00fcbingen, Laupp 1867.<\/p>\n<p>2. vermehrte Auflage. 23 : 16 cm. Titel, 86 Blatt 86 lithographierte Tafeln mit vielen Abbildungen. Halblerdband der Zeit mit R\u00fcckenvergoldung und R\u00fcckenschild.<\/p>\n<p>600,00 EUR<\/p>\n","protected":false},"excerpt":{"rendered":"<p>Standardwerk  zur Pal\u00e4ontologie, Fossilienkunde, Versteinerungskunde etc. Zu jeder Tafel 1 Blatt mit Erkl\u00e4rungen, daher auch ohne den Textband wertvoll. &#8211; Die Textbl\u00e4tter etwas gebr\u00e4unt, sonst sehr sch\u00f6nes Exemplar. &#8211; Nissen 3262,<\/p>\n","protected":false},"featured_media":27382,"template":"","meta":[],"product_brand":[],"product_cat":[342,537,668,914],"product_tag":[],"class_list":{"0":"post-27381","1":"product","2":"type-product","3":"status-publish","4":"has-post-thumbnail","6":"product_cat-ffm11","7":"product_cat-geologie","8":"product_cat-mineralogie","9":"product_cat-zvab","11":"first","12":"instock","13":"purchasable","14":"product-type-simple"},"_links":{"self":[{"href":"https:\/\/antiquariat-steinbach.com\/rarebooks\/wp-json\/wp\/v2\/product\/27381","targetHints":{"allow":["GET"]}}],"collection":[{"href":"https:\/\/antiquariat-steinbach.com\/rarebooks\/wp-json\/wp\/v2\/product"}],"about":[{"href":"https:\/\/antiquariat-steinbach.com\/rarebooks\/wp-json\/wp\/v2\/types\/product"}],"version-history":[{"count":1,"href":"https:\/\/antiquariat-steinbach.com\/rarebooks\/wp-json\/wp\/v2\/product\/27381\/revisions"}],"predecessor-version":[{"id":27894,"href":"https:\/\/antiquariat-steinbach.com\/rarebooks\/wp-json\/wp\/v2\/product\/27381\/revisions\/27894"}],"wp:featuredmedia":[{"embeddable":true,"href":"https:\/\/antiquariat-steinbach.com\/rarebooks\/wp-json\/wp\/v2\/media\/27382"}],"wp:attachment":[{"href":"https:\/\/antiquariat-steinbach.com\/rarebooks\/wp-json\/wp\/v2\/media?parent=27381"}],"wp:term":[{"taxonomy":"product_brand","embeddable":true,"href":"https:\/\/antiquariat-steinbach.com\/rarebooks\/wp-json\/wp\/v2\/product_brand?post=27381"},{"taxonomy":"product_cat","embeddable":true,"href":"https:\/\/antiquariat-steinbach.com\/rarebooks\/wp-json\/wp\/v2\/product_cat?post=27381"},{"taxonomy":"product_tag","embeddable":true,"href":"https:\/\/antiquariat-steinbach.com\/rarebooks\/wp-json\/wp\/v2\/product_tag?post=27381"}],"curies":[{"name":"wp","href":"https:\/\/api.w.org\/{rel}","templated":true}]}}