{"id":27379,"date":"2026-03-12T00:20:09","date_gmt":"2026-03-11T23:20:09","guid":{"rendered":"https:\/\/antiquariat-steinbach.com\/rarebooks\/produkt\/pyrker-johann-ladislaus-saemmtliche-werke-2\/"},"modified":"2026-03-12T00:20:09","modified_gmt":"2026-03-11T23:20:09","slug":"pyrker-johann-ladislaus-saemmtliche-werke-2","status":"publish","type":"product","link":"https:\/\/antiquariat-steinbach.com\/rarebooks\/produkt\/pyrker-johann-ladislaus-saemmtliche-werke-2\/","title":{"rendered":"Pyrker, Johann Ladislaus: &#8211;  S\u00e4mmtliche werke."},"content":{"rendered":"<p>Stuttgart und T\u00fcbingen, Cotta 1855.<\/p>\n<p>Neue verbesserte Ausgabe. 3 B\u00e4nde. 15,5 : 11.5 cm. Mit Portr\u00e4t und 3 Kupfertafeln. Pappb\u00e4nde der Zeit mit R\u00fcckenschild.<\/p>\n<p>50,00 EUR<\/p>\n","protected":false},"excerpt":{"rendered":"<p>Stuttgart und T\u00fcbingen, Cotta 1855. Neue verbesserte Ausgabe. 3 B\u00e4nde. 15,5 : 11.5 cm. Mit Portr\u00e4t und 3 Kupfertafeln. Pappb\u00e4nde&hellip;<\/p>\n","protected":false},"featured_media":0,"template":"","meta":[],"product_brand":[],"product_cat":[32,102,103,914],"product_tag":[],"class_list":{"0":"post-27379","1":"product","2":"type-product","3":"status-publish","5":"product_cat-literatur","6":"product_cat-literaturwissenschaft","7":"product_cat-michael","8":"product_cat-zvab","10":"first","11":"instock","12":"purchasable","13":"product-type-simple"},"_links":{"self":[{"href":"https:\/\/antiquariat-steinbach.com\/rarebooks\/wp-json\/wp\/v2\/product\/27379","targetHints":{"allow":["GET"]}}],"collection":[{"href":"https:\/\/antiquariat-steinbach.com\/rarebooks\/wp-json\/wp\/v2\/product"}],"about":[{"href":"https:\/\/antiquariat-steinbach.com\/rarebooks\/wp-json\/wp\/v2\/types\/product"}],"version-history":[{"count":1,"href":"https:\/\/antiquariat-steinbach.com\/rarebooks\/wp-json\/wp\/v2\/product\/27379\/revisions"}],"predecessor-version":[{"id":27892,"href":"https:\/\/antiquariat-steinbach.com\/rarebooks\/wp-json\/wp\/v2\/product\/27379\/revisions\/27892"}],"wp:attachment":[{"href":"https:\/\/antiquariat-steinbach.com\/rarebooks\/wp-json\/wp\/v2\/media?parent=27379"}],"wp:term":[{"taxonomy":"product_brand","embeddable":true,"href":"https:\/\/antiquariat-steinbach.com\/rarebooks\/wp-json\/wp\/v2\/product_brand?post=27379"},{"taxonomy":"product_cat","embeddable":true,"href":"https:\/\/antiquariat-steinbach.com\/rarebooks\/wp-json\/wp\/v2\/product_cat?post=27379"},{"taxonomy":"product_tag","embeddable":true,"href":"https:\/\/antiquariat-steinbach.com\/rarebooks\/wp-json\/wp\/v2\/product_tag?post=27379"}],"curies":[{"name":"wp","href":"https:\/\/api.w.org\/{rel}","templated":true}]}}