{"id":27357,"date":"2026-03-12T00:04:21","date_gmt":"2026-03-11T23:04:21","guid":{"rendered":"https:\/\/antiquariat-steinbach.com\/rarebooks\/produkt\/corinth-lovis-odysseus-und-nausikaa-die-tochter-des-koenigs-alkinoos-mit-dem-schiffbruechigen-odysseus-vor-ihrem-vater-vgl-homer-odyssee-6-7\/"},"modified":"2026-03-12T00:04:21","modified_gmt":"2026-03-11T23:04:21","slug":"corinth-lovis-odysseus-und-nausikaa-die-tochter-des-koenigs-alkinoos-mit-dem-schiffbruechigen-odysseus-vor-ihrem-vater-vgl-homer-odyssee-6-7","status":"publish","type":"product","link":"https:\/\/antiquariat-steinbach.com\/rarebooks\/produkt\/corinth-lovis-odysseus-und-nausikaa-die-tochter-des-koenigs-alkinoos-mit-dem-schiffbruechigen-odysseus-vor-ihrem-vater-vgl-homer-odyssee-6-7\/","title":{"rendered":"Corinth, Lovis. &#8211;  Odysseus und Nausikaa. Die Tochter des K\u00f6nigs Alkinoos mit dem schiffbr\u00fcchigen Odysseus vor ihrem Vater. ( Vgl. Homer, Odyssee 6 -7)."},"content":{"rendered":"<p>Vienna,  Gesellschaft f\u00fcr vervielf\u00e4ltigende Kunst, 1918.<\/p>\n<p>37,5 : 50 cm. Original Lithographie.<\/p>\n<p>120,00 EUR<\/p>\n","protected":false},"excerpt":{"rendered":"<p>Lovis Corinth: Tapiau 1858 &#8211; 1925 Zandvoort. Deutscher Maler und Grafiker, bedeutender Impressionist. Studium an den Kunstakademien in M\u00fcnchen, Paris und K\u00f6nigsberg. T\u00e4tig u. a. in M\u00fcnchen und Berlin. Lithographie von 1918 (publiziert 1919) auf cr\u00e8mefarbenem Papier. Unter dem Motiv in Versalien bezeichnet \u201cLovis Corinth. Odysseus und Nausikaa. Originallithographie, Druck von Albert Berger, Wien, Verlag der Gesellschaft f\u00fcr vervielf\u00e4ltigende Kunst Wien\u201c. &#8211; Lit.: K. Schwarz, Das graphische Werk von Lovis Corinth,<\/p>\n","protected":false},"featured_media":27358,"template":"","meta":[],"product_brand":[],"product_cat":[29,417,153,317,914],"product_tag":[],"class_list":{"0":"post-27357","1":"product","2":"type-product","3":"status-publish","4":"has-post-thumbnail","6":"product_cat-20-jahrhundert","7":"product_cat-corinth","8":"product_cat-graphik","9":"product_cat-kuenstlergraphik","10":"product_cat-zvab","12":"first","13":"instock","14":"purchasable","15":"product-type-simple"},"_links":{"self":[{"href":"https:\/\/antiquariat-steinbach.com\/rarebooks\/wp-json\/wp\/v2\/product\/27357","targetHints":{"allow":["GET"]}}],"collection":[{"href":"https:\/\/antiquariat-steinbach.com\/rarebooks\/wp-json\/wp\/v2\/product"}],"about":[{"href":"https:\/\/antiquariat-steinbach.com\/rarebooks\/wp-json\/wp\/v2\/types\/product"}],"version-history":[{"count":1,"href":"https:\/\/antiquariat-steinbach.com\/rarebooks\/wp-json\/wp\/v2\/product\/27357\/revisions"}],"predecessor-version":[{"id":27661,"href":"https:\/\/antiquariat-steinbach.com\/rarebooks\/wp-json\/wp\/v2\/product\/27357\/revisions\/27661"}],"wp:featuredmedia":[{"embeddable":true,"href":"https:\/\/antiquariat-steinbach.com\/rarebooks\/wp-json\/wp\/v2\/media\/27358"}],"wp:attachment":[{"href":"https:\/\/antiquariat-steinbach.com\/rarebooks\/wp-json\/wp\/v2\/media?parent=27357"}],"wp:term":[{"taxonomy":"product_brand","embeddable":true,"href":"https:\/\/antiquariat-steinbach.com\/rarebooks\/wp-json\/wp\/v2\/product_brand?post=27357"},{"taxonomy":"product_cat","embeddable":true,"href":"https:\/\/antiquariat-steinbach.com\/rarebooks\/wp-json\/wp\/v2\/product_cat?post=27357"},{"taxonomy":"product_tag","embeddable":true,"href":"https:\/\/antiquariat-steinbach.com\/rarebooks\/wp-json\/wp\/v2\/product_tag?post=27357"}],"curies":[{"name":"wp","href":"https:\/\/api.w.org\/{rel}","templated":true}]}}