{"id":2735,"date":"2026-03-12T00:06:40","date_gmt":"2026-03-11T23:06:40","guid":{"rendered":"http:\/\/antiquariat-steinbach.com\/rarebooks\/produkt\/der-schwaetzer-deutsch-von-elmar-tophoven\/"},"modified":"2026-03-12T00:06:41","modified_gmt":"2026-03-11T23:06:41","slug":"forets-louis-rene-des-der-schwaetzer-deutsch-von-elmar-tophoven","status":"publish","type":"product","link":"https:\/\/antiquariat-steinbach.com\/rarebooks\/produkt\/forets-louis-rene-des-der-schwaetzer-deutsch-von-elmar-tophoven\/","title":{"rendered":"Forets, Louis-Ren\u00e9 des. &#8211;  Der Schw\u00e4tzer. Deutsch von Elmar Tophoven."},"content":{"rendered":"<p>Munich, K\u00f6sel, 1968.<\/p>\n<p>22,5 : 14 cm.<\/p>\n<p>60,00 EUR<\/p>\n","protected":false},"excerpt":{"rendered":"<p>106 pages. Coloured illustrated original boards designed by Fritz Genkinger. First german edition. With a interesting designed cover which can be opened, in different amazing colours. First volume of the series &#8218;contemporains .Poesie und Prosa. Typography by Josua Reichert and Friedhelm Pf\u00e4fflin. Coloured illustrated original boards designed by Fritz Genkinger.<\/p>\n","protected":false},"featured_media":0,"template":"","meta":[],"product_brand":[],"product_cat":[29,32,914],"product_tag":[],"class_list":{"0":"post-2735","1":"product","2":"type-product","3":"status-publish","5":"product_cat-20-jahrhundert","6":"product_cat-literatur","7":"product_cat-zvab","9":"first","10":"instock","11":"purchasable","12":"product-type-simple"},"_links":{"self":[{"href":"https:\/\/antiquariat-steinbach.com\/rarebooks\/wp-json\/wp\/v2\/product\/2735","targetHints":{"allow":["GET"]}}],"collection":[{"href":"https:\/\/antiquariat-steinbach.com\/rarebooks\/wp-json\/wp\/v2\/product"}],"about":[{"href":"https:\/\/antiquariat-steinbach.com\/rarebooks\/wp-json\/wp\/v2\/types\/product"}],"version-history":[{"count":3,"href":"https:\/\/antiquariat-steinbach.com\/rarebooks\/wp-json\/wp\/v2\/product\/2735\/revisions"}],"predecessor-version":[{"id":19396,"href":"https:\/\/antiquariat-steinbach.com\/rarebooks\/wp-json\/wp\/v2\/product\/2735\/revisions\/19396"}],"wp:attachment":[{"href":"https:\/\/antiquariat-steinbach.com\/rarebooks\/wp-json\/wp\/v2\/media?parent=2735"}],"wp:term":[{"taxonomy":"product_brand","embeddable":true,"href":"https:\/\/antiquariat-steinbach.com\/rarebooks\/wp-json\/wp\/v2\/product_brand?post=2735"},{"taxonomy":"product_cat","embeddable":true,"href":"https:\/\/antiquariat-steinbach.com\/rarebooks\/wp-json\/wp\/v2\/product_cat?post=2735"},{"taxonomy":"product_tag","embeddable":true,"href":"https:\/\/antiquariat-steinbach.com\/rarebooks\/wp-json\/wp\/v2\/product_tag?post=2735"}],"curies":[{"name":"wp","href":"https:\/\/api.w.org\/{rel}","templated":true}]}}