{"id":27335,"date":"2026-03-12T00:08:33","date_gmt":"2026-03-11T23:08:33","guid":{"rendered":"https:\/\/antiquariat-steinbach.com\/rarebooks\/produkt\/grimm-gebrueder-schneeweisschen-und-rosenrot\/"},"modified":"2026-03-12T00:08:34","modified_gmt":"2026-03-11T23:08:34","slug":"grimm-gebrueder-schneeweisschen-und-rosenrot","status":"publish","type":"product","link":"https:\/\/antiquariat-steinbach.com\/rarebooks\/produkt\/grimm-gebrueder-schneeweisschen-und-rosenrot\/","title":{"rendered":"Grimm, Gebr\u00fcder: &#8211;  Schneewei\u00dfchen und Rosenrot."},"content":{"rendered":"<p>Mainz, Scholz, (1911).<\/p>\n<p>22,5 : 29 cm. 8 leaves with 8 full-page coloured illustrations by Lena Bauernfeind. Coloured illustrated half cloth.<\/p>\n<p>240,00 EUR<\/p>\n","protected":false},"excerpt":{"rendered":"<p>Lena Bauernfeind (1875 Wien &#8211; 1953 Innsbruck) was a niece of Moritz von Schwing, was studiing at the school of applied art in Vienna and afterwards at the academie of woman in Munich under Julius Diez and Leo Putz. &#8211; Scholz&#8216; K\u00fcnstler-Bilderb\u00fccher Serie A: M\u00e4rchen Nr. 12. &#8211; Ries (Scholz) S. 126 ff.; vgl. Ries S. 415,6.<\/p>\n","protected":false},"featured_media":27336,"template":"","meta":[],"product_brand":[],"product_cat":[60,137,914],"product_tag":[],"class_list":{"0":"post-27335","1":"product","2":"type-product","3":"status-publish","4":"has-post-thumbnail","6":"product_cat-kinderbuecher","7":"product_cat-maerchen","8":"product_cat-zvab","10":"first","11":"instock","12":"purchasable","13":"product-type-simple"},"_links":{"self":[{"href":"https:\/\/antiquariat-steinbach.com\/rarebooks\/wp-json\/wp\/v2\/product\/27335","targetHints":{"allow":["GET"]}}],"collection":[{"href":"https:\/\/antiquariat-steinbach.com\/rarebooks\/wp-json\/wp\/v2\/product"}],"about":[{"href":"https:\/\/antiquariat-steinbach.com\/rarebooks\/wp-json\/wp\/v2\/types\/product"}],"version-history":[{"count":1,"href":"https:\/\/antiquariat-steinbach.com\/rarebooks\/wp-json\/wp\/v2\/product\/27335\/revisions"}],"predecessor-version":[{"id":27738,"href":"https:\/\/antiquariat-steinbach.com\/rarebooks\/wp-json\/wp\/v2\/product\/27335\/revisions\/27738"}],"wp:featuredmedia":[{"embeddable":true,"href":"https:\/\/antiquariat-steinbach.com\/rarebooks\/wp-json\/wp\/v2\/media\/27336"}],"wp:attachment":[{"href":"https:\/\/antiquariat-steinbach.com\/rarebooks\/wp-json\/wp\/v2\/media?parent=27335"}],"wp:term":[{"taxonomy":"product_brand","embeddable":true,"href":"https:\/\/antiquariat-steinbach.com\/rarebooks\/wp-json\/wp\/v2\/product_brand?post=27335"},{"taxonomy":"product_cat","embeddable":true,"href":"https:\/\/antiquariat-steinbach.com\/rarebooks\/wp-json\/wp\/v2\/product_cat?post=27335"},{"taxonomy":"product_tag","embeddable":true,"href":"https:\/\/antiquariat-steinbach.com\/rarebooks\/wp-json\/wp\/v2\/product_tag?post=27335"}],"curies":[{"name":"wp","href":"https:\/\/api.w.org\/{rel}","templated":true}]}}