{"id":2731,"date":"2026-03-12T00:06:40","date_gmt":"2026-03-11T23:06:40","guid":{"rendered":"http:\/\/antiquariat-steinbach.com\/rarebooks\/produkt\/reisen-in-den-savoyer-alpen-und-in-anderen-theilen-der-penninen-kette-nebst-beobachtungen-ueber-die-gletscher\/"},"modified":"2026-03-12T00:06:41","modified_gmt":"2026-03-11T23:06:41","slug":"forbes-james-d-reisen-in-den-savoyer-alpen-und-in-anderen-theilen-der-penninen-kette-nebst-beobachtungen-ueber-die-gletscher","status":"publish","type":"product","link":"https:\/\/antiquariat-steinbach.com\/rarebooks\/produkt\/forbes-james-d-reisen-in-den-savoyer-alpen-und-in-anderen-theilen-der-penninen-kette-nebst-beobachtungen-ueber-die-gletscher\/","title":{"rendered":"Forbes, James D: &#8211;  Reisen in den Savoyer Alpen und in anderen Theilen der Penninen-Kette nebst Beobachtungen \u00fcber die Gletscher."},"content":{"rendered":"<p>Stuttgart, Schweizerbart 1845.<\/p>\n<p>22 : 14,5 cm. XII, 386 Seiten mit 7 (1 farbigen) lithographierten Tafeln und 2 mehrfach gefalteten, lithographierten Karten. Halbleinenband der Zeit.<\/p>\n<p>410,00 EUR<\/p>\n","protected":false},"excerpt":{"rendered":"<p>Erste deutsche Ausgabe. Beobachtungen des ber\u00fchmten schottischen Naturforschers J.D. Forbes (1809-1868), der auf seinen Reisen in die Schweiz und nach Norwegen die glazialmorphologischePh\u00e4nomenologie begr\u00fcndete. &#8211; Die ersten Baltt etwas st\u00e4rker, sonst nur vereinzelt etwas stockfleckig; Einband gering berieben. &#8211; Selten. &#8211; Dreyer 49.<\/p>\n","protected":false},"featured_media":25796,"template":"","meta":[],"product_brand":[],"product_cat":[36,176,96,65,607,914],"product_tag":[],"class_list":{"0":"post-2731","1":"product","2":"type-product","3":"status-publish","4":"has-post-thumbnail","6":"product_cat-alpen","7":"product_cat-first-edition","8":"product_cat-frankreich","9":"product_cat-geographie","10":"product_cat-meteorologie","11":"product_cat-zvab","13":"first","14":"instock","15":"purchasable","16":"product-type-simple"},"_links":{"self":[{"href":"https:\/\/antiquariat-steinbach.com\/rarebooks\/wp-json\/wp\/v2\/product\/2731","targetHints":{"allow":["GET"]}}],"collection":[{"href":"https:\/\/antiquariat-steinbach.com\/rarebooks\/wp-json\/wp\/v2\/product"}],"about":[{"href":"https:\/\/antiquariat-steinbach.com\/rarebooks\/wp-json\/wp\/v2\/types\/product"}],"version-history":[{"count":4,"href":"https:\/\/antiquariat-steinbach.com\/rarebooks\/wp-json\/wp\/v2\/product\/2731\/revisions"}],"predecessor-version":[{"id":27717,"href":"https:\/\/antiquariat-steinbach.com\/rarebooks\/wp-json\/wp\/v2\/product\/2731\/revisions\/27717"}],"wp:featuredmedia":[{"embeddable":true,"href":"https:\/\/antiquariat-steinbach.com\/rarebooks\/wp-json\/wp\/v2\/media\/25796"}],"wp:attachment":[{"href":"https:\/\/antiquariat-steinbach.com\/rarebooks\/wp-json\/wp\/v2\/media?parent=2731"}],"wp:term":[{"taxonomy":"product_brand","embeddable":true,"href":"https:\/\/antiquariat-steinbach.com\/rarebooks\/wp-json\/wp\/v2\/product_brand?post=2731"},{"taxonomy":"product_cat","embeddable":true,"href":"https:\/\/antiquariat-steinbach.com\/rarebooks\/wp-json\/wp\/v2\/product_cat?post=2731"},{"taxonomy":"product_tag","embeddable":true,"href":"https:\/\/antiquariat-steinbach.com\/rarebooks\/wp-json\/wp\/v2\/product_tag?post=2731"}],"curies":[{"name":"wp","href":"https:\/\/api.w.org\/{rel}","templated":true}]}}