{"id":27243,"date":"2026-03-12T00:02:52","date_gmt":"2026-03-11T23:02:52","guid":{"rendered":"https:\/\/antiquariat-steinbach.com\/rarebooks\/produkt\/caricature-edoard-blot-et-fils-la-capitulation-de-sedan\/"},"modified":"2026-03-12T00:02:53","modified_gmt":"2026-03-11T23:02:53","slug":"caricature-edoard-blot-et-fils-la-capitulation-de-sedan","status":"publish","type":"product","link":"https:\/\/antiquariat-steinbach.com\/rarebooks\/produkt\/caricature-edoard-blot-et-fils-la-capitulation-de-sedan\/","title":{"rendered":"Caricature &#8211;   Edoard Blot et Fils. &#8211;  La capitulation de Sedan."},"content":{"rendered":"<p>Paris, Gabillaud, 1870,<\/p>\n<p>50 : 32 cm. Lithographie colori\u00e9e \u00e0 la main sur papier.<\/p>\n<p>80,00 EUR<\/p>\n","protected":false},"excerpt":{"rendered":"<p>Journal avec texte et illustration montrant Napol\u00e9on III et les g\u00e9n\u00e9raux fran\u00e7ais signant les termes de la capitulation apr\u00e8s la bataille de Sedan. L&#8217;Empereur est assis \u00e0 une table au centre de la sc\u00e8ne, tourn\u00e9 et tourn\u00e9 vers la gauche, et signe un morceau de papier. Un g\u00e9n\u00e9ral allemand se penche sur lui et observe. Derri\u00e8re la table se trouve un g\u00e9n\u00e9ral fran\u00e7ais qui regarde. Debout devant une fen\u00eatre \u00e0 gauche, et dos au spectateur, se trouve un homme de petite taille ; il regarde par la fen\u00eatre les destructions caus\u00e9es par la bataille. Imprimer \u00e0 partir d&#8217;un ensemble de caricatures.<\/p>\n","protected":false},"featured_media":27244,"template":"","meta":[],"product_brand":[],"product_cat":[859,96,190,914],"product_tag":[],"class_list":{"0":"post-27243","1":"product","2":"type-product","3":"status-publish","4":"has-post-thumbnail","6":"product_cat-caricature-karikatur","7":"product_cat-frankreich","8":"product_cat-politik","9":"product_cat-zvab","11":"first","12":"instock","13":"purchasable","14":"product-type-simple"},"_links":{"self":[{"href":"https:\/\/antiquariat-steinbach.com\/rarebooks\/wp-json\/wp\/v2\/product\/27243","targetHints":{"allow":["GET"]}}],"collection":[{"href":"https:\/\/antiquariat-steinbach.com\/rarebooks\/wp-json\/wp\/v2\/product"}],"about":[{"href":"https:\/\/antiquariat-steinbach.com\/rarebooks\/wp-json\/wp\/v2\/types\/product"}],"version-history":[{"count":1,"href":"https:\/\/antiquariat-steinbach.com\/rarebooks\/wp-json\/wp\/v2\/product\/27243\/revisions"}],"predecessor-version":[{"id":27639,"href":"https:\/\/antiquariat-steinbach.com\/rarebooks\/wp-json\/wp\/v2\/product\/27243\/revisions\/27639"}],"wp:featuredmedia":[{"embeddable":true,"href":"https:\/\/antiquariat-steinbach.com\/rarebooks\/wp-json\/wp\/v2\/media\/27244"}],"wp:attachment":[{"href":"https:\/\/antiquariat-steinbach.com\/rarebooks\/wp-json\/wp\/v2\/media?parent=27243"}],"wp:term":[{"taxonomy":"product_brand","embeddable":true,"href":"https:\/\/antiquariat-steinbach.com\/rarebooks\/wp-json\/wp\/v2\/product_brand?post=27243"},{"taxonomy":"product_cat","embeddable":true,"href":"https:\/\/antiquariat-steinbach.com\/rarebooks\/wp-json\/wp\/v2\/product_cat?post=27243"},{"taxonomy":"product_tag","embeddable":true,"href":"https:\/\/antiquariat-steinbach.com\/rarebooks\/wp-json\/wp\/v2\/product_tag?post=27243"}],"curies":[{"name":"wp","href":"https:\/\/api.w.org\/{rel}","templated":true}]}}