{"id":2717,"date":"2026-03-12T00:06:38","date_gmt":"2026-03-11T23:06:38","guid":{"rendered":"http:\/\/antiquariat-steinbach.com\/rarebooks\/produkt\/scenes-de-recits-historiques-tires-de-lhistoire-de-france\/"},"modified":"2026-03-12T00:06:39","modified_gmt":"2026-03-11T23:06:39","slug":"foa-eugenie-scenes-de-recits-historiques-tires-de-lhistoire-de-france","status":"publish","type":"product","link":"https:\/\/antiquariat-steinbach.com\/rarebooks\/produkt\/foa-eugenie-scenes-de-recits-historiques-tires-de-lhistoire-de-france\/","title":{"rendered":"Foa, Eugenie: &#8211;  Scenes de r\u00e9cits historiques tir\u00e9s de l&#8217;histoire de France."},"content":{"rendered":"<p>Paris, B\u00e9delet n.d.(ca. 1840).<\/p>\n<p>24,5 : 16 cm. VI, 256 pages With 8 handcoloured lithographed plates. Contemporary cloth, spine and boards richly illustreted in different colours.<\/p>\n<p>280,00 EUR<\/p>\n","protected":false},"excerpt":{"rendered":"<p>With stories from  the French history. &#8211; First 5 pages in the lower left corner a bit demaged, some occassional foxing; edges a bit rubbed.<\/p>\n","protected":false},"featured_media":0,"template":"","meta":[],"product_brand":[],"product_cat":[360,143,97,32,914],"product_tag":[],"class_list":{"0":"post-2717","1":"product","2":"type-product","3":"status-publish","5":"product_cat-19-jhdt","6":"product_cat-francais","7":"product_cat-geschichte","8":"product_cat-literatur","9":"product_cat-zvab","11":"first","12":"instock","13":"purchasable","14":"product-type-simple"},"_links":{"self":[{"href":"https:\/\/antiquariat-steinbach.com\/rarebooks\/wp-json\/wp\/v2\/product\/2717","targetHints":{"allow":["GET"]}}],"collection":[{"href":"https:\/\/antiquariat-steinbach.com\/rarebooks\/wp-json\/wp\/v2\/product"}],"about":[{"href":"https:\/\/antiquariat-steinbach.com\/rarebooks\/wp-json\/wp\/v2\/types\/product"}],"version-history":[{"count":3,"href":"https:\/\/antiquariat-steinbach.com\/rarebooks\/wp-json\/wp\/v2\/product\/2717\/revisions"}],"predecessor-version":[{"id":19389,"href":"https:\/\/antiquariat-steinbach.com\/rarebooks\/wp-json\/wp\/v2\/product\/2717\/revisions\/19389"}],"wp:attachment":[{"href":"https:\/\/antiquariat-steinbach.com\/rarebooks\/wp-json\/wp\/v2\/media?parent=2717"}],"wp:term":[{"taxonomy":"product_brand","embeddable":true,"href":"https:\/\/antiquariat-steinbach.com\/rarebooks\/wp-json\/wp\/v2\/product_brand?post=2717"},{"taxonomy":"product_cat","embeddable":true,"href":"https:\/\/antiquariat-steinbach.com\/rarebooks\/wp-json\/wp\/v2\/product_cat?post=2717"},{"taxonomy":"product_tag","embeddable":true,"href":"https:\/\/antiquariat-steinbach.com\/rarebooks\/wp-json\/wp\/v2\/product_tag?post=2717"}],"curies":[{"name":"wp","href":"https:\/\/api.w.org\/{rel}","templated":true}]}}