{"id":27159,"date":"2026-03-12T00:18:52","date_gmt":"2026-03-11T23:18:52","guid":{"rendered":"https:\/\/antiquariat-steinbach.com\/rarebooks\/produkt\/plakate-das-plakat\/"},"modified":"2026-03-12T00:18:53","modified_gmt":"2026-03-11T23:18:53","slug":"plakate-das-plakat","status":"publish","type":"product","link":"https:\/\/antiquariat-steinbach.com\/rarebooks\/produkt\/plakate-das-plakat\/","title":{"rendered":"Plakate &#8211;   Das Plakat."},"content":{"rendered":"<p>Berlin, Schildberger, 1914.<\/p>\n<p>5. Year, issue 2. 29,5 : 22,5 cm. With many, partly coloured, partly mounted plates and illustrations. Coloured illustrated original wrappers.<\/p>\n<p>250,00 EUR<\/p>\n","protected":false},"excerpt":{"rendered":"<p>Contains: Hans Sachs &#8218;Julius Gipkens&#8216;, H.J. M\u00f6bs &#8218;Plakat und P\u00e4dagogik&#8216;, V\u00e1rnai, &#8218;Daniel &#8218;Michael Bir\u00f3, ein Proletarierk\u00fcnstler&#8216;, Halbert, A. &#8218;Das Sch\u00f6nheits- und Schcklichkeitsideal im m odernen Plakat&#8216; &#8211; Complet with all mounted plates and illustrations. &#8211;  Partly  waterstains mainly in the lower parts; wrappers partly wrikled and damaged. &#8211; Even with this defects in very interesting issue of the journal.<\/p>\n","protected":false},"featured_media":27161,"template":"","meta":[],"product_brand":[],"product_cat":[74,88,87,914],"product_tag":[],"class_list":{"0":"post-27159","1":"product","2":"type-product","3":"status-publish","4":"has-post-thumbnail","6":"product_cat-deutschland","7":"product_cat-plakate","8":"product_cat-werbung","9":"product_cat-zvab","11":"first","12":"instock","13":"purchasable","14":"product-type-simple"},"_links":{"self":[{"href":"https:\/\/antiquariat-steinbach.com\/rarebooks\/wp-json\/wp\/v2\/product\/27159","targetHints":{"allow":["GET"]}}],"collection":[{"href":"https:\/\/antiquariat-steinbach.com\/rarebooks\/wp-json\/wp\/v2\/product"}],"about":[{"href":"https:\/\/antiquariat-steinbach.com\/rarebooks\/wp-json\/wp\/v2\/types\/product"}],"version-history":[{"count":1,"href":"https:\/\/antiquariat-steinbach.com\/rarebooks\/wp-json\/wp\/v2\/product\/27159\/revisions"}],"predecessor-version":[{"id":27160,"href":"https:\/\/antiquariat-steinbach.com\/rarebooks\/wp-json\/wp\/v2\/product\/27159\/revisions\/27160"}],"wp:featuredmedia":[{"embeddable":true,"href":"https:\/\/antiquariat-steinbach.com\/rarebooks\/wp-json\/wp\/v2\/media\/27161"}],"wp:attachment":[{"href":"https:\/\/antiquariat-steinbach.com\/rarebooks\/wp-json\/wp\/v2\/media?parent=27159"}],"wp:term":[{"taxonomy":"product_brand","embeddable":true,"href":"https:\/\/antiquariat-steinbach.com\/rarebooks\/wp-json\/wp\/v2\/product_brand?post=27159"},{"taxonomy":"product_cat","embeddable":true,"href":"https:\/\/antiquariat-steinbach.com\/rarebooks\/wp-json\/wp\/v2\/product_cat?post=27159"},{"taxonomy":"product_tag","embeddable":true,"href":"https:\/\/antiquariat-steinbach.com\/rarebooks\/wp-json\/wp\/v2\/product_tag?post=27159"}],"curies":[{"name":"wp","href":"https:\/\/api.w.org\/{rel}","templated":true}]}}