{"id":26968,"date":"2026-03-12T00:04:45","date_gmt":"2026-03-11T23:04:45","guid":{"rendered":"https:\/\/antiquariat-steinbach.com\/rarebooks\/produkt\/il-dominguez-eluard-paul-poesie-et-verite-1942-illustre-par-oscar-dominguez\/"},"modified":"2026-03-12T00:04:46","modified_gmt":"2026-03-11T23:04:46","slug":"dominguez-eluard-paul-poesie-et-verite-1942-illustre-par-oscar-dominguez","status":"publish","type":"product","link":"https:\/\/antiquariat-steinbach.com\/rarebooks\/produkt\/dominguez-eluard-paul-poesie-et-verite-1942-illustre-par-oscar-dominguez\/","title":{"rendered":"Dominguez &#8211;   Eluard, Paul. &#8211;  Po\u00e9sie et V\u00e9rit\u00e9 1942 illustr\u00e9 par Oscar Dominguez."},"content":{"rendered":"<p>Paris, Les Nourritures terrestres, 1947.<\/p>\n<p>34 : 27 cm. 36 leaves with 31 (1 coloured )engravings by Oscar Dominguez. Loose as issued in half-vellum chemise.<\/p>\n<p>1200,00 EUR<\/p>\n","protected":false},"excerpt":{"rendered":"<p>Oscar Dominguez is considered today as one of the most important artist of the Spanish Avantgarde. &#8211; One of 185 copies, imprint signed by Eluard. With the autorphed poems by Eluard in facsimile. &#8211; Ocassional some light foxing.<\/p>\n","protected":false},"featured_media":26969,"template":"","meta":[],"product_brand":[],"product_cat":[29,172,43,148,914],"product_tag":[],"class_list":{"0":"post-26968","1":"product","2":"type-product","3":"status-publish","4":"has-post-thumbnail","6":"product_cat-20-jahrhundert","7":"product_cat-avantgarde-20-jahrhundert","8":"product_cat-illustrierte-buecher","9":"product_cat-spanien","10":"product_cat-zvab","12":"first","13":"instock","14":"purchasable","15":"product-type-simple"},"_links":{"self":[{"href":"https:\/\/antiquariat-steinbach.com\/rarebooks\/wp-json\/wp\/v2\/product\/26968","targetHints":{"allow":["GET"]}}],"collection":[{"href":"https:\/\/antiquariat-steinbach.com\/rarebooks\/wp-json\/wp\/v2\/product"}],"about":[{"href":"https:\/\/antiquariat-steinbach.com\/rarebooks\/wp-json\/wp\/v2\/types\/product"}],"version-history":[{"count":2,"href":"https:\/\/antiquariat-steinbach.com\/rarebooks\/wp-json\/wp\/v2\/product\/26968\/revisions"}],"predecessor-version":[{"id":28223,"href":"https:\/\/antiquariat-steinbach.com\/rarebooks\/wp-json\/wp\/v2\/product\/26968\/revisions\/28223"}],"wp:featuredmedia":[{"embeddable":true,"href":"https:\/\/antiquariat-steinbach.com\/rarebooks\/wp-json\/wp\/v2\/media\/26969"}],"wp:attachment":[{"href":"https:\/\/antiquariat-steinbach.com\/rarebooks\/wp-json\/wp\/v2\/media?parent=26968"}],"wp:term":[{"taxonomy":"product_brand","embeddable":true,"href":"https:\/\/antiquariat-steinbach.com\/rarebooks\/wp-json\/wp\/v2\/product_brand?post=26968"},{"taxonomy":"product_cat","embeddable":true,"href":"https:\/\/antiquariat-steinbach.com\/rarebooks\/wp-json\/wp\/v2\/product_cat?post=26968"},{"taxonomy":"product_tag","embeddable":true,"href":"https:\/\/antiquariat-steinbach.com\/rarebooks\/wp-json\/wp\/v2\/product_tag?post=26968"}],"curies":[{"name":"wp","href":"https:\/\/api.w.org\/{rel}","templated":true}]}}