{"id":26958,"date":"2026-03-12T00:02:29","date_gmt":"2026-03-11T23:02:29","guid":{"rendered":"https:\/\/antiquariat-steinbach.com\/rarebooks\/produkt\/book-object-bottet-nicole-dans-la-continuite-infintede-lespace-et-du-temps-folded-book-in-10-parts\/"},"modified":"2026-03-12T00:02:31","modified_gmt":"2026-03-11T23:02:31","slug":"book-object-bottet-nicole-dans-la-continuite-infinie-de-lespace-et-du-temps-folded-book-in-10-parts","status":"publish","type":"product","link":"https:\/\/antiquariat-steinbach.com\/rarebooks\/produkt\/book-object-bottet-nicole-dans-la-continuite-infinie-de-lespace-et-du-temps-folded-book-in-10-parts\/","title":{"rendered":"Book Object &#8211;   Bottet, Nicole. &#8211;  Dans la continuit\u00e9 infinie de l&#8217;espace et du temps&#8230; Folded book in 10 parts."},"content":{"rendered":"<p>Salzburg, Edition Neuhauser Kunstm\u00fchle, 2011<\/p>\n<p>20 : 24 cm. 20 coloured original lithographs mounted on poplar wallboard, linen joints, in original board-box.<\/p>\n<p>780,00 EUR<\/p>\n","protected":false},"excerpt":{"rendered":"<p>One of only 40 numbered copies of this fantastic book-object. &#8211; Apr\u00e8s avoir fait ses \u00e9tudes \u00e0 l\u2019Ecole  Nationale Sup\u00e9rieure des Beaux Arts de Paris, Nicole Bottet re\u00e7oit un prix \u00e0 Acad\u00e9mie Fran\u00e7aise et un prix organis\u00e9 par la Galerie Nichido de Tokyo. &#8211; Se sont suivies de nombreuses expositions personnelles en France,Allemagne,Autriche,Suisse, Chine et Japon. &#8211; Ses oeuvres figurent dans les collections priv\u00e9es au Canada,Etats Unis, Chine, Japon et en Europe ainsi que dans les collections publiques au Mus\u00e9e Jenish de Vevey (Suisse), mus\u00e9e Olympique de Lausanne (Suisse), Mus\u00e9e Essl Klosterneuburg (Autriche), Mus\u00e9e de L\u2019Albertina, Vienne (Autriche), Mus\u00e9e de Salzbourg  (Autriche), Mus\u00e9e Schloss Ritzen Saalfelden (Autriche), Mus\u00e9e Nichido Kasama (Japon). &#8211; Ses peintures sont en permanence expos\u00e9es \u00e0 la Galerie Nichido (Tokyo, Nagoya, Paris), Galerie Welz Salzbourg ( Autriche), Galerie d\u2019Etraz Lausanne (Suisse). &#8211; Les derni\u00e8res expositions personnelles 2023 Galerie Nichido Tokyo (Japon) 2022 Galerie Welz Salzburg (Autriche), Galerie Nichido Paris (France).<\/p>\n","protected":false},"featured_media":26959,"template":"","meta":[],"product_brand":[],"product_cat":[29,978,143,973,914],"product_tag":[],"class_list":{"0":"post-26958","1":"product","2":"type-product","3":"status-publish","4":"has-post-thumbnail","6":"product_cat-20-jahrhundert","7":"product_cat-book-objects","8":"product_cat-francais","9":"product_cat-vorzugsausgabe","10":"product_cat-zvab","12":"first","13":"instock","14":"purchasable","15":"product-type-simple"},"_links":{"self":[{"href":"https:\/\/antiquariat-steinbach.com\/rarebooks\/wp-json\/wp\/v2\/product\/26958","targetHints":{"allow":["GET"]}}],"collection":[{"href":"https:\/\/antiquariat-steinbach.com\/rarebooks\/wp-json\/wp\/v2\/product"}],"about":[{"href":"https:\/\/antiquariat-steinbach.com\/rarebooks\/wp-json\/wp\/v2\/types\/product"}],"version-history":[{"count":2,"href":"https:\/\/antiquariat-steinbach.com\/rarebooks\/wp-json\/wp\/v2\/product\/26958\/revisions"}],"predecessor-version":[{"id":28709,"href":"https:\/\/antiquariat-steinbach.com\/rarebooks\/wp-json\/wp\/v2\/product\/26958\/revisions\/28709"}],"wp:featuredmedia":[{"embeddable":true,"href":"https:\/\/antiquariat-steinbach.com\/rarebooks\/wp-json\/wp\/v2\/media\/26959"}],"wp:attachment":[{"href":"https:\/\/antiquariat-steinbach.com\/rarebooks\/wp-json\/wp\/v2\/media?parent=26958"}],"wp:term":[{"taxonomy":"product_brand","embeddable":true,"href":"https:\/\/antiquariat-steinbach.com\/rarebooks\/wp-json\/wp\/v2\/product_brand?post=26958"},{"taxonomy":"product_cat","embeddable":true,"href":"https:\/\/antiquariat-steinbach.com\/rarebooks\/wp-json\/wp\/v2\/product_cat?post=26958"},{"taxonomy":"product_tag","embeddable":true,"href":"https:\/\/antiquariat-steinbach.com\/rarebooks\/wp-json\/wp\/v2\/product_tag?post=26958"}],"curies":[{"name":"wp","href":"https:\/\/api.w.org\/{rel}","templated":true}]}}