{"id":2695,"date":"2026-03-12T00:06:36","date_gmt":"2026-03-11T23:06:36","guid":{"rendered":"http:\/\/antiquariat-steinbach.com\/rarebooks\/produkt\/fliegende-blaetter\/"},"modified":"2026-03-12T00:06:38","modified_gmt":"2026-03-11T23:06:38","slug":"fliegende-blaetter","status":"publish","type":"product","link":"https:\/\/antiquariat-steinbach.com\/rarebooks\/produkt\/fliegende-blaetter\/","title":{"rendered":"Fliegende Bl\u00e4tter."},"content":{"rendered":"<p>M\u00fcnchen, Braun &#038; Schneider o.J. (1895).<\/p>\n<p>B\u00e4nde 95 &#8211; 98 in 2 B\u00e4nden. 28 : 22,5 cm. Mit sehr vielen satirischen Textillustrationen. Halbleinenb\u00e4nde der Zeit.<\/p>\n<p>50,00 EUR<\/p>\n","protected":false},"excerpt":{"rendered":"<p>Bekannte karikaturistische Zeitschrift mit vielen bekannten Mitarbeitern wie W. Busch, M. v. Schwind, F. Pocci, W.v. Diez u.v.a. &#8211; Diesch 2320; Kirchner 11029.<\/p>\n","protected":false},"featured_media":27968,"template":"","meta":[],"product_brand":[],"product_cat":[123,59,52,914],"product_tag":[],"class_list":{"0":"post-2695","1":"product","2":"type-product","3":"status-publish","4":"has-post-thumbnail","6":"product_cat-karikatur","7":"product_cat-kulturgeschichte","8":"product_cat-zeitschriften","9":"product_cat-zvab","11":"first","12":"instock","13":"purchasable","14":"product-type-simple"},"_links":{"self":[{"href":"https:\/\/antiquariat-steinbach.com\/rarebooks\/wp-json\/wp\/v2\/product\/2695","targetHints":{"allow":["GET"]}}],"collection":[{"href":"https:\/\/antiquariat-steinbach.com\/rarebooks\/wp-json\/wp\/v2\/product"}],"about":[{"href":"https:\/\/antiquariat-steinbach.com\/rarebooks\/wp-json\/wp\/v2\/types\/product"}],"version-history":[{"count":2,"href":"https:\/\/antiquariat-steinbach.com\/rarebooks\/wp-json\/wp\/v2\/product\/2695\/revisions"}],"predecessor-version":[{"id":10845,"href":"https:\/\/antiquariat-steinbach.com\/rarebooks\/wp-json\/wp\/v2\/product\/2695\/revisions\/10845"}],"wp:featuredmedia":[{"embeddable":true,"href":"https:\/\/antiquariat-steinbach.com\/rarebooks\/wp-json\/wp\/v2\/media\/27968"}],"wp:attachment":[{"href":"https:\/\/antiquariat-steinbach.com\/rarebooks\/wp-json\/wp\/v2\/media?parent=2695"}],"wp:term":[{"taxonomy":"product_brand","embeddable":true,"href":"https:\/\/antiquariat-steinbach.com\/rarebooks\/wp-json\/wp\/v2\/product_brand?post=2695"},{"taxonomy":"product_cat","embeddable":true,"href":"https:\/\/antiquariat-steinbach.com\/rarebooks\/wp-json\/wp\/v2\/product_cat?post=2695"},{"taxonomy":"product_tag","embeddable":true,"href":"https:\/\/antiquariat-steinbach.com\/rarebooks\/wp-json\/wp\/v2\/product_tag?post=2695"}],"curies":[{"name":"wp","href":"https:\/\/api.w.org\/{rel}","templated":true}]}}