{"id":26947,"date":"2026-03-12T00:18:05","date_gmt":"2026-03-11T23:18:05","guid":{"rendered":"https:\/\/antiquariat-steinbach.com\/rarebooks\/produkt\/music-gerstenbrand-alfred-violin-quartet\/"},"modified":"2026-03-12T00:18:05","modified_gmt":"2026-03-11T23:18:05","slug":"music-gerstenbrand-alfred-violin-quartet","status":"publish","type":"product","link":"https:\/\/antiquariat-steinbach.com\/rarebooks\/produkt\/music-gerstenbrand-alfred-violin-quartet\/","title":{"rendered":"Music &#8211;   Gerstenbrand, Alfred. &#8211;  Violin &#8211; -Quartet."},"content":{"rendered":"<p>1919.<\/p>\n<p>33,5 : 50 cm. Original lithograph in green, grey and brown, signed in the stone in the lower left part.<\/p>\n<p>600,00 EUR<\/p>\n","protected":false},"excerpt":{"rendered":"<p>Alfred Gerstenbrand (* 18. Februar 1881 in Wien, \u00d6sterreich-Ungarn; \u2020 7. J\u00e4nner 1977 in Melk, Nieder\u00f6sterreich) war ein \u00f6sterreichischer Maler, Graphiker, Illustrator, Schriftsteller und Karikaturist. &#8211; Alfred Gerstenbrand studierte an der Wiener Kunstgewerbeschule bei Felician Myrbach, Kolo Moser und Josef Hoffmann, ergriff aber aus Zweifel an der eigenen Begabung den Brotberuf eines Beamten im Finanzministerium, den er bis zur Pensionierung aus\u00fcbte. Bei der Kunstschau 1908 fielen seine Karikaturen bzw. ironischen Portr\u00e4ts von Gustav Klimt und Sigmund Freud auf. Im Ersten Weltkrieg wurde er verwundet und war daraufhin zeitlebens auf einen Gehstock angewiesen. 1918 fand er Aufnahme in die Secession, deren Vizepr\u00e4sident er nach geraumer Zeit wurde. Gerstenbrand hielt Kontakt zur Zinkenbacher Malerkolonie und befreundete sich mit den Familien Frisch, Gerngross, Heller, Herz-Kestranek und Wiesenthal, die im Salzkammergut Urlaub machten, sp\u00e4ter auch mit dem \u00f6sterreichischen Au\u00dfenminister Gruber. In der Zeit des Nationalsozialismus war er 1941, 1943 und 1944 auf der Gro\u00dfen Deutschen Kunstausstellung in M\u00fcnchen mit vier Bildern vertreten und f\u00fcr das NS-Regime als Ausstellungskurator t\u00e4tig, kn\u00fcpfte aber letztlich Kontakt zum Widerstand. Er war Mitarbeiter der satirischen Zeitschrift Muskete. Zu Kriegsende soll Gerstenbrand seine Wahlheimat Sankt Gilgen am Wolfgangsee vor einem bevorstehenden Angriff durch US-Truppen bewahrt und eine friedliche \u00dcbergabe des Ortes vermittelt haben. Nach dem Zweiten Weltkrieg hielt er sich meist in St. Gilgen auf, wo er anfangs, \u00e4hnlich wie andere \u201eWirtshausmaler\u201c in jener Zeit, im Gegenzug f\u00fcr die wochenlange Verk\u00f6stigung im Restaurant \u201eZum goldenen Ochs\u201c Wandmalereien herstellte, so im Speisesaal des ersten Stocks und im \u201eMozartst\u00fcberl\u201c. In diesen Werken portr\u00e4tierte er auch B\u00fcrger von St. Gilgen und ber\u00fchmte Urlaubsg\u00e4ste des Orts, wie Clark Gable, die Dietrich und Susi Nicoletti. &#8211; Small bends at the edges.<\/p>\n","protected":false},"featured_media":26948,"template":"","meta":[],"product_brand":[],"product_cat":[71,153,317,144,914],"product_tag":[],"class_list":{"0":"post-26947","1":"product","2":"type-product","3":"status-publish","4":"has-post-thumbnail","6":"product_cat-austriaca","7":"product_cat-graphik","8":"product_cat-kuenstlergraphik","9":"product_cat-musik","10":"product_cat-zvab","12":"first","13":"instock","14":"purchasable","15":"product-type-simple"},"_links":{"self":[{"href":"https:\/\/antiquariat-steinbach.com\/rarebooks\/wp-json\/wp\/v2\/product\/26947","targetHints":{"allow":["GET"]}}],"collection":[{"href":"https:\/\/antiquariat-steinbach.com\/rarebooks\/wp-json\/wp\/v2\/product"}],"about":[{"href":"https:\/\/antiquariat-steinbach.com\/rarebooks\/wp-json\/wp\/v2\/types\/product"}],"version-history":[{"count":1,"href":"https:\/\/antiquariat-steinbach.com\/rarebooks\/wp-json\/wp\/v2\/product\/26947\/revisions"}],"predecessor-version":[{"id":27867,"href":"https:\/\/antiquariat-steinbach.com\/rarebooks\/wp-json\/wp\/v2\/product\/26947\/revisions\/27867"}],"wp:featuredmedia":[{"embeddable":true,"href":"https:\/\/antiquariat-steinbach.com\/rarebooks\/wp-json\/wp\/v2\/media\/26948"}],"wp:attachment":[{"href":"https:\/\/antiquariat-steinbach.com\/rarebooks\/wp-json\/wp\/v2\/media?parent=26947"}],"wp:term":[{"taxonomy":"product_brand","embeddable":true,"href":"https:\/\/antiquariat-steinbach.com\/rarebooks\/wp-json\/wp\/v2\/product_brand?post=26947"},{"taxonomy":"product_cat","embeddable":true,"href":"https:\/\/antiquariat-steinbach.com\/rarebooks\/wp-json\/wp\/v2\/product_cat?post=26947"},{"taxonomy":"product_tag","embeddable":true,"href":"https:\/\/antiquariat-steinbach.com\/rarebooks\/wp-json\/wp\/v2\/product_tag?post=26947"}],"curies":[{"name":"wp","href":"https:\/\/api.w.org\/{rel}","templated":true}]}}