{"id":26943,"date":"2026-03-12T00:02:04","date_gmt":"2026-03-11T23:02:04","guid":{"rendered":"https:\/\/antiquariat-steinbach.com\/rarebooks\/produkt\/barth-otto-steirisches-bauernhaus-im-winter\/"},"modified":"2026-03-12T00:02:04","modified_gmt":"2026-03-11T23:02:04","slug":"barth-otto-steirisches-bauernhaus-im-winter","status":"publish","type":"product","link":"https:\/\/antiquariat-steinbach.com\/rarebooks\/produkt\/barth-otto-steirisches-bauernhaus-im-winter\/","title":{"rendered":"Barth, Otto. &#8211;  Steirisches Bauernhaus im Winter."},"content":{"rendered":"<p>Wien, Staatsdruckerei, 1904<\/p>\n<p>66 : 88 cm Original Lithographie in Farbe auf starkem Lithographiepapier, im Stein signiert Otto Barth, mit der typographischen Bezeichnung im Unterrand<\/p>\n<p>600,00 EUR<\/p>\n","protected":false},"excerpt":{"rendered":"<p>Otto Barth (Wien 1876-1916 Waidhofen\/ Ybbs), Blatt 10 des Wandtafelwerk f\u00fcr Schule und Haus, gedruckt von der k. k. Hof- und Staatsdruckerei\/Wien. &#8211; &#8211; Otto Barth, Gr\u00fcnder der K\u00fcnstlergruppe Phalanx und Mitglied des Hagenbundes, war ein begeisterter Bergsteiger, welches sich deutlich in seinen Bildern zeigt. Er entwarf viele grafischen Beitr\u00e4ge f\u00fcr alpine Zeitschriften, Buchillustrationen, Kataloge und Werbeschriften. &#8211; Sehr sch\u00f6nes, gro\u00dfformatiges Blatt.<\/p>\n","protected":false},"featured_media":26944,"template":"","meta":[],"product_brand":[],"product_cat":[71,153,317,914],"product_tag":[],"class_list":{"0":"post-26943","1":"product","2":"type-product","3":"status-publish","4":"has-post-thumbnail","6":"product_cat-austriaca","7":"product_cat-graphik","8":"product_cat-kuenstlergraphik","9":"product_cat-zvab","11":"first","12":"instock","13":"purchasable","14":"product-type-simple"},"_links":{"self":[{"href":"https:\/\/antiquariat-steinbach.com\/rarebooks\/wp-json\/wp\/v2\/product\/26943","targetHints":{"allow":["GET"]}}],"collection":[{"href":"https:\/\/antiquariat-steinbach.com\/rarebooks\/wp-json\/wp\/v2\/product"}],"about":[{"href":"https:\/\/antiquariat-steinbach.com\/rarebooks\/wp-json\/wp\/v2\/types\/product"}],"version-history":[{"count":1,"href":"https:\/\/antiquariat-steinbach.com\/rarebooks\/wp-json\/wp\/v2\/product\/26943\/revisions"}],"predecessor-version":[{"id":27571,"href":"https:\/\/antiquariat-steinbach.com\/rarebooks\/wp-json\/wp\/v2\/product\/26943\/revisions\/27571"}],"wp:featuredmedia":[{"embeddable":true,"href":"https:\/\/antiquariat-steinbach.com\/rarebooks\/wp-json\/wp\/v2\/media\/26944"}],"wp:attachment":[{"href":"https:\/\/antiquariat-steinbach.com\/rarebooks\/wp-json\/wp\/v2\/media?parent=26943"}],"wp:term":[{"taxonomy":"product_brand","embeddable":true,"href":"https:\/\/antiquariat-steinbach.com\/rarebooks\/wp-json\/wp\/v2\/product_brand?post=26943"},{"taxonomy":"product_cat","embeddable":true,"href":"https:\/\/antiquariat-steinbach.com\/rarebooks\/wp-json\/wp\/v2\/product_cat?post=26943"},{"taxonomy":"product_tag","embeddable":true,"href":"https:\/\/antiquariat-steinbach.com\/rarebooks\/wp-json\/wp\/v2\/product_tag?post=26943"}],"curies":[{"name":"wp","href":"https:\/\/api.w.org\/{rel}","templated":true}]}}