{"id":26915,"date":"2026-03-12T00:04:45","date_gmt":"2026-03-11T23:04:45","guid":{"rendered":"https:\/\/antiquariat-steinbach.com\/rarebooks\/produkt\/dore-luther-martin-die-heilige-schrift-altes-und-neues-testament\/"},"modified":"2026-03-12T00:04:46","modified_gmt":"2026-03-11T23:04:46","slug":"dore-luther-martin-die-heilige-schrift-altes-und-neues-testament","status":"publish","type":"product","link":"https:\/\/antiquariat-steinbach.com\/rarebooks\/produkt\/dore-luther-martin-die-heilige-schrift-altes-und-neues-testament\/","title":{"rendered":"Dore &#8211;   Luther, Martin &#8211;  Die heilige Schrift. Altes und Neues Testament"},"content":{"rendered":"<p>Stuttgart, Hallberger, n.d.(ca. 1868).<\/p>\n<p>5th edition. 2 volumes. 43 : 33 cm. With 230 full-page woodcats by Gustave Dor\u00e9. Publisher&#8217;soriginal red calf binding, gilt and blind stamped, edges gilt<\/p>\n<p>480,00 EUR<\/p>\n","protected":false},"excerpt":{"rendered":"<p>Early German edition and at the time the largest of all Dor\u00e9 Bibles in any language. With the thought-after original woodcuts by Dor\u00e9. A beautiful example of German book production in the late 19th century. Dor\u00e9s Bible was published in many languages. &#8211; Binding partly rubbed, specially at the edges, inside fine.<\/p>\n","protected":false},"featured_media":26916,"template":"","meta":[],"product_brand":[],"product_cat":[604,110,914],"product_tag":[],"class_list":{"0":"post-26915","1":"product","2":"type-product","3":"status-publish","4":"has-post-thumbnail","6":"product_cat-bilderbibeln","7":"product_cat-theologie","8":"product_cat-zvab","10":"first","11":"instock","12":"purchasable","13":"product-type-simple"},"_links":{"self":[{"href":"https:\/\/antiquariat-steinbach.com\/rarebooks\/wp-json\/wp\/v2\/product\/26915","targetHints":{"allow":["GET"]}}],"collection":[{"href":"https:\/\/antiquariat-steinbach.com\/rarebooks\/wp-json\/wp\/v2\/product"}],"about":[{"href":"https:\/\/antiquariat-steinbach.com\/rarebooks\/wp-json\/wp\/v2\/types\/product"}],"version-history":[{"count":1,"href":"https:\/\/antiquariat-steinbach.com\/rarebooks\/wp-json\/wp\/v2\/product\/26915\/revisions"}],"predecessor-version":[{"id":27677,"href":"https:\/\/antiquariat-steinbach.com\/rarebooks\/wp-json\/wp\/v2\/product\/26915\/revisions\/27677"}],"wp:featuredmedia":[{"embeddable":true,"href":"https:\/\/antiquariat-steinbach.com\/rarebooks\/wp-json\/wp\/v2\/media\/26916"}],"wp:attachment":[{"href":"https:\/\/antiquariat-steinbach.com\/rarebooks\/wp-json\/wp\/v2\/media?parent=26915"}],"wp:term":[{"taxonomy":"product_brand","embeddable":true,"href":"https:\/\/antiquariat-steinbach.com\/rarebooks\/wp-json\/wp\/v2\/product_brand?post=26915"},{"taxonomy":"product_cat","embeddable":true,"href":"https:\/\/antiquariat-steinbach.com\/rarebooks\/wp-json\/wp\/v2\/product_cat?post=26915"},{"taxonomy":"product_tag","embeddable":true,"href":"https:\/\/antiquariat-steinbach.com\/rarebooks\/wp-json\/wp\/v2\/product_tag?post=26915"}],"curies":[{"name":"wp","href":"https:\/\/api.w.org\/{rel}","templated":true}]}}