{"id":26852,"date":"2026-03-12T00:20:38","date_gmt":"2026-03-11T23:20:38","guid":{"rendered":"https:\/\/antiquariat-steinbach.com\/rarebooks\/produkt\/roschitz-karlheinz-viertel-unter-dem-wienerwald-portrait-einer-kulturlandschaft\/"},"modified":"2026-03-12T00:20:39","modified_gmt":"2026-03-11T23:20:39","slug":"roschitz-karlheinz-viertel-unter-dem-wienerwald-portrait-einer-kulturlandschaft","status":"publish","type":"product","link":"https:\/\/antiquariat-steinbach.com\/rarebooks\/produkt\/roschitz-karlheinz-viertel-unter-dem-wienerwald-portrait-einer-kulturlandschaft\/","title":{"rendered":"Roschitz, Karlheinz. &#8211;  Viertel unter dem Wienerwald. Portrait einer Kulturlandschaft."},"content":{"rendered":"<p>Wien-M\u00fcnchen-Z\u00fcrich Molden, 1977.<\/p>\n<p>30 : 30 cm. 94 Seiten mit 20 Farb- und 75 s\/w Abbildungen. Original Leinenband mit farbig illustriertem Original Schutzumschlag.<\/p>\n<p>15,00 EUR<\/p>\n","protected":false},"excerpt":{"rendered":"<p>\u00dcber Altenberg, Bad V\u00f6slau, Berndorf, Csokor, Doderer, Rainer, Schnmitzler, Sch\u00f6nberg u.a.<\/p>\n","protected":false},"featured_media":26854,"template":"","meta":[],"product_brand":[],"product_cat":[71,59,914],"product_tag":[],"class_list":{"0":"post-26852","1":"product","2":"type-product","3":"status-publish","4":"has-post-thumbnail","6":"product_cat-austriaca","7":"product_cat-kulturgeschichte","8":"product_cat-zvab","10":"first","11":"instock","12":"purchasable","13":"product-type-simple"},"_links":{"self":[{"href":"https:\/\/antiquariat-steinbach.com\/rarebooks\/wp-json\/wp\/v2\/product\/26852","targetHints":{"allow":["GET"]}}],"collection":[{"href":"https:\/\/antiquariat-steinbach.com\/rarebooks\/wp-json\/wp\/v2\/product"}],"about":[{"href":"https:\/\/antiquariat-steinbach.com\/rarebooks\/wp-json\/wp\/v2\/types\/product"}],"version-history":[{"count":1,"href":"https:\/\/antiquariat-steinbach.com\/rarebooks\/wp-json\/wp\/v2\/product\/26852\/revisions"}],"predecessor-version":[{"id":26853,"href":"https:\/\/antiquariat-steinbach.com\/rarebooks\/wp-json\/wp\/v2\/product\/26852\/revisions\/26853"}],"wp:featuredmedia":[{"embeddable":true,"href":"https:\/\/antiquariat-steinbach.com\/rarebooks\/wp-json\/wp\/v2\/media\/26854"}],"wp:attachment":[{"href":"https:\/\/antiquariat-steinbach.com\/rarebooks\/wp-json\/wp\/v2\/media?parent=26852"}],"wp:term":[{"taxonomy":"product_brand","embeddable":true,"href":"https:\/\/antiquariat-steinbach.com\/rarebooks\/wp-json\/wp\/v2\/product_brand?post=26852"},{"taxonomy":"product_cat","embeddable":true,"href":"https:\/\/antiquariat-steinbach.com\/rarebooks\/wp-json\/wp\/v2\/product_cat?post=26852"},{"taxonomy":"product_tag","embeddable":true,"href":"https:\/\/antiquariat-steinbach.com\/rarebooks\/wp-json\/wp\/v2\/product_tag?post=26852"}],"curies":[{"name":"wp","href":"https:\/\/api.w.org\/{rel}","templated":true}]}}