{"id":26846,"date":"2026-03-12T00:18:52","date_gmt":"2026-03-11T23:18:52","guid":{"rendered":"https:\/\/antiquariat-steinbach.com\/rarebooks\/produkt\/plakate-wuertz-herwig-bernhard-denschaer-peter-toelzer-plakat-entwuerfe-1929-1950\/"},"modified":"2026-03-12T00:18:54","modified_gmt":"2026-03-11T23:18:54","slug":"plakate-wuertz-herwig-bernhard-denschaer-peter-toelzer-plakat-entwuerfe-1929-1950","status":"publish","type":"product","link":"https:\/\/antiquariat-steinbach.com\/rarebooks\/produkt\/plakate-wuertz-herwig-bernhard-denschaer-peter-toelzer-plakat-entwuerfe-1929-1950\/","title":{"rendered":"Plakate &#8211;   W\u00fcrtz, Herwig &#8211; Bernhard Denschaer. &#8211;  Peter T\u00f6lzer. Plakat Entw\u00fcrfe 1929 &#8211; 1950."},"content":{"rendered":"<p>Wien,  Wiener Stadt- und Landesbibliothek,  1990.<\/p>\n<p>21 : 15 cm. 40 Seiten mit vielen, meist farbigen Tafeln. Farbig illustrierter original Karton.<\/p>\n<p>20,00 EUR<\/p>\n","protected":false},"excerpt":{"rendered":"<p>Wien, Wiener Stadt- und Landesbibliothek, 1990. 21 : 15 cm. 40 Seiten mit vielen, meist farbigen Tafeln. Farbig illustrierter original&hellip;<\/p>\n","protected":false},"featured_media":26848,"template":"","meta":[],"product_brand":[],"product_cat":[88,90,914],"product_tag":[],"class_list":{"0":"post-26846","1":"product","2":"type-product","3":"status-publish","4":"has-post-thumbnail","6":"product_cat-plakate","7":"product_cat-viennensia","8":"product_cat-zvab","10":"first","11":"instock","12":"purchasable","13":"product-type-simple"},"_links":{"self":[{"href":"https:\/\/antiquariat-steinbach.com\/rarebooks\/wp-json\/wp\/v2\/product\/26846","targetHints":{"allow":["GET"]}}],"collection":[{"href":"https:\/\/antiquariat-steinbach.com\/rarebooks\/wp-json\/wp\/v2\/product"}],"about":[{"href":"https:\/\/antiquariat-steinbach.com\/rarebooks\/wp-json\/wp\/v2\/types\/product"}],"version-history":[{"count":1,"href":"https:\/\/antiquariat-steinbach.com\/rarebooks\/wp-json\/wp\/v2\/product\/26846\/revisions"}],"predecessor-version":[{"id":26847,"href":"https:\/\/antiquariat-steinbach.com\/rarebooks\/wp-json\/wp\/v2\/product\/26846\/revisions\/26847"}],"wp:featuredmedia":[{"embeddable":true,"href":"https:\/\/antiquariat-steinbach.com\/rarebooks\/wp-json\/wp\/v2\/media\/26848"}],"wp:attachment":[{"href":"https:\/\/antiquariat-steinbach.com\/rarebooks\/wp-json\/wp\/v2\/media?parent=26846"}],"wp:term":[{"taxonomy":"product_brand","embeddable":true,"href":"https:\/\/antiquariat-steinbach.com\/rarebooks\/wp-json\/wp\/v2\/product_brand?post=26846"},{"taxonomy":"product_cat","embeddable":true,"href":"https:\/\/antiquariat-steinbach.com\/rarebooks\/wp-json\/wp\/v2\/product_cat?post=26846"},{"taxonomy":"product_tag","embeddable":true,"href":"https:\/\/antiquariat-steinbach.com\/rarebooks\/wp-json\/wp\/v2\/product_tag?post=26846"}],"curies":[{"name":"wp","href":"https:\/\/api.w.org\/{rel}","templated":true}]}}