{"id":26820,"date":"2026-03-12T00:28:19","date_gmt":"2026-03-11T23:28:19","guid":{"rendered":"https:\/\/antiquariat-steinbach.com\/rarebooks\/produkt\/ww-voelker-angela-die-stoffe-der-wiener-werkstaette-1910-1932\/"},"modified":"2026-03-12T00:28:24","modified_gmt":"2026-03-11T23:28:24","slug":"ww-voelker-angela-die-stoffe-der-wiener-werkstaette-1910-1932","status":"publish","type":"product","link":"https:\/\/antiquariat-steinbach.com\/rarebooks\/produkt\/ww-voelker-angela-die-stoffe-der-wiener-werkstaette-1910-1932\/","title":{"rendered":"WW &#8211;   V\u00f6lker, Angela. &#8211;  Die Stoffe der Wiener Werkst\u00e4tte 1910 &#8211; 1932."},"content":{"rendered":"<p>Vienna, Brandst\u00e4tter, 1990.<\/p>\n<p>29 : 22 cm. 284 pages with 415 illustrations, 306 in colour. Original cloth with coloured illustrated original dust jacket.<\/p>\n<p>120,00 EUR<\/p>\n","protected":false},"excerpt":{"rendered":"<p>A extensive and detailled description of the fabrics of the Wiener Werkst\u00e4tte from its beginnings until the 1930ties. From the foundation of a separate department of fabrics at the Wiener Werkst\u00e4tte, the styl of the early times, the Twenties, the most important designers, the ionternational echo of the fabrics of the Wiener Werklst\u00e4tte.<\/p>\n","protected":false},"featured_media":26874,"template":"","meta":[],"product_brand":[],"product_cat":[259,51,257,914],"product_tag":[],"class_list":{"0":"post-26820","1":"product","2":"type-product","3":"status-publish","4":"has-post-thumbnail","6":"product_cat-handwerk","7":"product_cat-textil","8":"product_cat-wiener-werkstaette","9":"product_cat-zvab","11":"first","12":"instock","13":"purchasable","14":"product-type-simple"},"_links":{"self":[{"href":"https:\/\/antiquariat-steinbach.com\/rarebooks\/wp-json\/wp\/v2\/product\/26820","targetHints":{"allow":["GET"]}}],"collection":[{"href":"https:\/\/antiquariat-steinbach.com\/rarebooks\/wp-json\/wp\/v2\/product"}],"about":[{"href":"https:\/\/antiquariat-steinbach.com\/rarebooks\/wp-json\/wp\/v2\/types\/product"}],"version-history":[{"count":1,"href":"https:\/\/antiquariat-steinbach.com\/rarebooks\/wp-json\/wp\/v2\/product\/26820\/revisions"}],"predecessor-version":[{"id":26873,"href":"https:\/\/antiquariat-steinbach.com\/rarebooks\/wp-json\/wp\/v2\/product\/26820\/revisions\/26873"}],"wp:featuredmedia":[{"embeddable":true,"href":"https:\/\/antiquariat-steinbach.com\/rarebooks\/wp-json\/wp\/v2\/media\/26874"}],"wp:attachment":[{"href":"https:\/\/antiquariat-steinbach.com\/rarebooks\/wp-json\/wp\/v2\/media?parent=26820"}],"wp:term":[{"taxonomy":"product_brand","embeddable":true,"href":"https:\/\/antiquariat-steinbach.com\/rarebooks\/wp-json\/wp\/v2\/product_brand?post=26820"},{"taxonomy":"product_cat","embeddable":true,"href":"https:\/\/antiquariat-steinbach.com\/rarebooks\/wp-json\/wp\/v2\/product_cat?post=26820"},{"taxonomy":"product_tag","embeddable":true,"href":"https:\/\/antiquariat-steinbach.com\/rarebooks\/wp-json\/wp\/v2\/product_tag?post=26820"}],"curies":[{"name":"wp","href":"https:\/\/api.w.org\/{rel}","templated":true}]}}