{"id":26589,"date":"2026-03-12T00:12:41","date_gmt":"2026-03-11T23:12:41","guid":{"rendered":"https:\/\/antiquariat-steinbach.com\/rarebooks\/produkt\/kleiner-gottfried-die-unter-so-vielen-kraeftigen-buss-stimmen-in-schwachheit-mitrufende-evangelische-prediger-u-hirten-stime-das-isterbauliche-und-gottselige-betrachtungen-ueber-die-evangelia\/"},"modified":"2026-03-12T00:12:41","modified_gmt":"2026-03-11T23:12:41","slug":"kleiner-gottfried-die-unter-so-vielen-kraeftigen-buss-stimmen-in-schwachheit-mitrufende-evangelische-prediger-u-hirten-stime-das-isterbauliche-und-gottselige-betrachtungen-ueber-die-evangelia","status":"publish","type":"product","link":"https:\/\/antiquariat-steinbach.com\/rarebooks\/produkt\/kleiner-gottfried-die-unter-so-vielen-kraeftigen-buss-stimmen-in-schwachheit-mitrufende-evangelische-prediger-u-hirten-stime-das-isterbauliche-und-gottselige-betrachtungen-ueber-die-evangelia\/","title":{"rendered":"Kleiner, Gottfried. &#8211;  Die unter so vielen kr\u00e4ftigen Bu\u00df-Stimmen in Schwachheit mitrufende Evangelische Prediger- u. Hirten-Stime: Das ist:erbauliche und gottselige Betrachtungen \u00fcber die Evangelia auf alle Sonn-Fest- und Feier-Tage des ganzen Kahres."},"content":{"rendered":"<p>Hirschberg, Krahn, 1826.<\/p>\n<p>37 : 23,5 cm. Gestochenes Frontispiz, 8 Blatt, 547; 84 Seiten. Holzdeckelband der Zeit auf 5 B\u00fcnden mit Lederbezug, 2 Schlie\u00dfen.<\/p>\n<p>180,00 EUR<\/p>\n","protected":false},"excerpt":{"rendered":"<p>Gottfried Kleiner (* 28. November 1691 in Rudelsdorf, sp\u00e4ter Rudelstadt, Herzogtum Schweidnitz; \u2020 1. Februar 1767 in Freiburg, Schlesien) war ein deutscher evangelisch-lutherischer Geistlicher und Kirchenlieddichter. &#8211; Kleiner wurde als Sohn eines Geistlichen geboren. Seine Kindheit verbrachte er in Salzbrunn und Harpersdorf, bis er auf das Gymnasium in Lauban kam. Nachdem er an der Universit\u00e4t Leipzig Evangelische Theologie studiert hatte, wirkte er als Hauslehrer. Als Pastor ging er 1722 nach Seifersdorf (heute zur Gmina Kunice geh\u00f6rig), 1742 wechselte er ins schlesische Freiburg. Dort starb er 75-j\u00e4hrig, nachdem er 45 Jahre als Pastor gewirkt hatte. &#8211; Kleiner galt zu seiner Zeit als t\u00fcchtiger Prediger; seine Predigten waren sehr beliebt. Einige seiner Predigten gab er heraus, die Predigtsammlungen erfuhren mindestens 30 Auflagen und waren vor allem in Schlesien weit verbreitet. F\u00fcr die Erbauung und Unterweisung der Kinder ver\u00f6ffentlichte er 1730 den Kleinen Himmelsweg. &#8211; Daneben verfasste er 130 geistliche Lieder, die er in zwei Sammelwerken ver\u00f6ffentlichte. Viele der Lieder waren noch im 19. Jahrhundert in Gemeindegesangb\u00fcchern zu finden. &#8211; Titelblatt st\u00e4rker, sonst schwach fingerfleckig im rechten unteren Teil, Vorsatzbl\u00e4tter un Frontispiz verso zeitgen\u00f6ssich beschrieben; Einband mit vereinzelten Kratzspuren.<\/p>\n","protected":false},"featured_media":26591,"template":"","meta":[],"product_brand":[],"product_cat":[74,605,144,110,914],"product_tag":[],"class_list":{"0":"post-26589","1":"product","2":"type-product","3":"status-publish","4":"has-post-thumbnail","6":"product_cat-deutschland","7":"product_cat-kirche","8":"product_cat-musik","9":"product_cat-theologie","10":"product_cat-zvab","12":"first","13":"instock","14":"purchasable","15":"product-type-simple"},"_links":{"self":[{"href":"https:\/\/antiquariat-steinbach.com\/rarebooks\/wp-json\/wp\/v2\/product\/26589","targetHints":{"allow":["GET"]}}],"collection":[{"href":"https:\/\/antiquariat-steinbach.com\/rarebooks\/wp-json\/wp\/v2\/product"}],"about":[{"href":"https:\/\/antiquariat-steinbach.com\/rarebooks\/wp-json\/wp\/v2\/types\/product"}],"version-history":[{"count":1,"href":"https:\/\/antiquariat-steinbach.com\/rarebooks\/wp-json\/wp\/v2\/product\/26589\/revisions"}],"predecessor-version":[{"id":26590,"href":"https:\/\/antiquariat-steinbach.com\/rarebooks\/wp-json\/wp\/v2\/product\/26589\/revisions\/26590"}],"wp:featuredmedia":[{"embeddable":true,"href":"https:\/\/antiquariat-steinbach.com\/rarebooks\/wp-json\/wp\/v2\/media\/26591"}],"wp:attachment":[{"href":"https:\/\/antiquariat-steinbach.com\/rarebooks\/wp-json\/wp\/v2\/media?parent=26589"}],"wp:term":[{"taxonomy":"product_brand","embeddable":true,"href":"https:\/\/antiquariat-steinbach.com\/rarebooks\/wp-json\/wp\/v2\/product_brand?post=26589"},{"taxonomy":"product_cat","embeddable":true,"href":"https:\/\/antiquariat-steinbach.com\/rarebooks\/wp-json\/wp\/v2\/product_cat?post=26589"},{"taxonomy":"product_tag","embeddable":true,"href":"https:\/\/antiquariat-steinbach.com\/rarebooks\/wp-json\/wp\/v2\/product_tag?post=26589"}],"curies":[{"name":"wp","href":"https:\/\/api.w.org\/{rel}","templated":true}]}}