{"id":26580,"date":"2026-03-12T00:26:06","date_gmt":"2026-03-11T23:26:06","guid":{"rendered":"https:\/\/antiquariat-steinbach.com\/rarebooks\/produkt\/haberlandt-arthur-wiener-zeitschrift-fuer-volkskunde\/"},"modified":"2026-03-12T00:26:08","modified_gmt":"2026-03-11T23:26:08","slug":"viennensia-haberlandt-arthur-wiener-zeitschrift-fuer-volkskunde","status":"publish","type":"product","link":"https:\/\/antiquariat-steinbach.com\/rarebooks\/produkt\/viennensia-haberlandt-arthur-wiener-zeitschrift-fuer-volkskunde\/","title":{"rendered":"Viennensia &#8211;   Haberlandt, Arthur. &#8211;  Wiener Zeitschrift f\u00fcr Volkskunde."},"content":{"rendered":"<p>Wien, Selbstverlag des Vereins f\u00fcr Volkskunde, 1940.<\/p>\n<p>XLV.Jahrgang. 23 : 15,5 cm. Titel, 90 Seiten mit einigen Abbildungen. Original Halbleinenband.<\/p>\n<p>25,00 EUR<\/p>\n","protected":false},"excerpt":{"rendered":"<p>Mit Beitr\u00e4gen von Karl Haiding: Der Stand der Kinderspielforschungin Wien und Niederdonau. &#8211; A. Haberlandt: Zu den Erhebungen \u00fcber Volkstrachten in ehemals nieder\u00f6sterreichischen Gaugebiet. &#8211; A- Haberlandt: Zum 60. Geburtstag von Karl von Spie\u00df.<\/p>\n","protected":false},"featured_media":26582,"template":"","meta":[],"product_brand":[],"product_cat":[71,137,90,685,914],"product_tag":[],"class_list":{"0":"post-26580","1":"product","2":"type-product","3":"status-publish","4":"has-post-thumbnail","6":"product_cat-austriaca","7":"product_cat-maerchen","8":"product_cat-viennensia","9":"product_cat-volkskunde","10":"product_cat-zvab","12":"first","13":"instock","14":"purchasable","15":"product-type-simple"},"_links":{"self":[{"href":"https:\/\/antiquariat-steinbach.com\/rarebooks\/wp-json\/wp\/v2\/product\/26580","targetHints":{"allow":["GET"]}}],"collection":[{"href":"https:\/\/antiquariat-steinbach.com\/rarebooks\/wp-json\/wp\/v2\/product"}],"about":[{"href":"https:\/\/antiquariat-steinbach.com\/rarebooks\/wp-json\/wp\/v2\/types\/product"}],"version-history":[{"count":2,"href":"https:\/\/antiquariat-steinbach.com\/rarebooks\/wp-json\/wp\/v2\/product\/26580\/revisions"}],"predecessor-version":[{"id":28453,"href":"https:\/\/antiquariat-steinbach.com\/rarebooks\/wp-json\/wp\/v2\/product\/26580\/revisions\/28453"}],"wp:featuredmedia":[{"embeddable":true,"href":"https:\/\/antiquariat-steinbach.com\/rarebooks\/wp-json\/wp\/v2\/media\/26582"}],"wp:attachment":[{"href":"https:\/\/antiquariat-steinbach.com\/rarebooks\/wp-json\/wp\/v2\/media?parent=26580"}],"wp:term":[{"taxonomy":"product_brand","embeddable":true,"href":"https:\/\/antiquariat-steinbach.com\/rarebooks\/wp-json\/wp\/v2\/product_brand?post=26580"},{"taxonomy":"product_cat","embeddable":true,"href":"https:\/\/antiquariat-steinbach.com\/rarebooks\/wp-json\/wp\/v2\/product_cat?post=26580"},{"taxonomy":"product_tag","embeddable":true,"href":"https:\/\/antiquariat-steinbach.com\/rarebooks\/wp-json\/wp\/v2\/product_tag?post=26580"}],"curies":[{"name":"wp","href":"https:\/\/api.w.org\/{rel}","templated":true}]}}