{"id":26565,"date":"2026-03-12T00:04:51","date_gmt":"2026-03-11T23:04:51","guid":{"rendered":"https:\/\/antiquariat-steinbach.com\/rarebooks\/produkt\/ebers-georg-and-hermann-guthe-palaestina-in-bild-und-wort-nebst-der-sinaihalbinsel-und-dem-lande-gosen\/"},"modified":"2026-03-12T00:04:52","modified_gmt":"2026-03-11T23:04:52","slug":"ebers-georg-and-hermann-guthe-palaestina-in-bild-und-wort-nebst-der-sinaihalbinsel-und-dem-lande-gosen","status":"publish","type":"product","link":"https:\/\/antiquariat-steinbach.com\/rarebooks\/produkt\/ebers-georg-and-hermann-guthe-palaestina-in-bild-und-wort-nebst-der-sinaihalbinsel-und-dem-lande-gosen\/","title":{"rendered":"Ebers, Georg and Hermann Guthe. &#8211;  Pal\u00e4stina in Bild und Wort nebst der Sinaihalbinsel und dem Lande Gosen."},"content":{"rendered":"<p>Stuttgart and Leipzig,  Deutsche Verlagsanstalt, 1882.<\/p>\n<p>First volume of two. Engraved title with engraved vignette, 4 leaves, 520 pages with hundreds of illustrations, 17 engraved plates, 2 maps. Contemporary half calf.<\/p>\n<p>280,00 EUR<\/p>\n","protected":false},"excerpt":{"rendered":"<p>Highly interesting oeuvre on Pal\u00e4stine with hundresds of views and scenes of the aerea. With a double-page map of Jerusalem und Pal\u00e4stina with  Sinai and \u00c4gypt. With views of: Jerusalem \/ Bethlehem und das n\u00f6rdliche Jud\u00e4a \/ Das Gebirge von Juda und Ephraim \/ Sichem und Samaria \/ Die gro\u00dfe Ebene \/ Untergalil\u00e4a und der See von Tiberias \/ Obergalil\u00e4a \/ Der Hermon und seine Tempel \/ Damaskus \/ Palmyra \/ Der Wadi Barada \/ Ba&#8217;albek. &#8211; Binding on sine and edges rubbed, inside perfect, with the views in clear impressions.<\/p>\n","protected":false},"featured_media":26567,"template":"","meta":[],"product_brand":[],"product_cat":[68,586,211,914],"product_tag":[],"class_list":{"0":"post-26565","1":"product","2":"type-product","3":"status-publish","4":"has-post-thumbnail","6":"product_cat-judaica","7":"product_cat-orient","8":"product_cat-reisebeschreibung","9":"product_cat-zvab","11":"first","12":"instock","13":"purchasable","14":"product-type-simple"},"_links":{"self":[{"href":"https:\/\/antiquariat-steinbach.com\/rarebooks\/wp-json\/wp\/v2\/product\/26565","targetHints":{"allow":["GET"]}}],"collection":[{"href":"https:\/\/antiquariat-steinbach.com\/rarebooks\/wp-json\/wp\/v2\/product"}],"about":[{"href":"https:\/\/antiquariat-steinbach.com\/rarebooks\/wp-json\/wp\/v2\/types\/product"}],"version-history":[{"count":1,"href":"https:\/\/antiquariat-steinbach.com\/rarebooks\/wp-json\/wp\/v2\/product\/26565\/revisions"}],"predecessor-version":[{"id":26566,"href":"https:\/\/antiquariat-steinbach.com\/rarebooks\/wp-json\/wp\/v2\/product\/26565\/revisions\/26566"}],"wp:featuredmedia":[{"embeddable":true,"href":"https:\/\/antiquariat-steinbach.com\/rarebooks\/wp-json\/wp\/v2\/media\/26567"}],"wp:attachment":[{"href":"https:\/\/antiquariat-steinbach.com\/rarebooks\/wp-json\/wp\/v2\/media?parent=26565"}],"wp:term":[{"taxonomy":"product_brand","embeddable":true,"href":"https:\/\/antiquariat-steinbach.com\/rarebooks\/wp-json\/wp\/v2\/product_brand?post=26565"},{"taxonomy":"product_cat","embeddable":true,"href":"https:\/\/antiquariat-steinbach.com\/rarebooks\/wp-json\/wp\/v2\/product_cat?post=26565"},{"taxonomy":"product_tag","embeddable":true,"href":"https:\/\/antiquariat-steinbach.com\/rarebooks\/wp-json\/wp\/v2\/product_tag?post=26565"}],"curies":[{"name":"wp","href":"https:\/\/api.w.org\/{rel}","templated":true}]}}