{"id":26560,"date":"2026-03-12T00:02:52","date_gmt":"2026-03-11T23:02:52","guid":{"rendered":"https:\/\/antiquariat-steinbach.com\/rarebooks\/produkt\/caricature-gabillaud-louis-le-grrrand-demenagement-de-mm-de-lhotel-de-ville-n3-album-revolutionnaire-de-1871\/"},"modified":"2026-03-12T00:02:54","modified_gmt":"2026-03-11T23:02:54","slug":"caricature-gabillaud-louis-le-grrrand-demenagement-de-mm-de-lhotel-de-ville-n3-album-revolutionnaire-de-1871","status":"publish","type":"product","link":"https:\/\/antiquariat-steinbach.com\/rarebooks\/produkt\/caricature-gabillaud-louis-le-grrrand-demenagement-de-mm-de-lhotel-de-ville-n3-album-revolutionnaire-de-1871\/","title":{"rendered":"Caricature &#8211;   Gabillaud, Louis. &#8211;  Le grrrand d\u00e9m\u00e9nagement de MM. de l&#8217;H\u00f4tel-de-Ville \/ N\u00b03. Album r\u00e9volutionnaire de 1871."},"content":{"rendered":"<p>Paris, Blot Edouard, 1871<\/p>\n<p>50 : 32 cm. Lithographie avec texte typographique.<\/p>\n<p>180,00 EUR<\/p>\n","protected":false},"excerpt":{"rendered":"<p>dessin [par] Louis Gabillaud, 26 f\u00e9vrier 1871, pr\u00e9sente les membres du Gouvernement de la defense entass\u00e9s dans une charrette que Jules Favre [.,.] &#8218;Ils \u00e9taient tellement honn\u00eates \/ Qu&#8217;ils traitaient les autr&#8217;s de filous \/ Oui, de filous \/ Bref, ils fabriqu\u00e8r&#8217;nt des boulettes \/ A rendr&#8216; les p\u00e2tissiers jaloux, Oui, jaloux \/ Mais l&#8216; jour de la d\u00e9gringolade \/ D&#8217;vait arriver (pas assez t\u00f4t); Assez t\u00f4t \/ Paris, d&#8216; une bonne ruade \/ Vient d&#8216; les envoyer \u00e0 Chaillot \/ Tous \u00e0 Chaillot \/ V&#8217;la nos vaillants d\u00e9fenseurs.\tCARICATURE &#8211; KARIKATUR, Frankreich, POLITIK, ZVAB\t1\t000\tdeu\t0000\t0\t1\t\t\t0\t0\t\t\t\tGabillaud\t0<br \/>\n\tCaricature &#8211;\tMillet, Albert.\tLa Fluxion de Bismark.\tFrance, Strauss 1870\t48 : 34 cm Lithographie originale en couleurs.\t252BB\tEUR\t40,00\t\t\t&#8218;LA FLUX DE BISMARK&#8216;; Lithographie, colori\u00e9e \u00e0 la main ; Une caricature r\u00e9versible du comte von Bismarck avec un \u00e9quipement de lavement. -Imprimer \u00e0 partir d&#8217;un ensemble de caricatures. &#8211; Avec  d\u00e9chirures sur le c\u00f4t\u00e9.\tCARICATURE &#8211; KARIKATUR, Frankreich, Politik, ZVAB\t1\t000\tdeu\t0000\t0\t1\t\t\t0\t0\t\t\t\tMillet\t0<br \/>\n\tCaricature &#8211;\tBeerbohm, Max.\tThings New and Old.\tLondon, Heinemann, 1923.\t28 : 22 cm. VIII pages, 51 (2 coloured ) mounted plates, one coloured plates signed and dated 1923. Original cloth.\t14760AB\tEUR\t75,00\t\t\tOne of 350 numbered copies, with the additinal 51st plate in colour, signed and dated by the artist. Imprint signed by the artist. The critic Beerbohm (1872-1956) was named by The Times&#8220; as &#8222;the greatest of English comic artists&#8220; and named by the critic Edmung Wilson as &#8222;the greatest..portrayer of personalities- in the history of art&#8220;. &#8211; Binding loosened, inner joints broken, binding stained, back browned.<\/p>\n","protected":false},"featured_media":26561,"template":"","meta":[],"product_brand":[],"product_cat":[44,123,86,914],"product_tag":[],"class_list":{"0":"post-26560","1":"product","2":"type-product","3":"status-publish","4":"has-post-thumbnail","6":"product_cat-english","7":"product_cat-karikatur","8":"product_cat-portraets","9":"product_cat-zvab","11":"first","12":"instock","13":"purchasable","14":"product-type-simple"},"_links":{"self":[{"href":"https:\/\/antiquariat-steinbach.com\/rarebooks\/wp-json\/wp\/v2\/product\/26560","targetHints":{"allow":["GET"]}}],"collection":[{"href":"https:\/\/antiquariat-steinbach.com\/rarebooks\/wp-json\/wp\/v2\/product"}],"about":[{"href":"https:\/\/antiquariat-steinbach.com\/rarebooks\/wp-json\/wp\/v2\/types\/product"}],"version-history":[{"count":1,"href":"https:\/\/antiquariat-steinbach.com\/rarebooks\/wp-json\/wp\/v2\/product\/26560\/revisions"}],"predecessor-version":[{"id":27643,"href":"https:\/\/antiquariat-steinbach.com\/rarebooks\/wp-json\/wp\/v2\/product\/26560\/revisions\/27643"}],"wp:featuredmedia":[{"embeddable":true,"href":"https:\/\/antiquariat-steinbach.com\/rarebooks\/wp-json\/wp\/v2\/media\/26561"}],"wp:attachment":[{"href":"https:\/\/antiquariat-steinbach.com\/rarebooks\/wp-json\/wp\/v2\/media?parent=26560"}],"wp:term":[{"taxonomy":"product_brand","embeddable":true,"href":"https:\/\/antiquariat-steinbach.com\/rarebooks\/wp-json\/wp\/v2\/product_brand?post=26560"},{"taxonomy":"product_cat","embeddable":true,"href":"https:\/\/antiquariat-steinbach.com\/rarebooks\/wp-json\/wp\/v2\/product_cat?post=26560"},{"taxonomy":"product_tag","embeddable":true,"href":"https:\/\/antiquariat-steinbach.com\/rarebooks\/wp-json\/wp\/v2\/product_tag?post=26560"}],"curies":[{"name":"wp","href":"https:\/\/api.w.org\/{rel}","templated":true}]}}