{"id":26554,"date":"2026-03-12T00:02:52","date_gmt":"2026-03-11T23:02:52","guid":{"rendered":"https:\/\/antiquariat-steinbach.com\/rarebooks\/produkt\/caricature-faustin-paris-est-bien-garde-au-loup-au-loup-prussien\/"},"modified":"2026-03-12T00:02:53","modified_gmt":"2026-03-11T23:02:53","slug":"caricature-faustin-paris-est-bien-garde-au-loup-au-loup-prussien","status":"publish","type":"product","link":"https:\/\/antiquariat-steinbach.com\/rarebooks\/produkt\/caricature-faustin-paris-est-bien-garde-au-loup-au-loup-prussien\/","title":{"rendered":"Caricature &#8211;   Faustin. &#8211;  Paris est bien Gard\u00e9. Au loup! &#8230; Au loup Prussien!&#8230;"},"content":{"rendered":"<p>Paris, 1870<\/p>\n<p>54 : 34 cm. Original lithographie.<\/p>\n<p>60,00 EUR<\/p>\n","protected":false},"excerpt":{"rendered":"<p>Faustin (Faustin Betbeder, dit) (Soissons, 1847 &#8211; vers 1914), dessinateur-lithographe. &#8211; l\u00e9g\u00e8rement froiss\u00e9 et poussi\u00e9reux.<\/p>\n","protected":false},"featured_media":26555,"template":"","meta":[],"product_brand":[],"product_cat":[859,96,190,914],"product_tag":[],"class_list":{"0":"post-26554","1":"product","2":"type-product","3":"status-publish","4":"has-post-thumbnail","6":"product_cat-caricature-karikatur","7":"product_cat-frankreich","8":"product_cat-politik","9":"product_cat-zvab","11":"first","12":"instock","13":"purchasable","14":"product-type-simple"},"_links":{"self":[{"href":"https:\/\/antiquariat-steinbach.com\/rarebooks\/wp-json\/wp\/v2\/product\/26554","targetHints":{"allow":["GET"]}}],"collection":[{"href":"https:\/\/antiquariat-steinbach.com\/rarebooks\/wp-json\/wp\/v2\/product"}],"about":[{"href":"https:\/\/antiquariat-steinbach.com\/rarebooks\/wp-json\/wp\/v2\/types\/product"}],"version-history":[{"count":1,"href":"https:\/\/antiquariat-steinbach.com\/rarebooks\/wp-json\/wp\/v2\/product\/26554\/revisions"}],"predecessor-version":[{"id":27640,"href":"https:\/\/antiquariat-steinbach.com\/rarebooks\/wp-json\/wp\/v2\/product\/26554\/revisions\/27640"}],"wp:featuredmedia":[{"embeddable":true,"href":"https:\/\/antiquariat-steinbach.com\/rarebooks\/wp-json\/wp\/v2\/media\/26555"}],"wp:attachment":[{"href":"https:\/\/antiquariat-steinbach.com\/rarebooks\/wp-json\/wp\/v2\/media?parent=26554"}],"wp:term":[{"taxonomy":"product_brand","embeddable":true,"href":"https:\/\/antiquariat-steinbach.com\/rarebooks\/wp-json\/wp\/v2\/product_brand?post=26554"},{"taxonomy":"product_cat","embeddable":true,"href":"https:\/\/antiquariat-steinbach.com\/rarebooks\/wp-json\/wp\/v2\/product_cat?post=26554"},{"taxonomy":"product_tag","embeddable":true,"href":"https:\/\/antiquariat-steinbach.com\/rarebooks\/wp-json\/wp\/v2\/product_tag?post=26554"}],"curies":[{"name":"wp","href":"https:\/\/api.w.org\/{rel}","templated":true}]}}