{"id":26552,"date":"2026-03-12T00:02:52","date_gmt":"2026-03-11T23:02:52","guid":{"rendered":"https:\/\/antiquariat-steinbach.com\/rarebooks\/produkt\/caricature-doteula-thiers-general-en-chef-des-armees-de-versailles\/"},"modified":"2026-03-12T00:02:53","modified_gmt":"2026-03-11T23:02:53","slug":"caricature-doteula-thiers-general-en-chef-des-armees-de-versailles","status":"publish","type":"product","link":"https:\/\/antiquariat-steinbach.com\/rarebooks\/produkt\/caricature-doteula-thiers-general-en-chef-des-armees-de-versailles\/","title":{"rendered":"Caricature &#8211;   Doteul,A. &#8211;  Thiers, g\u00e9n\u00e9ral en chef des arm\u00e9es de Versailles."},"content":{"rendered":"<p>Paris, Rougo freres et Corp. ca. 1870<\/p>\n<p>57 : 39 cm. Lithographie avec texte typographique.<\/p>\n<p>40,00 EUR<\/p>\n","protected":false},"excerpt":{"rendered":"<p>Bords sup\u00e9rieur et inf\u00e9rieur avec petites d\u00e9chirures.<\/p>\n","protected":false},"featured_media":26553,"template":"","meta":[],"product_brand":[],"product_cat":[859,96,190,914],"product_tag":[],"class_list":{"0":"post-26552","1":"product","2":"type-product","3":"status-publish","4":"has-post-thumbnail","6":"product_cat-caricature-karikatur","7":"product_cat-frankreich","8":"product_cat-politik","9":"product_cat-zvab","11":"first","12":"instock","13":"purchasable","14":"product-type-simple"},"_links":{"self":[{"href":"https:\/\/antiquariat-steinbach.com\/rarebooks\/wp-json\/wp\/v2\/product\/26552","targetHints":{"allow":["GET"]}}],"collection":[{"href":"https:\/\/antiquariat-steinbach.com\/rarebooks\/wp-json\/wp\/v2\/product"}],"about":[{"href":"https:\/\/antiquariat-steinbach.com\/rarebooks\/wp-json\/wp\/v2\/types\/product"}],"version-history":[{"count":1,"href":"https:\/\/antiquariat-steinbach.com\/rarebooks\/wp-json\/wp\/v2\/product\/26552\/revisions"}],"predecessor-version":[{"id":27638,"href":"https:\/\/antiquariat-steinbach.com\/rarebooks\/wp-json\/wp\/v2\/product\/26552\/revisions\/27638"}],"wp:featuredmedia":[{"embeddable":true,"href":"https:\/\/antiquariat-steinbach.com\/rarebooks\/wp-json\/wp\/v2\/media\/26553"}],"wp:attachment":[{"href":"https:\/\/antiquariat-steinbach.com\/rarebooks\/wp-json\/wp\/v2\/media?parent=26552"}],"wp:term":[{"taxonomy":"product_brand","embeddable":true,"href":"https:\/\/antiquariat-steinbach.com\/rarebooks\/wp-json\/wp\/v2\/product_brand?post=26552"},{"taxonomy":"product_cat","embeddable":true,"href":"https:\/\/antiquariat-steinbach.com\/rarebooks\/wp-json\/wp\/v2\/product_cat?post=26552"},{"taxonomy":"product_tag","embeddable":true,"href":"https:\/\/antiquariat-steinbach.com\/rarebooks\/wp-json\/wp\/v2\/product_tag?post=26552"}],"curies":[{"name":"wp","href":"https:\/\/api.w.org\/{rel}","templated":true}]}}