{"id":26548,"date":"2026-03-12T00:02:52","date_gmt":"2026-03-11T23:02:52","guid":{"rendered":"https:\/\/antiquariat-steinbach.com\/rarebooks\/produkt\/caricature-brutal-le-generalissime-et-son-etat-major-rencontre-un-obstacle-imprevu\/"},"modified":"2026-03-12T00:02:52","modified_gmt":"2026-03-11T23:02:52","slug":"caricature-brutal-le-generalissime-et-son-etat-major-rencontre-un-obstacle-imprevu","status":"publish","type":"product","link":"https:\/\/antiquariat-steinbach.com\/rarebooks\/produkt\/caricature-brutal-le-generalissime-et-son-etat-major-rencontre-un-obstacle-imprevu\/","title":{"rendered":"Caricature &#8211;   Brutal. &#8211;  Le G\u00e9n\u00e9ralissime et son \u00e9tat-major rencontre  un obstacle impr\u00e9vu."},"content":{"rendered":"<p>Paris, Deforet &#038; C\u00e9sar, 1871<\/p>\n<p>27,5 : 35,5 cm. Lithographie color\u00e9e.<\/p>\n<p>80,00 EUR<\/p>\n","protected":false},"excerpt":{"rendered":"<p>Paris, Deforet &#038; C\u00e9sar, 1871 27,5 : 35,5 cm. Lithographie color\u00e9e. 80,00 EUR<\/p>\n","protected":false},"featured_media":26549,"template":"","meta":[],"product_brand":[],"product_cat":[859,96,190,914],"product_tag":[],"class_list":{"0":"post-26548","1":"product","2":"type-product","3":"status-publish","4":"has-post-thumbnail","6":"product_cat-caricature-karikatur","7":"product_cat-frankreich","8":"product_cat-politik","9":"product_cat-zvab","11":"first","12":"instock","13":"purchasable","14":"product-type-simple"},"_links":{"self":[{"href":"https:\/\/antiquariat-steinbach.com\/rarebooks\/wp-json\/wp\/v2\/product\/26548","targetHints":{"allow":["GET"]}}],"collection":[{"href":"https:\/\/antiquariat-steinbach.com\/rarebooks\/wp-json\/wp\/v2\/product"}],"about":[{"href":"https:\/\/antiquariat-steinbach.com\/rarebooks\/wp-json\/wp\/v2\/types\/product"}],"version-history":[{"count":1,"href":"https:\/\/antiquariat-steinbach.com\/rarebooks\/wp-json\/wp\/v2\/product\/26548\/revisions"}],"predecessor-version":[{"id":27636,"href":"https:\/\/antiquariat-steinbach.com\/rarebooks\/wp-json\/wp\/v2\/product\/26548\/revisions\/27636"}],"wp:featuredmedia":[{"embeddable":true,"href":"https:\/\/antiquariat-steinbach.com\/rarebooks\/wp-json\/wp\/v2\/media\/26549"}],"wp:attachment":[{"href":"https:\/\/antiquariat-steinbach.com\/rarebooks\/wp-json\/wp\/v2\/media?parent=26548"}],"wp:term":[{"taxonomy":"product_brand","embeddable":true,"href":"https:\/\/antiquariat-steinbach.com\/rarebooks\/wp-json\/wp\/v2\/product_brand?post=26548"},{"taxonomy":"product_cat","embeddable":true,"href":"https:\/\/antiquariat-steinbach.com\/rarebooks\/wp-json\/wp\/v2\/product_cat?post=26548"},{"taxonomy":"product_tag","embeddable":true,"href":"https:\/\/antiquariat-steinbach.com\/rarebooks\/wp-json\/wp\/v2\/product_tag?post=26548"}],"curies":[{"name":"wp","href":"https:\/\/api.w.org\/{rel}","templated":true}]}}