{"id":26542,"date":"2026-03-12T00:02:50","date_gmt":"2026-03-11T23:02:50","guid":{"rendered":"https:\/\/antiquariat-steinbach.com\/rarebooks\/produkt\/caricature-anonyme-professions-de-foi-des-candidats-au-pouvoir-en-france-les-malins-chambord-les-dorleans-badinguet-la-republique\/"},"modified":"2026-03-12T00:02:51","modified_gmt":"2026-03-11T23:02:51","slug":"caricature-anonyme-professions-de-foi-des-candidats-au-pouvoir-en-france-les-malins-chambord-les-dorleans-badinguet-la-republique","status":"publish","type":"product","link":"https:\/\/antiquariat-steinbach.com\/rarebooks\/produkt\/caricature-anonyme-professions-de-foi-des-candidats-au-pouvoir-en-france-les-malins-chambord-les-dorleans-badinguet-la-republique\/","title":{"rendered":"Caricature &#8211;   Anonyme. &#8211;  Professions de foi des candidats au pouvoir en France\/Les malins\/Chambord\/Les d&#8217;Orl\u00e9ans\/Badinguet\/La R\u00e9publique."},"content":{"rendered":"<p>Paris, Puissant, 1871<\/p>\n<p>58,5 : 39,5 cm. Lithographie avec texte typographique.<\/p>\n<p>80,00 EUR<\/p>\n","protected":false},"excerpt":{"rendered":"<p>Bords sup\u00e9rieur et inf\u00e9rieur l\u00e9g\u00e8rement froiss\u00e9s.<\/p>\n","protected":false},"featured_media":26543,"template":"","meta":[],"product_brand":[],"product_cat":[859,96,190,914],"product_tag":[],"class_list":{"0":"post-26542","1":"product","2":"type-product","3":"status-publish","4":"has-post-thumbnail","6":"product_cat-caricature-karikatur","7":"product_cat-frankreich","8":"product_cat-politik","9":"product_cat-zvab","11":"first","12":"instock","13":"purchasable","14":"product-type-simple"},"_links":{"self":[{"href":"https:\/\/antiquariat-steinbach.com\/rarebooks\/wp-json\/wp\/v2\/product\/26542","targetHints":{"allow":["GET"]}}],"collection":[{"href":"https:\/\/antiquariat-steinbach.com\/rarebooks\/wp-json\/wp\/v2\/product"}],"about":[{"href":"https:\/\/antiquariat-steinbach.com\/rarebooks\/wp-json\/wp\/v2\/types\/product"}],"version-history":[{"count":1,"href":"https:\/\/antiquariat-steinbach.com\/rarebooks\/wp-json\/wp\/v2\/product\/26542\/revisions"}],"predecessor-version":[{"id":27632,"href":"https:\/\/antiquariat-steinbach.com\/rarebooks\/wp-json\/wp\/v2\/product\/26542\/revisions\/27632"}],"wp:featuredmedia":[{"embeddable":true,"href":"https:\/\/antiquariat-steinbach.com\/rarebooks\/wp-json\/wp\/v2\/media\/26543"}],"wp:attachment":[{"href":"https:\/\/antiquariat-steinbach.com\/rarebooks\/wp-json\/wp\/v2\/media?parent=26542"}],"wp:term":[{"taxonomy":"product_brand","embeddable":true,"href":"https:\/\/antiquariat-steinbach.com\/rarebooks\/wp-json\/wp\/v2\/product_brand?post=26542"},{"taxonomy":"product_cat","embeddable":true,"href":"https:\/\/antiquariat-steinbach.com\/rarebooks\/wp-json\/wp\/v2\/product_cat?post=26542"},{"taxonomy":"product_tag","embeddable":true,"href":"https:\/\/antiquariat-steinbach.com\/rarebooks\/wp-json\/wp\/v2\/product_tag?post=26542"}],"curies":[{"name":"wp","href":"https:\/\/api.w.org\/{rel}","templated":true}]}}