{"id":26519,"date":"2026-03-12T00:10:58","date_gmt":"2026-03-11T23:10:58","guid":{"rendered":"https:\/\/antiquariat-steinbach.com\/rarebooks\/produkt\/isabella-ii-reina-de-espana-du-saussois-auguste-de-biographie-populaire-9-obras-de-la-serie\/"},"modified":"2026-03-12T00:10:58","modified_gmt":"2026-03-11T23:10:58","slug":"isabella-ii-reina-de-espana-du-saussois-auguste-de-biographie-populaire-9-obras-de-la-serie","status":"publish","type":"product","link":"https:\/\/antiquariat-steinbach.com\/rarebooks\/produkt\/isabella-ii-reina-de-espana-du-saussois-auguste-de-biographie-populaire-9-obras-de-la-serie\/","title":{"rendered":"Isabella II. Reina de Espa\u00f1a &#8211;   Du Saussois, Auguste de. &#8211;  Biographie populaire 9 obras de la serie."},"content":{"rendered":"<p>Lyon, 1884 &#8211; 1889.<\/p>\n<p>17 : 13 cm. Con algun grabado de madera. Marroqui rojo rubio con el supralibros real Espa\u00f1ol en oro en la tapa frontal, filetes de oro en el lomo y las tapas, cortes dorados,  hoja preliminar en seda roja con dedicatoria en oro : &#8222;A sa majest\u00e9 la Reine Isabelle II. Hommage de son tr\u00e8s humble et tr\u00e8s respectueux serviteur Le Chavallier A. Du Saussois du Jong&#8220;<\/p>\n<p>750,00 EUR<\/p>\n","protected":false},"excerpt":{"rendered":"<p>Preciosa encuadrenac\u00edon especial y dedicadoria para la Reine Isabelle II. de Espa\u00f1a. &#8211; Contiene las biografias de celebres personas Franceses: Henir de France &#8211; Le Cardinal Guibert &#8211; De omte de Falloux &#8211; Fr\u00e8re Irlide &#8211; L&#8217;Amiral Courbet.<\/p>\n","protected":false},"featured_media":26520,"template":"","meta":[],"product_brand":[],"product_cat":[95,97,981,148,350,914],"product_tag":[],"class_list":{"0":"post-26519","1":"product","2":"type-product","3":"status-publish","4":"has-post-thumbnail","6":"product_cat-einbaende","7":"product_cat-geschichte","8":"product_cat-madrid-23","9":"product_cat-spanien","10":"product_cat-widmungsexemplar","11":"product_cat-zvab","13":"first","14":"instock","15":"purchasable","16":"product-type-simple"},"_links":{"self":[{"href":"https:\/\/antiquariat-steinbach.com\/rarebooks\/wp-json\/wp\/v2\/product\/26519","targetHints":{"allow":["GET"]}}],"collection":[{"href":"https:\/\/antiquariat-steinbach.com\/rarebooks\/wp-json\/wp\/v2\/product"}],"about":[{"href":"https:\/\/antiquariat-steinbach.com\/rarebooks\/wp-json\/wp\/v2\/types\/product"}],"version-history":[{"count":1,"href":"https:\/\/antiquariat-steinbach.com\/rarebooks\/wp-json\/wp\/v2\/product\/26519\/revisions"}],"predecessor-version":[{"id":27785,"href":"https:\/\/antiquariat-steinbach.com\/rarebooks\/wp-json\/wp\/v2\/product\/26519\/revisions\/27785"}],"wp:featuredmedia":[{"embeddable":true,"href":"https:\/\/antiquariat-steinbach.com\/rarebooks\/wp-json\/wp\/v2\/media\/26520"}],"wp:attachment":[{"href":"https:\/\/antiquariat-steinbach.com\/rarebooks\/wp-json\/wp\/v2\/media?parent=26519"}],"wp:term":[{"taxonomy":"product_brand","embeddable":true,"href":"https:\/\/antiquariat-steinbach.com\/rarebooks\/wp-json\/wp\/v2\/product_brand?post=26519"},{"taxonomy":"product_cat","embeddable":true,"href":"https:\/\/antiquariat-steinbach.com\/rarebooks\/wp-json\/wp\/v2\/product_cat?post=26519"},{"taxonomy":"product_tag","embeddable":true,"href":"https:\/\/antiquariat-steinbach.com\/rarebooks\/wp-json\/wp\/v2\/product_tag?post=26519"}],"curies":[{"name":"wp","href":"https:\/\/api.w.org\/{rel}","templated":true}]}}