{"id":26503,"date":"2026-03-12T00:12:03","date_gmt":"2026-03-11T23:12:03","guid":{"rendered":"https:\/\/antiquariat-steinbach.com\/rarebooks\/produkt\/janscha-laurenz-village-nomme-kahlenbergerdoerfel\/"},"modified":"2026-03-12T00:12:04","modified_gmt":"2026-03-11T23:12:04","slug":"janscha-laurenz-village-nomme-kahlenbergerdoerfel","status":"publish","type":"product","link":"https:\/\/antiquariat-steinbach.com\/rarebooks\/produkt\/janscha-laurenz-village-nomme-kahlenbergerdoerfel\/","title":{"rendered":"Janscha, Laurenz. &#8211;  &#8218;village nomme Kahlenbergerd\u00f6rfel&#8216;"},"content":{"rendered":"<p>Wien, ca. 1780.<\/p>\n<p>35,5 : 52 cm Farbiges Aquarell, links unten signiert &#8218;Janscha&#8216; in der Mitte bezeichnet.<\/p>\n<p>4800,00 EUR<\/p>\n","protected":false},"excerpt":{"rendered":"<p>Herrliche, detailliert ausgef\u00fchrte, fr\u00fche Ansicht des Kahlenbergerdorfes, links der m\u00e4chtige Leopoldsberg mit der Leopoldskirche, rechts das Kahlenbergerdorf mit der barocken Kirche, davor einige Pferdefuhrwerke und Bauern, rechts die Donau. Links im Hinteregrund der Kahlenberg. Sehr fein ausgef\u00fchrt. &#8211; Unter Passepartout montiert.<\/p>\n","protected":false},"featured_media":26504,"template":"","meta":[],"product_brand":[],"product_cat":[914],"product_tag":[],"class_list":{"0":"post-26503","1":"product","2":"type-product","3":"status-publish","4":"has-post-thumbnail","6":"product_cat-zvab","8":"first","9":"instock","10":"purchasable","11":"product-type-simple"},"_links":{"self":[{"href":"https:\/\/antiquariat-steinbach.com\/rarebooks\/wp-json\/wp\/v2\/product\/26503","targetHints":{"allow":["GET"]}}],"collection":[{"href":"https:\/\/antiquariat-steinbach.com\/rarebooks\/wp-json\/wp\/v2\/product"}],"about":[{"href":"https:\/\/antiquariat-steinbach.com\/rarebooks\/wp-json\/wp\/v2\/types\/product"}],"version-history":[{"count":1,"href":"https:\/\/antiquariat-steinbach.com\/rarebooks\/wp-json\/wp\/v2\/product\/26503\/revisions"}],"predecessor-version":[{"id":27788,"href":"https:\/\/antiquariat-steinbach.com\/rarebooks\/wp-json\/wp\/v2\/product\/26503\/revisions\/27788"}],"wp:featuredmedia":[{"embeddable":true,"href":"https:\/\/antiquariat-steinbach.com\/rarebooks\/wp-json\/wp\/v2\/media\/26504"}],"wp:attachment":[{"href":"https:\/\/antiquariat-steinbach.com\/rarebooks\/wp-json\/wp\/v2\/media?parent=26503"}],"wp:term":[{"taxonomy":"product_brand","embeddable":true,"href":"https:\/\/antiquariat-steinbach.com\/rarebooks\/wp-json\/wp\/v2\/product_brand?post=26503"},{"taxonomy":"product_cat","embeddable":true,"href":"https:\/\/antiquariat-steinbach.com\/rarebooks\/wp-json\/wp\/v2\/product_cat?post=26503"},{"taxonomy":"product_tag","embeddable":true,"href":"https:\/\/antiquariat-steinbach.com\/rarebooks\/wp-json\/wp\/v2\/product_tag?post=26503"}],"curies":[{"name":"wp","href":"https:\/\/api.w.org\/{rel}","templated":true}]}}