{"id":26497,"date":"2026-03-12T00:04:27","date_gmt":"2026-03-11T23:04:27","guid":{"rendered":"https:\/\/antiquariat-steinbach.com\/rarebooks\/produkt\/das-in-der-oekonomie-wohlgeuebte-frauenzimmerlehret-allerley-auf-erfahrung-bewaehrte-hausmittel-zur-gesundheitspflege-der-menschen-und-thiere-und-wie-man-im-hausstande-sein-glueck-vermehren-und-alle\/"},"modified":"2026-03-12T00:04:28","modified_gmt":"2026-03-11T23:04:28","slug":"das-in-der-oekonomie-wohlgeuebte-frauenzimmerlehret-allerley-auf-erfahrung-bewaehrte-hausmittel-zur-gesundheitspflege-der-menschen-und-thiere-und-wie-man-im-hausstande-sein-glueck-vermehren-und-alle","status":"publish","type":"product","link":"https:\/\/antiquariat-steinbach.com\/rarebooks\/produkt\/das-in-der-oekonomie-wohlgeuebte-frauenzimmerlehret-allerley-auf-erfahrung-bewaehrte-hausmittel-zur-gesundheitspflege-der-menschen-und-thiere-und-wie-man-im-hausstande-sein-glueck-vermehren-und-alle\/","title":{"rendered":"Das in der Oekonomie wohlge\u00fcbte Frauenzimmerlehret allerley auf Erfahrung bew\u00e4hrte Hausmittel zur Gesundheitspflege der Menschen und Thiere, und wie man im Hausstande sein Gl\u00fcck vermehren, und allerhand Hauskreuz vermeiden kann."},"content":{"rendered":"<p>Graz, Tr\u00f6tscher, 1804.<\/p>\n<p>18 : 12 cm. Titel, 448 Seiten. Pappband im Stil der Zeit<\/p>\n<p>650,00 EUR<\/p>\n","protected":false},"excerpt":{"rendered":"<p>\u00c4userst selten! Enth\u00e4lt Ratschl\u00e4ge f\u00fcr alle Dinge die in einem Haushalt passieren k\u00f6nnen in alphabetischer Reihenfolge von A wie Aderlass und Augenkrankheiten, \u00fcber Hunde-Oekonomie, Kinder-Behandlung, Magenbeschwerden, Pferde-, Rindvieh- und  Schafkrankheiten, einheimischer Thee, Tabakanbau u.s.w. &#8211; Gebr\u00e4unt und teils etwas fleckig.<\/p>\n","protected":false},"featured_media":0,"template":"","meta":[],"product_brand":[],"product_cat":[80,247,112,534,750,914],"product_tag":[],"class_list":{"0":"post-26497","1":"product","2":"type-product","3":"status-publish","5":"product_cat-getraenke","6":"product_cat-hausvaeterlit","7":"product_cat-kochbuecher","8":"product_cat-medizibn","9":"product_cat-vetaerinermedizin","10":"product_cat-zvab","12":"first","13":"instock","14":"purchasable","15":"product-type-simple"},"_links":{"self":[{"href":"https:\/\/antiquariat-steinbach.com\/rarebooks\/wp-json\/wp\/v2\/product\/26497","targetHints":{"allow":["GET"]}}],"collection":[{"href":"https:\/\/antiquariat-steinbach.com\/rarebooks\/wp-json\/wp\/v2\/product"}],"about":[{"href":"https:\/\/antiquariat-steinbach.com\/rarebooks\/wp-json\/wp\/v2\/types\/product"}],"version-history":[{"count":1,"href":"https:\/\/antiquariat-steinbach.com\/rarebooks\/wp-json\/wp\/v2\/product\/26497\/revisions"}],"predecessor-version":[{"id":27665,"href":"https:\/\/antiquariat-steinbach.com\/rarebooks\/wp-json\/wp\/v2\/product\/26497\/revisions\/27665"}],"wp:attachment":[{"href":"https:\/\/antiquariat-steinbach.com\/rarebooks\/wp-json\/wp\/v2\/media?parent=26497"}],"wp:term":[{"taxonomy":"product_brand","embeddable":true,"href":"https:\/\/antiquariat-steinbach.com\/rarebooks\/wp-json\/wp\/v2\/product_brand?post=26497"},{"taxonomy":"product_cat","embeddable":true,"href":"https:\/\/antiquariat-steinbach.com\/rarebooks\/wp-json\/wp\/v2\/product_cat?post=26497"},{"taxonomy":"product_tag","embeddable":true,"href":"https:\/\/antiquariat-steinbach.com\/rarebooks\/wp-json\/wp\/v2\/product_tag?post=26497"}],"curies":[{"name":"wp","href":"https:\/\/api.w.org\/{rel}","templated":true}]}}