{"id":2645,"date":"2026-03-12T00:08:13","date_gmt":"2026-03-11T23:08:13","guid":{"rendered":"http:\/\/antiquariat-steinbach.com\/rarebooks\/produkt\/das-raetsel-des-matschu\/"},"modified":"2026-03-12T00:08:13","modified_gmt":"2026-03-11T23:08:13","slug":"geographie-filchner-wilhelm-das-raetsel-des-matschu","status":"publish","type":"product","link":"https:\/\/antiquariat-steinbach.com\/rarebooks\/produkt\/geographie-filchner-wilhelm-das-raetsel-des-matschu\/","title":{"rendered":"Geographie &#8211;   Filchner, Wilhelm: &#8211;  Das R\u00e4tsel des Matschu."},"content":{"rendered":"<p>Berlin, Mittler and Sohn 1908.<\/p>\n<p>2. edition. 25 : 17,5 cm. XVII, 438 pages, 1 leaf With 3 portraits, 64 plates, some sketches and illustrations in the text and 3 folded maps. Coloured illustrated original-cloth.<\/p>\n<p>150,00 EUR<\/p>\n","protected":false},"excerpt":{"rendered":"<p>Report of a journay from the upercourse of the river Hwang-ho (called Matchu) to the head of the &#8218;Yellow River&#8216;. Important work on north-east Tibet with description of the Ngolok-nomadic tribes. Filcher himself calls the contents of the book as &#8218;a scientific exploration of north-east Tibet&#8216;. &#8211; In the original, illustrated editors binding.\tAsien, Geographie, WABP, ZVAB\t1\t000\tdeu\t0000\t0\t1\t\t\t0\t0\t\t\t\tFilcher\t1\t\tMeine Tibet-Expedition.<br \/>\n\tGeographie &#8211;  Bayern &#8211; \tDitterich, G. Ludwig:\tAchselmannstein zu Reichenhall als Alpenkurort mit Soolenb\u00e4dern, Mineralmoorb\u00e4dern, Ziegenmolke und Kr\u00e4utersaft, in topographischer, naturgeschichtlicher und medicinischer Beziehung geschildert.\tM\u00fcnchen, Kaiser 1855.\t15 : 10 cm. XI, 276 Seiten mit einer mehrfach gefalteten, lithographierten Karte. Moderner Halblederband mit R\u00fcckenvergoldung und R\u00fcckenschild.\t5468AB\tEUR\t220,00\t\t\tErste Ausgabe. &#8211; Titel verso gestempelt. &#8211; Engelmann  S. 278 f; nicht bei Lentner u. Pfister.\tBalneologie, Bayern, Deutschland, Geographie, ZVAB\t1\t000\tdeu\t0000\t0\t1\t\t\t0\t1\t\t\t\tDitterich\t1<br \/>\n\tGeographie &#8211; Amerika &#8211; \tDixon, W. Hepworth:\tNeu Amerika.\tGera, Griesbach 1874.\tNeue Ausgabe. 22,5 : 15 cm. XVI, 463 Seiten mit 8 Holzschnittafeln. Dunkelgr\u00fcner Original-Leinenband der Zeit mit R\u00fcckenvergoldung und Reliefpr\u00e4gung.\t3193AB\tEUR\t28,00\t\t\tSchildert das Leben westlich des Missouri, besonders Kansas und Utah. Behandelt eingehend die Mormonen, Qu\u00e4ker, Indianer und die soziale Stellung der Frau in den Vereinigten Staaten. Mit Ansicht von Salt Lake City. &#8211; Die letzten 30 Seiten im \u00e4u\u00dferen Rand mit Tintenfleck, vereinzelt etwas stockfleckig, Vorsatz mit Stempel, Buchblock etwas gelockert. &#8211; Vgl. Sabin 20373 (nur englische Ausgabe).\tAmerika, Geographie, Nov.11, ZVAB\t1\t000\tdeu\t0000\t0\t1\t\t\t0\t0\t\t\t\tDixon\t1\t\tNach der 7. Original-Auflage aus dem Enlischen von Richard Oberl\u00e4nder.<br \/>\n\tGeographie &#8211; Ceylon &#8211;\tSchmidt, Emil:\tCeylon.\tBerlin, Schall &#038; Grund (1897).\t18,5 : 12,5 cm. IX, 323 Seiten, 6 Blatt 39 Tafeln und 1 Karte. Illustrierter Original-Leinenband.\t1192AB\tEUR\t28,00\t\t\tEine der ersten deutschsprachigen Monographien \u00fcber die Insel.  Interessante Reisebeschreibung des Leipziger Emil Schmidt mit zahlreichen fotografischen Landschafts- und Portr\u00e4taufnahmen. &#8211; Nicht bei Engelmann.\tGeographie, ZVAB\t1\t000\tdeu\t0000\t0\t1\t\t\t0\t1\t\t\t\tSchmidt\t1<br \/>\n\tGeographie &#8211; Kolumbus &#8211; \tKolumbus, Christoph:\tEntdeckungsfahrten.\tZ\u00fcrich, Rascher 1948.\t21 : 14 cm. 327 Seiten Mit 1 Tafel, 3 Abbildungen und 3 Karten. Original-Leinenband mit illustriertem Original-Schutzumschlag.\t11797AB\tEUR\t15,00\t\t\tUmschlag etwas fleckig und wellig.\tAmerika, Geographie, ZVAB\t1\t000\tdeu\t0000\t0\t1\t\t\t0\t1\t\t\t\tKolumbus\t1\t\tReiseberichte und Briefe von der zweiten, dritten und vierten Entdeckungsfahrt nach Amerika 1495-1506.<br \/>\n\tGeography &#8211; \tJournal of Geography, The:\tChigaku-Zasshi.\tTokyo, Tokyo-Chigaku-Kyokwai 1906.\tVol. XVIII no. 208. 26 : 19 cm. With one coloured manyfolded map. Original wrappers.\t12199AB\tEUR\t60,00\t\t\tThe map is a geological map of the southern Part of Shengking Province. With articles on: &#8218;Manchuria during the military operation from 1904 to 1905&#8216;, &#8218;A sketch of eastern Taiwan&#8216;, &#8218;Hot springs of Korea&#8216;, &#8218;Freezing of Lake Suwa&#8216; etc.\tAsien, China, Geographie, ZVAB\t1\t000\tdeu\t0000\t0\t1\t\t\t0\t1\t\t\t\t\t1\t\tPublished by the Tokyo geographical Society.<br \/>\n\tGeography &#8211;\tStuaber, Anton.\tDas Studium der Geographie in und asser der Schule. Gekr\u00f6nte Preisschrift.\tAugsburg, Reichel, 1888.\t24 : 16 cm. XIV, 170 Seiten. Original-Leinenband.\t14445AB\tEUR\t18,00\t\t\t\tDeutschland, Geographie, P\u00e4dagogik, ZVAB\t1\t000\tdeu\t0000\t0\t1\t\t\t0\t0\t\t\t\t\t1<br \/>\n\tGeologie &#8211;\tGiebel, C.G:\tGaea excursoria germanica.\tLeipzig, Kummer, 1848.\t18,5 : 13 cm. X, 510 Seiten mit 24 lithographierten Tafeln. Halblederband der Zeit.\t10054AB\tEUR\t250,00\t\t\tErste Ausgabe. Christoph Geibel (1820-1888) war Sch\u00fcler von Germar und Burmeister in Halle, wo er sich 1848 f\u00fcr Paleontologie und Geologie habilitierte und 1858 Ordinarius f\u00fcr Zoologie wurde.schrieb verschiedene Werke \u00fcber Pal\u00f6\u00e4ontologie, wovon das vorliegende das seltenste ist. Er war ein angesehener Pal\u00e4ontologist und Zoologe. Die Tafeln zeigen haupts\u00e4chlich Fossile. &#8211; Titel mit kleinem Stempel, etwas fleckig. &#8211; Ward and Carozzi 912; NDB VI, 370 (zum Verfasser). Christoph Geibel (1820-1888) wrote several books on palaeontology, amongst which this is the rarest. He was a noted palaeontologist and zoologist.\tDeutschland, Geologie, Naturwissenschaft, ZVAB\t1\t000\tdeu\t0000\t0\t1\t\t\t0\t1\t\t\t\tGiebel\t1\t\tDeutschlands Geologie, Geognosie und Pal\u00e4ontologie als unentbehrlicher Leitfaden auf Excursionen und beim Selbststudium.<br \/>\n\t\tGeorg, S.A.\tCatalogue de tr\u00e9s beaux livres du XVIIIe siecle et du d\u00e9but de XIX. Imprim\u00e9s entre les ann\u00e9es 1700 &#8211; 1819.\tParis, Georg, 1931.\t28,5 : 23 cm. 81 pages, 2 leaves, 58 (7 coloured) plates. Original wrappers.\t18932AB\tEUR\t120,00\t\t\tWith an autograph letter by S.A. Georg signed and dated 1931. &#8211; Describes 175 important books. &#8211; Boards a bit dusty.\tBibliographie, Frankreich, Kataloge Kunst, ZVAB\t1\t000\tdeu\t0000\t0\t1\t\t\t0\t0\t\t\t\tGerog\t1\t\tLivres illustres &#8211; Impressions c\u00e9l\u00e9bres &#8211; impressions sur v\u00e9lin, fleurs &#8211; oiseaux &#8211; costumes.<br \/>\n\t\tG\u00e9raldy, Paul.\tDu und ich. Paris 1917.\tO.O. 1918\t24 : 16,5 cm. 26 handgeschriebene Blatt Farbige Umschlag.\t17530AB\tEUR\t40,00\t\t\tWohl Abschrift einer deutschen \u00dcbersetzung. Handschrift nach dem franz\u00f6sischen Original von Paul G\u00e9raldy (1885-1983). &#8211; Schnitt gering fleckig.\tErotika, Frankreich, Handschriften, Literatur, ZVAB\t1\t000\tdeu\t0000\t0\t1\t\t\t0\t0\t\t\t\t\t1<br \/>\n\t\tGerber, William.\tAltchristliche Kultbauten Istriens und Dalmatiens.\tDresden, K\u00fchtmann, 1912.\t30 : 22 cm. 4 leaves, 123 pages with 155 illustrations. Original half cloth.\t17330AB\tEUR\t50,00\t\t\tShows the early Christian Churches along the adriatic coast from Triest to Spoleto.\tArchitektur, Geographie, Kulturgeschichte, Theologie, ZVAB\t1\t000\tdeu\t0000\t0\t1\t\t\t0\t0\t\t\t\tGerber\t1<br \/>\n\t\tGerhardt, Claus.\tHandbuch f\u00fcr die Verwendung von Pr\u00f6geetiketten.,\tHeusenstamm, Kepler, 1966.\t23,5 : 25,5 cm. 56 pages with 25 coloured and mounted labels, partly made out of metal. Original cloth,\t17496AB\tEUR\t60,00\t\t\tAbout embossed printing with 25 samples.\t20.Jahrhundert, Druck, Technik, Technikgeschich, ZVAB\t1\t000\tdeu\t0000\t0\t1\t\t\t0\t0\t\t\t\tPr\u00e4geetiketten\t1<br \/>\n\t\tGervinus, G.G.\tGrundz\u00fcge der Historik.\tLeipzig, Engelmann, 1837.\t17 : 11 cm. 95 Seiten.\t17017AB\tEUR\t60,00\t\t\tErste Ausgabe. &#8211; In Gervinus mischen sich Elemente von Aufkl\u00e4rung und fr\u00fchliberalem Historismus&#8230;Er begr\u00fcndete die Disziplin der &#8218;Literaturgeschichte&#8216; als eine Kultur- und Sozialgeschichte und reflektierte sein Vorgehen, in Anlehnung an  Wilhlem von Humboldt die &#8218;leitende Idee&#8216; eine Epoche herauszuarbeiten, in den Grundz\u00fcgen der Historik&#8220; (Historiker Lexikon , S. 106). Gervinus war einer der &#8218;G\u00f6ttinger Sieben&#8216;. &#8211; Titelblatt und die ersten 2 Blatt mit kleinem Fleck.<\/p>\n","protected":false},"featured_media":14515,"template":"","meta":[],"product_brand":[],"product_cat":[97,59,32,102,914],"product_tag":[],"class_list":{"0":"post-2645","1":"product","2":"type-product","3":"status-publish","4":"has-post-thumbnail","6":"product_cat-geschichte","7":"product_cat-kulturgeschichte","8":"product_cat-literatur","9":"product_cat-literaturwissenschaft","10":"product_cat-zvab","12":"first","13":"instock","14":"purchasable","15":"product-type-simple"},"_links":{"self":[{"href":"https:\/\/antiquariat-steinbach.com\/rarebooks\/wp-json\/wp\/v2\/product\/2645","targetHints":{"allow":["GET"]}}],"collection":[{"href":"https:\/\/antiquariat-steinbach.com\/rarebooks\/wp-json\/wp\/v2\/product"}],"about":[{"href":"https:\/\/antiquariat-steinbach.com\/rarebooks\/wp-json\/wp\/v2\/types\/product"}],"version-history":[{"count":10,"href":"https:\/\/antiquariat-steinbach.com\/rarebooks\/wp-json\/wp\/v2\/product\/2645\/revisions"}],"predecessor-version":[{"id":28739,"href":"https:\/\/antiquariat-steinbach.com\/rarebooks\/wp-json\/wp\/v2\/product\/2645\/revisions\/28739"}],"wp:featuredmedia":[{"embeddable":true,"href":"https:\/\/antiquariat-steinbach.com\/rarebooks\/wp-json\/wp\/v2\/media\/14515"}],"wp:attachment":[{"href":"https:\/\/antiquariat-steinbach.com\/rarebooks\/wp-json\/wp\/v2\/media?parent=2645"}],"wp:term":[{"taxonomy":"product_brand","embeddable":true,"href":"https:\/\/antiquariat-steinbach.com\/rarebooks\/wp-json\/wp\/v2\/product_brand?post=2645"},{"taxonomy":"product_cat","embeddable":true,"href":"https:\/\/antiquariat-steinbach.com\/rarebooks\/wp-json\/wp\/v2\/product_cat?post=2645"},{"taxonomy":"product_tag","embeddable":true,"href":"https:\/\/antiquariat-steinbach.com\/rarebooks\/wp-json\/wp\/v2\/product_tag?post=2645"}],"curies":[{"name":"wp","href":"https:\/\/api.w.org\/{rel}","templated":true}]}}