{"id":26446,"date":"2026-03-12T00:02:35","date_gmt":"2026-03-11T23:02:35","guid":{"rendered":"https:\/\/antiquariat-steinbach.com\/rarebooks\/produkt\/brauner-fraz-august-von-der-robot-und-deren-abloesung-fuer-den-boehmischen-und-maehrischen-landmann\/"},"modified":"2026-03-12T00:02:36","modified_gmt":"2026-03-11T23:02:36","slug":"brauner-fraz-august-von-der-robot-und-deren-abloesung-fuer-den-boehmischen-und-maehrischen-landmann","status":"publish","type":"product","link":"https:\/\/antiquariat-steinbach.com\/rarebooks\/produkt\/brauner-fraz-august-von-der-robot-und-deren-abloesung-fuer-den-boehmischen-und-maehrischen-landmann\/","title":{"rendered":"Brauner, Fraz August. &#8211;  Von der Robot und deren Abl\u00f6sung f\u00fcr den b\u00f6hmischen und m\u00e4hrischen Landmann."},"content":{"rendered":"<p>Prag, Kronberger und Rziwnatz, 1848.<\/p>\n<p>18 : 11 cm. 92 Seiten, 1 Blatt. Pappband der Zeit.<\/p>\n<p>480,00 EUR<\/p>\n","protected":false},"excerpt":{"rendered":"<p>Sehr seltene erste Ausgabe. Der Verfasser Franz August Brauner (1810-1880) war Politiker und Advokat in Prag und k\u00e4mpfte in deutschen und tschechischen Schriften gegen den Robot. Robot ist die \u00fcbliche Bezeichnung f\u00fcr die im mZeitalter des Feudalismus im K\u00f6nigreich B\u00f6hmen, der Markgrafschaft M\u00e4hren und dem nach den Schleischen Kriegen vom Herzogtum Schlesien dem Haus Habsburg verbliebenen Rest (\u00d6sterreichisch-) Schlesiens von den dortigen Erbuntertanen ihren Grundherren\/Herrschaften geschuldeten Frondienste.<\/p>\n","protected":false},"featured_media":26447,"template":"","meta":[],"product_brand":[],"product_cat":[71,303,97,59,190,914],"product_tag":[],"class_list":{"0":"post-26446","1":"product","2":"type-product","3":"status-publish","4":"has-post-thumbnail","6":"product_cat-austriaca","7":"product_cat-boehmen","8":"product_cat-geschichte","9":"product_cat-kulturgeschichte","10":"product_cat-politik","11":"product_cat-zvab","13":"first","14":"instock","15":"purchasable","16":"product-type-simple"},"_links":{"self":[{"href":"https:\/\/antiquariat-steinbach.com\/rarebooks\/wp-json\/wp\/v2\/product\/26446","targetHints":{"allow":["GET"]}}],"collection":[{"href":"https:\/\/antiquariat-steinbach.com\/rarebooks\/wp-json\/wp\/v2\/product"}],"about":[{"href":"https:\/\/antiquariat-steinbach.com\/rarebooks\/wp-json\/wp\/v2\/types\/product"}],"version-history":[{"count":1,"href":"https:\/\/antiquariat-steinbach.com\/rarebooks\/wp-json\/wp\/v2\/product\/26446\/revisions"}],"predecessor-version":[{"id":27601,"href":"https:\/\/antiquariat-steinbach.com\/rarebooks\/wp-json\/wp\/v2\/product\/26446\/revisions\/27601"}],"wp:featuredmedia":[{"embeddable":true,"href":"https:\/\/antiquariat-steinbach.com\/rarebooks\/wp-json\/wp\/v2\/media\/26447"}],"wp:attachment":[{"href":"https:\/\/antiquariat-steinbach.com\/rarebooks\/wp-json\/wp\/v2\/media?parent=26446"}],"wp:term":[{"taxonomy":"product_brand","embeddable":true,"href":"https:\/\/antiquariat-steinbach.com\/rarebooks\/wp-json\/wp\/v2\/product_brand?post=26446"},{"taxonomy":"product_cat","embeddable":true,"href":"https:\/\/antiquariat-steinbach.com\/rarebooks\/wp-json\/wp\/v2\/product_cat?post=26446"},{"taxonomy":"product_tag","embeddable":true,"href":"https:\/\/antiquariat-steinbach.com\/rarebooks\/wp-json\/wp\/v2\/product_tag?post=26446"}],"curies":[{"name":"wp","href":"https:\/\/api.w.org\/{rel}","templated":true}]}}