{"id":26366,"date":"2026-03-12T00:22:22","date_gmt":"2026-03-11T23:22:22","guid":{"rendered":"https:\/\/antiquariat-steinbach.com\/rarebooks\/produkt\/schopin-henri-frederic-arrivee-de-rebecca\/"},"modified":"2026-03-12T00:22:23","modified_gmt":"2026-03-11T23:22:23","slug":"schopin-henri-frederic-arrivee-de-rebecca","status":"publish","type":"product","link":"https:\/\/antiquariat-steinbach.com\/rarebooks\/produkt\/schopin-henri-frederic-arrivee-de-rebecca\/","title":{"rendered":"Schopin, Henri Fr\u00e9d\u00e9ric. &#8211;  Arriv\u00e9e de Rebecca."},"content":{"rendered":"<p>Paris,  Goupil &#038; Vibert, ca. 1860.<\/p>\n<p>42,5 : 35 (Image) &#8211; 57,5 : 46,5 cm (paper) Original etching, title below the image.<\/p>\n<p>600,00 EUR<\/p>\n","protected":false},"excerpt":{"rendered":"<p>Beautiful oriental engraving on large paper. &#8211; Three small tears at the edges. &#8211; Rare.<\/p>\n","protected":false},"featured_media":26426,"template":"","meta":[],"product_brand":[],"product_cat":[360,153,586,914],"product_tag":[],"class_list":{"0":"post-26366","1":"product","2":"type-product","3":"status-publish","4":"has-post-thumbnail","6":"product_cat-19-jhdt","7":"product_cat-graphik","8":"product_cat-orient","9":"product_cat-zvab","11":"first","12":"instock","13":"purchasable","14":"product-type-simple"},"_links":{"self":[{"href":"https:\/\/antiquariat-steinbach.com\/rarebooks\/wp-json\/wp\/v2\/product\/26366","targetHints":{"allow":["GET"]}}],"collection":[{"href":"https:\/\/antiquariat-steinbach.com\/rarebooks\/wp-json\/wp\/v2\/product"}],"about":[{"href":"https:\/\/antiquariat-steinbach.com\/rarebooks\/wp-json\/wp\/v2\/types\/product"}],"version-history":[{"count":1,"href":"https:\/\/antiquariat-steinbach.com\/rarebooks\/wp-json\/wp\/v2\/product\/26366\/revisions"}],"predecessor-version":[{"id":26367,"href":"https:\/\/antiquariat-steinbach.com\/rarebooks\/wp-json\/wp\/v2\/product\/26366\/revisions\/26367"}],"wp:featuredmedia":[{"embeddable":true,"href":"https:\/\/antiquariat-steinbach.com\/rarebooks\/wp-json\/wp\/v2\/media\/26426"}],"wp:attachment":[{"href":"https:\/\/antiquariat-steinbach.com\/rarebooks\/wp-json\/wp\/v2\/media?parent=26366"}],"wp:term":[{"taxonomy":"product_brand","embeddable":true,"href":"https:\/\/antiquariat-steinbach.com\/rarebooks\/wp-json\/wp\/v2\/product_brand?post=26366"},{"taxonomy":"product_cat","embeddable":true,"href":"https:\/\/antiquariat-steinbach.com\/rarebooks\/wp-json\/wp\/v2\/product_cat?post=26366"},{"taxonomy":"product_tag","embeddable":true,"href":"https:\/\/antiquariat-steinbach.com\/rarebooks\/wp-json\/wp\/v2\/product_tag?post=26366"}],"curies":[{"name":"wp","href":"https:\/\/api.w.org\/{rel}","templated":true}]}}