{"id":26361,"date":"2026-03-12T00:19:00","date_gmt":"2026-03-11T23:19:00","guid":{"rendered":"https:\/\/antiquariat-steinbach.com\/rarebooks\/produkt\/poser-ernst-die-moderne-lackschrift-fuer-alle-branchen-u-fuer-jedermann-in-leicht-erlernbarer-form-entworfen\/"},"modified":"2026-03-12T00:19:02","modified_gmt":"2026-03-11T23:19:02","slug":"poser-ernst-die-moderne-lackschrift-fuer-alle-branchen-u-fuer-jedermann-in-leicht-erlernbarer-form-entworfen","status":"publish","type":"product","link":"https:\/\/antiquariat-steinbach.com\/rarebooks\/produkt\/poser-ernst-die-moderne-lackschrift-fuer-alle-branchen-u-fuer-jedermann-in-leicht-erlernbarer-form-entworfen\/","title":{"rendered":"Poser, Ernst. &#8211;  Die moderne Lackschrift. F\u00fcr alle Branchen u. f\u00fcr jedermann in leicht erlernbarer Form entworfen."},"content":{"rendered":"<p>Gera, K\u00fchnel, ca. 1930.<\/p>\n<p>4. edition. 23 : 31 cm. Titel, 2 leaves introduction, 14 leaves for practice, 14 coloured samples.<\/p>\n<p>40,00 EUR<\/p>\n","protected":false},"excerpt":{"rendered":"<p>Sample book for lettering.<\/p>\n","protected":false},"featured_media":26425,"template":"","meta":[],"product_brand":[],"product_cat":[62,914],"product_tag":[],"class_list":{"0":"post-26361","1":"product","2":"type-product","3":"status-publish","4":"has-post-thumbnail","6":"product_cat-schrift","7":"product_cat-zvab","9":"first","10":"instock","11":"purchasable","12":"product-type-simple"},"_links":{"self":[{"href":"https:\/\/antiquariat-steinbach.com\/rarebooks\/wp-json\/wp\/v2\/product\/26361","targetHints":{"allow":["GET"]}}],"collection":[{"href":"https:\/\/antiquariat-steinbach.com\/rarebooks\/wp-json\/wp\/v2\/product"}],"about":[{"href":"https:\/\/antiquariat-steinbach.com\/rarebooks\/wp-json\/wp\/v2\/types\/product"}],"version-history":[{"count":1,"href":"https:\/\/antiquariat-steinbach.com\/rarebooks\/wp-json\/wp\/v2\/product\/26361\/revisions"}],"predecessor-version":[{"id":26362,"href":"https:\/\/antiquariat-steinbach.com\/rarebooks\/wp-json\/wp\/v2\/product\/26361\/revisions\/26362"}],"wp:featuredmedia":[{"embeddable":true,"href":"https:\/\/antiquariat-steinbach.com\/rarebooks\/wp-json\/wp\/v2\/media\/26425"}],"wp:attachment":[{"href":"https:\/\/antiquariat-steinbach.com\/rarebooks\/wp-json\/wp\/v2\/media?parent=26361"}],"wp:term":[{"taxonomy":"product_brand","embeddable":true,"href":"https:\/\/antiquariat-steinbach.com\/rarebooks\/wp-json\/wp\/v2\/product_brand?post=26361"},{"taxonomy":"product_cat","embeddable":true,"href":"https:\/\/antiquariat-steinbach.com\/rarebooks\/wp-json\/wp\/v2\/product_cat?post=26361"},{"taxonomy":"product_tag","embeddable":true,"href":"https:\/\/antiquariat-steinbach.com\/rarebooks\/wp-json\/wp\/v2\/product_tag?post=26361"}],"curies":[{"name":"wp","href":"https:\/\/api.w.org\/{rel}","templated":true}]}}