{"id":26315,"date":"2026-03-12T00:24:20","date_gmt":"2026-03-11T23:24:20","guid":{"rendered":"https:\/\/antiquariat-steinbach.com\/rarebooks\/produkt\/suedtirol-weingartner-josef-die-kunstdenkmaeler-suedtirols\/"},"modified":"2026-03-12T00:24:20","modified_gmt":"2026-03-11T23:24:20","slug":"suedtirol-weingartner-josef-die-kunstdenkmaeler-suedtirols","status":"publish","type":"product","link":"https:\/\/antiquariat-steinbach.com\/rarebooks\/produkt\/suedtirol-weingartner-josef-die-kunstdenkmaeler-suedtirols\/","title":{"rendered":"S\u00fcdtirol &#8211;   Weingartner, Josef: &#8211;  Die Kunstdenkm\u00e4ler S\u00fcdtirols."},"content":{"rendered":"<p>Innsbruck, Wien, M\u00fcnchen Tyrolia 1961 &#8211; 1965<\/p>\n<p>Band 1 &#8211; 3 (von 4). 19 : 12cm. Mit 312 (8 farbigen) Tafeln mit Abbildungen und 10 Stadpl\u00e4nen. Original-Leinenb\u00e4nde mit farbig illustrierten Original-Schutzumschlag.<\/p>\n<p>40,00 EUR<\/p>\n","protected":false},"excerpt":{"rendered":"<p>Band 1: Eisacktal, Pustertal, Ladinien. &#8211; Band 2: Bozen mit Umgebung, Unterlang, Burggrafenamt, Vintschgau &#8211; Band 3: Bildband zu Band I und II. &#8211; Verschiedene Auflagen.<\/p>\n","protected":false},"featured_media":0,"template":"","meta":[],"product_brand":[],"product_cat":[65,104,59,105,207,914],"product_tag":[],"class_list":{"0":"post-26315","1":"product","2":"type-product","3":"status-publish","5":"product_cat-geographie","6":"product_cat-italien","7":"product_cat-kulturgeschichte","8":"product_cat-kunst","9":"product_cat-tirol","10":"product_cat-zvab","12":"first","13":"instock","14":"purchasable","15":"product-type-simple"},"_links":{"self":[{"href":"https:\/\/antiquariat-steinbach.com\/rarebooks\/wp-json\/wp\/v2\/product\/26315","targetHints":{"allow":["GET"]}}],"collection":[{"href":"https:\/\/antiquariat-steinbach.com\/rarebooks\/wp-json\/wp\/v2\/product"}],"about":[{"href":"https:\/\/antiquariat-steinbach.com\/rarebooks\/wp-json\/wp\/v2\/types\/product"}],"version-history":[{"count":1,"href":"https:\/\/antiquariat-steinbach.com\/rarebooks\/wp-json\/wp\/v2\/product\/26315\/revisions"}],"predecessor-version":[{"id":26316,"href":"https:\/\/antiquariat-steinbach.com\/rarebooks\/wp-json\/wp\/v2\/product\/26315\/revisions\/26316"}],"wp:attachment":[{"href":"https:\/\/antiquariat-steinbach.com\/rarebooks\/wp-json\/wp\/v2\/media?parent=26315"}],"wp:term":[{"taxonomy":"product_brand","embeddable":true,"href":"https:\/\/antiquariat-steinbach.com\/rarebooks\/wp-json\/wp\/v2\/product_brand?post=26315"},{"taxonomy":"product_cat","embeddable":true,"href":"https:\/\/antiquariat-steinbach.com\/rarebooks\/wp-json\/wp\/v2\/product_cat?post=26315"},{"taxonomy":"product_tag","embeddable":true,"href":"https:\/\/antiquariat-steinbach.com\/rarebooks\/wp-json\/wp\/v2\/product_tag?post=26315"}],"curies":[{"name":"wp","href":"https:\/\/api.w.org\/{rel}","templated":true}]}}