{"id":2631,"date":"2026-03-12T00:06:30","date_gmt":"2026-03-11T23:06:30","guid":{"rendered":"http:\/\/antiquariat-steinbach.com\/rarebooks\/produkt\/fest-rede-vom-leben-des-geistes\/"},"modified":"2026-03-12T00:06:32","modified_gmt":"2026-03-11T23:06:32","slug":"feuchtersleben-hartmann-ph-e-fest-rede-vom-leben-des-geistes","status":"publish","type":"product","link":"https:\/\/antiquariat-steinbach.com\/rarebooks\/produkt\/feuchtersleben-hartmann-ph-e-fest-rede-vom-leben-des-geistes\/","title":{"rendered":"Feuchtersleben &#8211;   Hartmann, Ph.E. &#8211;  Fest-Rede vom Leben des Geistes."},"content":{"rendered":"<p>Wien, Gerold, 1846.<\/p>\n<p>17,5 : 11 cm. 60 Seiten.<\/p>\n<p>80,00 EUR<\/p>\n","protected":false},"excerpt":{"rendered":"<p>Erste Ausgabe. &#8211; &#8218;Seinen H\u00f6rern widmet diese Schrift als Vorschule und Erg\u00e4nzug zur \u00e4rztlichen Seelenkunde&#8216;.<\/p>\n","protected":false},"featured_media":16651,"template":"","meta":[],"product_brand":[],"product_cat":[59,32,179,187,914],"product_tag":[],"class_list":{"0":"post-2631","1":"product","2":"type-product","3":"status-publish","4":"has-post-thumbnail","6":"product_cat-kulturgeschichte","7":"product_cat-literatur","8":"product_cat-medizin","9":"product_cat-philosophie","10":"product_cat-zvab","12":"first","13":"instock","14":"purchasable","15":"product-type-simple"},"_links":{"self":[{"href":"https:\/\/antiquariat-steinbach.com\/rarebooks\/wp-json\/wp\/v2\/product\/2631","targetHints":{"allow":["GET"]}}],"collection":[{"href":"https:\/\/antiquariat-steinbach.com\/rarebooks\/wp-json\/wp\/v2\/product"}],"about":[{"href":"https:\/\/antiquariat-steinbach.com\/rarebooks\/wp-json\/wp\/v2\/types\/product"}],"version-history":[{"count":3,"href":"https:\/\/antiquariat-steinbach.com\/rarebooks\/wp-json\/wp\/v2\/product\/2631\/revisions"}],"predecessor-version":[{"id":19353,"href":"https:\/\/antiquariat-steinbach.com\/rarebooks\/wp-json\/wp\/v2\/product\/2631\/revisions\/19353"}],"wp:featuredmedia":[{"embeddable":true,"href":"https:\/\/antiquariat-steinbach.com\/rarebooks\/wp-json\/wp\/v2\/media\/16651"}],"wp:attachment":[{"href":"https:\/\/antiquariat-steinbach.com\/rarebooks\/wp-json\/wp\/v2\/media?parent=2631"}],"wp:term":[{"taxonomy":"product_brand","embeddable":true,"href":"https:\/\/antiquariat-steinbach.com\/rarebooks\/wp-json\/wp\/v2\/product_brand?post=2631"},{"taxonomy":"product_cat","embeddable":true,"href":"https:\/\/antiquariat-steinbach.com\/rarebooks\/wp-json\/wp\/v2\/product_cat?post=2631"},{"taxonomy":"product_tag","embeddable":true,"href":"https:\/\/antiquariat-steinbach.com\/rarebooks\/wp-json\/wp\/v2\/product_tag?post=2631"}],"curies":[{"name":"wp","href":"https:\/\/api.w.org\/{rel}","templated":true}]}}